{"id":25820,"date":"2024-11-13T13:33:05","date_gmt":"2024-11-13T11:33:05","guid":{"rendered":"https:\/\/ckl.fi\/?page_id=25820"},"modified":"2024-11-13T13:33:05","modified_gmt":"2024-11-13T11:33:05","slug":"after-tattoo-removal","status":"publish","type":"page","link":"https:\/\/ckl.fi\/en\/after-tattoo-removal\/","title":{"rendered":"After tattoo removal"},"content":{"rendered":"<h1>After tattoo removal<\/h1>\n<p>The protective cover should be removed 3-4 hours after the treatment.<\/p>\n<p>The tattoo removal site is an open wound, so it must be kept clean and aired. The treated area should be moisturized 4-6 times a day until it has fully healed and the skin is no longer broken or scabbed. The area should be cleaned under running water each time before applying new ointment. Suitable ointments include white petroleum jelly, Helosan, and Bepanthen.<\/p>\n<p>A scab will often form on the treated area, which should not be scratched or picked off. If the area itches, do not scratch. Itching can be relieved with 0.5-1% hydrocortisone cream or by gently pressing the area. Laserat cream, designed for post-laser treatment symptoms, quickly reduces swelling, itching, and burning.<\/p>\n<p>It is completely normal for blisters to form on the area during the first few days. If the area is painful, you may take pain relievers that contain paracetamol as the active ingredient. Ibuprofen or aspirin (acetylsalicylic acid) may cause unnecessary bruising or bleeding in the area.<\/p>\n<p>The area should be protected from the sun\/UV rays for about a month after the treatment.<\/p>\n<p>Swimming and sauna use should be avoided for 1-2 weeks. Showering can be done as soon as 2 hours after the procedure. However, the water should not be directed straight onto the treated area, and the area should not be soaked in a bath until it is fully healed.<\/p>\n<p>If you experience fever, pus, excessive swelling, or strong warmth in the treated area after a week, please contact our clinic.<\/p>\n","protected":false},"excerpt":{"rendered":"<p>After tattoo removal The protective cover should be removed 3-4 hours after the treatment. The tattoo removal site is an open wound, so it must be kept clean and aired. The treated area should be moisturized 4-6 times a day until it has fully healed and the skin is no longer broken or scabbed. The [&hellip;]<\/p>\n","protected":false},"author":1,"featured_media":0,"parent":0,"menu_order":0,"comment_status":"closed","ping_status":"closed","template":"","meta":{"_acf_changed":false,"inline_featured_image":false,"footnotes":""},"class_list":["post-25820","page","type-page","status-publish","hentry"],"acf":[],"yoast_head":"<!-- This site is optimized with the Yoast SEO plugin v25.6 - https:\/\/yoast.com\/wordpress\/plugins\/seo\/ -->\n<title>Kotihoito-ohje | Tatuoinnin poisto - Cityklinikka, 0201 777 288<\/title>\n<meta name=\"description\" content=\"Tatuoinnin poisto QX MAX -laserilla. Lue t\u00e4\u00e4lt\u00e4 kotihoito-ohjeet. Toipuminen helpottuu ohjeita noudattamalla. Cityklinikka Helsinki ja Turku, 0201 777 288.\" \/>\n<meta name=\"robots\" content=\"index, follow, max-snippet:-1, max-image-preview:large, max-video-preview:-1\" \/>\n<link rel=\"canonical\" href=\"https:\/\/ckl.fi\/en\/after-tattoo-removal\/\" \/>\n<meta property=\"og:locale\" content=\"en_US\" \/>\n<meta property=\"og:type\" content=\"article\" \/>\n<meta property=\"og:title\" content=\"Kotihoito-ohje | Tatuoinnin poisto - Cityklinikka, 0201 777 288\" \/>\n<meta property=\"og:description\" content=\"Tatuoinnin poisto QX MAX -laserilla. Lue t\u00e4\u00e4lt\u00e4 kotihoito-ohjeet. Toipuminen helpottuu ohjeita noudattamalla. Cityklinikka Helsinki ja Turku, 0201 777 288.\" \/>\n<meta property=\"og:url\" content=\"https:\/\/ckl.fi\/en\/after-tattoo-removal\/\" \/>\n<meta property=\"og:site_name\" content=\"Cityklinikka\" \/>\n<meta property=\"article:publisher\" content=\"https:\/\/www.facebook.com\/Klinikka\" \/>\n<meta property=\"og:image\" content=\"https:\/\/ckl.fi\/wp-content\/uploads\/2017\/12\/cropped-CITYKLINIKKA-neli\u00f6.jpg\" \/>\n\t<meta property=\"og:image:width\" content=\"512\" \/>\n\t<meta property=\"og:image:height\" content=\"512\" \/>\n\t<meta property=\"og:image:type\" content=\"image\/jpeg\" \/>\n<meta name=\"twitter:card\" content=\"summary_large_image\" \/>\n<meta name=\"twitter:site\" content=\"@cityklinikka\" \/>\n<meta name=\"twitter:label1\" content=\"Est. reading time\" \/>\n\t<meta name=\"twitter:data1\" content=\"2 minutes\" \/>\n<script type=\"application\/ld+json\" class=\"yoast-schema-graph\">{\"@context\":\"https:\/\/schema.org\",\"@graph\":[{\"@type\":\"WebPage\",\"@id\":\"https:\/\/ckl.fi\/en\/after-tattoo-removal\/\",\"url\":\"https:\/\/ckl.fi\/en\/after-tattoo-removal\/\",\"name\":\"Kotihoito-ohje | Tatuoinnin poisto - Cityklinikka, 0201 777 288\",\"isPartOf\":{\"@id\":\"https:\/\/ckl.fi\/#website\"},\"datePublished\":\"2024-11-13T11:33:05+00:00\",\"description\":\"Tatuoinnin poisto QX MAX -laserilla. Lue t\u00e4\u00e4lt\u00e4 kotihoito-ohjeet. Toipuminen helpottuu ohjeita noudattamalla. Cityklinikka Helsinki ja Turku, 0201 777 288.\",\"breadcrumb\":{\"@id\":\"https:\/\/ckl.fi\/en\/after-tattoo-removal\/#breadcrumb\"},\"inLanguage\":\"en-US\",\"potentialAction\":[{\"@type\":\"ReadAction\",\"target\":[\"https:\/\/ckl.fi\/en\/after-tattoo-removal\/\"]}]},{\"@type\":\"BreadcrumbList\",\"@id\":\"https:\/\/ckl.fi\/en\/after-tattoo-removal\/#breadcrumb\",\"itemListElement\":[{\"@type\":\"ListItem\",\"position\":1,\"name\":\"Home\",\"item\":\"https:\/\/ckl.fi\/en\/\"},{\"@type\":\"ListItem\",\"position\":2,\"name\":\"After tattoo removal\"}]},{\"@type\":\"WebSite\",\"@id\":\"https:\/\/ckl.fi\/#website\",\"url\":\"https:\/\/ckl.fi\/\",\"name\":\"Cityklinikka\",\"description\":\"Esteettiset hoidot\",\"potentialAction\":[{\"@type\":\"SearchAction\",\"target\":{\"@type\":\"EntryPoint\",\"urlTemplate\":\"https:\/\/ckl.fi\/?s={search_term_string}\"},\"query-input\":{\"@type\":\"PropertyValueSpecification\",\"valueRequired\":true,\"valueName\":\"search_term_string\"}}],\"inLanguage\":\"en-US\"}]}<\/script>\n<!-- \/ Yoast SEO plugin. -->","yoast_head_json":{"title":"Kotihoito-ohje | Tatuoinnin poisto - Cityklinikka, 0201 777 288","description":"Tatuoinnin poisto QX MAX -laserilla. Lue t\u00e4\u00e4lt\u00e4 kotihoito-ohjeet. Toipuminen helpottuu ohjeita noudattamalla. Cityklinikka Helsinki ja Turku, 0201 777 288.","robots":{"index":"index","follow":"follow","max-snippet":"max-snippet:-1","max-image-preview":"max-image-preview:large","max-video-preview":"max-video-preview:-1"},"canonical":"https:\/\/ckl.fi\/en\/after-tattoo-removal\/","og_locale":"en_US","og_type":"article","og_title":"Kotihoito-ohje | Tatuoinnin poisto - Cityklinikka, 0201 777 288","og_description":"Tatuoinnin poisto QX MAX -laserilla. Lue t\u00e4\u00e4lt\u00e4 kotihoito-ohjeet. Toipuminen helpottuu ohjeita noudattamalla. Cityklinikka Helsinki ja Turku, 0201 777 288.","og_url":"https:\/\/ckl.fi\/en\/after-tattoo-removal\/","og_site_name":"Cityklinikka","article_publisher":"https:\/\/www.facebook.com\/Klinikka","og_image":[{"width":512,"height":512,"url":"https:\/\/ckl.fi\/wp-content\/uploads\/2017\/12\/cropped-CITYKLINIKKA-neli\u00f6.jpg","type":"image\/jpeg"}],"twitter_card":"summary_large_image","twitter_site":"@cityklinikka","twitter_misc":{"Est. reading time":"2 minutes"},"schema":{"@context":"https:\/\/schema.org","@graph":[{"@type":"WebPage","@id":"https:\/\/ckl.fi\/en\/after-tattoo-removal\/","url":"https:\/\/ckl.fi\/en\/after-tattoo-removal\/","name":"Kotihoito-ohje | Tatuoinnin poisto - Cityklinikka, 0201 777 288","isPartOf":{"@id":"https:\/\/ckl.fi\/#website"},"datePublished":"2024-11-13T11:33:05+00:00","description":"Tatuoinnin poisto QX MAX -laserilla. Lue t\u00e4\u00e4lt\u00e4 kotihoito-ohjeet. Toipuminen helpottuu ohjeita noudattamalla. Cityklinikka Helsinki ja Turku, 0201 777 288.","breadcrumb":{"@id":"https:\/\/ckl.fi\/en\/after-tattoo-removal\/#breadcrumb"},"inLanguage":"en-US","potentialAction":[{"@type":"ReadAction","target":["https:\/\/ckl.fi\/en\/after-tattoo-removal\/"]}]},{"@type":"BreadcrumbList","@id":"https:\/\/ckl.fi\/en\/after-tattoo-removal\/#breadcrumb","itemListElement":[{"@type":"ListItem","position":1,"name":"Home","item":"https:\/\/ckl.fi\/en\/"},{"@type":"ListItem","position":2,"name":"After tattoo removal"}]},{"@type":"WebSite","@id":"https:\/\/ckl.fi\/#website","url":"https:\/\/ckl.fi\/","name":"Cityklinikka","description":"Esteettiset hoidot","potentialAction":[{"@type":"SearchAction","target":{"@type":"EntryPoint","urlTemplate":"https:\/\/ckl.fi\/?s={search_term_string}"},"query-input":{"@type":"PropertyValueSpecification","valueRequired":true,"valueName":"search_term_string"}}],"inLanguage":"en-US"}]}},"_links":{"self":[{"href":"https:\/\/ckl.fi\/en\/wp-json\/wp\/v2\/pages\/25820","targetHints":{"allow":["GET"]}}],"collection":[{"href":"https:\/\/ckl.fi\/en\/wp-json\/wp\/v2\/pages"}],"about":[{"href":"https:\/\/ckl.fi\/en\/wp-json\/wp\/v2\/types\/page"}],"author":[{"embeddable":true,"href":"https:\/\/ckl.fi\/en\/wp-json\/wp\/v2\/users\/1"}],"replies":[{"embeddable":true,"href":"https:\/\/ckl.fi\/en\/wp-json\/wp\/v2\/comments?post=25820"}],"version-history":[{"count":2,"href":"https:\/\/ckl.fi\/en\/wp-json\/wp\/v2\/pages\/25820\/revisions"}],"predecessor-version":[{"id":25824,"href":"https:\/\/ckl.fi\/en\/wp-json\/wp\/v2\/pages\/25820\/revisions\/25824"}],"wp:attachment":[{"href":"https:\/\/ckl.fi\/en\/wp-json\/wp\/v2\/media?parent=25820"}],"curies":[{"name":"wp","href":"https:\/\/api.w.org\/{rel}","templated":true}]}}