{"id":24304,"date":"2024-04-09T15:25:45","date_gmt":"2024-04-09T12:25:45","guid":{"rendered":"https:\/\/ckl.fi\/?page_id=24304"},"modified":"2024-04-09T15:25:45","modified_gmt":"2024-04-09T12:25:45","slug":"before-body-jet-or-bodytite-liposuction","status":"publish","type":"page","link":"https:\/\/ckl.fi\/en\/before-body-jet-or-bodytite-liposuction\/","title":{"rendered":"Before Body-Jet or BodyTite liposuction"},"content":{"rendered":"<h1>Before Body-Jet or BodyTite liposuction<\/h1>\n<ul>\n<li>If you fall ill, contact our clinic staff to discuss whether the procedure can be performed.<\/li>\n<li>Procedures in the inner thigh area are not performed during menstruation.<\/li>\n<li>You can eat, drink, and move normally before coming in for the procedure.<\/li>\n<li>Alcohol should not be consumed for at least two days before the procedure.<\/li>\n<li>Inform the clinic in advance about any medications you are taking.<\/li>\n<li>Remove nail polish from both fingers and toes before the procedure.<\/li>\n<li>Also, remove all jewelry and piercings.<\/li>\n<li>Avoid blood-thinning medications for a week before the procedure. Such medications include, for example, Marevan, Burana, and Aspirin. Discuss with your doctor before stopping any medication.<\/li>\n<li>Stop using omega-3 and fish oil products a week before the procedure.<\/li>\n<li>Permitted pain relievers before and after the procedure include medications containing paracetamol, such as Para-Tabs, Panadol, Panacod.<\/li>\n<li>Bring any support stockings, supportive bras, etc., with you when you arrive for the procedure.<\/li>\n<li>We recommend starting lymphatic therapy before the procedure and continuing it after the procedure according to the instructions of the medical staff.<\/li>\n<li>You can contact the clinic with any questions related to the procedure, at phone number 0201 777 288.<\/li>\n<\/ul>\n","protected":false},"excerpt":{"rendered":"<p>Before Body-Jet or BodyTite liposuction If you fall ill, contact our clinic staff to discuss whether the procedure can be performed. Procedures in the inner thigh area are not performed during menstruation. You can eat, drink, and move normally before coming in for the procedure. Alcohol should not be consumed for at least two days [&hellip;]<\/p>\n","protected":false},"author":1,"featured_media":0,"parent":0,"menu_order":0,"comment_status":"closed","ping_status":"closed","template":"","meta":{"_acf_changed":false,"inline_featured_image":false,"footnotes":""},"class_list":["post-24304","page","type-page","status-publish","hentry"],"acf":[],"yoast_head":"<!-- This site is optimized with the Yoast SEO plugin v25.6 - https:\/\/yoast.com\/wordpress\/plugins\/seo\/ -->\n<title>Kotihoito-ohje | Ennen rasvaimua- Cityklinikka, 0201 777 288<\/title>\n<meta name=\"description\" content=\"BodyTite-rasvaimu Helsingiss\u00e4. Body-Jet-rasvaimu Helsingiss\u00e4 ja Turussa. Valmistaudu rasvaimuun n\u00e4in. Lis\u00e4tiedot: 0201 777 288.\" \/>\n<meta name=\"robots\" content=\"index, follow, max-snippet:-1, max-image-preview:large, max-video-preview:-1\" \/>\n<link rel=\"canonical\" href=\"https:\/\/ckl.fi\/en\/before-body-jet-or-bodytite-liposuction\/\" \/>\n<meta property=\"og:locale\" content=\"en_US\" \/>\n<meta property=\"og:type\" content=\"article\" \/>\n<meta property=\"og:title\" content=\"Kotihoito-ohje | Ennen rasvaimua- Cityklinikka, 0201 777 288\" \/>\n<meta property=\"og:description\" content=\"BodyTite-rasvaimu Helsingiss\u00e4. Body-Jet-rasvaimu Helsingiss\u00e4 ja Turussa. Valmistaudu rasvaimuun n\u00e4in. Lis\u00e4tiedot: 0201 777 288.\" \/>\n<meta property=\"og:url\" content=\"https:\/\/ckl.fi\/en\/before-body-jet-or-bodytite-liposuction\/\" \/>\n<meta property=\"og:site_name\" content=\"Cityklinikka\" \/>\n<meta property=\"article:publisher\" content=\"https:\/\/www.facebook.com\/Klinikka\" \/>\n<meta property=\"og:image\" content=\"https:\/\/ckl.fi\/wp-content\/uploads\/2017\/12\/cropped-CITYKLINIKKA-neli\u00f6.jpg\" \/>\n\t<meta property=\"og:image:width\" content=\"512\" \/>\n\t<meta property=\"og:image:height\" content=\"512\" \/>\n\t<meta property=\"og:image:type\" content=\"image\/jpeg\" \/>\n<meta name=\"twitter:card\" content=\"summary_large_image\" \/>\n<meta name=\"twitter:site\" content=\"@cityklinikka\" \/>\n<meta name=\"twitter:label1\" content=\"Est. reading time\" \/>\n\t<meta name=\"twitter:data1\" content=\"2 minutes\" \/>\n<script type=\"application\/ld+json\" class=\"yoast-schema-graph\">{\"@context\":\"https:\/\/schema.org\",\"@graph\":[{\"@type\":\"WebPage\",\"@id\":\"https:\/\/ckl.fi\/en\/before-body-jet-or-bodytite-liposuction\/\",\"url\":\"https:\/\/ckl.fi\/en\/before-body-jet-or-bodytite-liposuction\/\",\"name\":\"Kotihoito-ohje | Ennen rasvaimua- Cityklinikka, 0201 777 288\",\"isPartOf\":{\"@id\":\"https:\/\/ckl.fi\/#website\"},\"datePublished\":\"2024-04-09T12:25:45+00:00\",\"description\":\"BodyTite-rasvaimu Helsingiss\u00e4. Body-Jet-rasvaimu Helsingiss\u00e4 ja Turussa. Valmistaudu rasvaimuun n\u00e4in. Lis\u00e4tiedot: 0201 777 288.\",\"breadcrumb\":{\"@id\":\"https:\/\/ckl.fi\/en\/before-body-jet-or-bodytite-liposuction\/#breadcrumb\"},\"inLanguage\":\"en-US\",\"potentialAction\":[{\"@type\":\"ReadAction\",\"target\":[\"https:\/\/ckl.fi\/en\/before-body-jet-or-bodytite-liposuction\/\"]}]},{\"@type\":\"BreadcrumbList\",\"@id\":\"https:\/\/ckl.fi\/en\/before-body-jet-or-bodytite-liposuction\/#breadcrumb\",\"itemListElement\":[{\"@type\":\"ListItem\",\"position\":1,\"name\":\"Home\",\"item\":\"https:\/\/ckl.fi\/en\/\"},{\"@type\":\"ListItem\",\"position\":2,\"name\":\"Before Body-Jet or BodyTite liposuction\"}]},{\"@type\":\"WebSite\",\"@id\":\"https:\/\/ckl.fi\/#website\",\"url\":\"https:\/\/ckl.fi\/\",\"name\":\"Cityklinikka\",\"description\":\"Esteettiset hoidot\",\"potentialAction\":[{\"@type\":\"SearchAction\",\"target\":{\"@type\":\"EntryPoint\",\"urlTemplate\":\"https:\/\/ckl.fi\/?s={search_term_string}\"},\"query-input\":{\"@type\":\"PropertyValueSpecification\",\"valueRequired\":true,\"valueName\":\"search_term_string\"}}],\"inLanguage\":\"en-US\"}]}<\/script>\n<!-- \/ Yoast SEO plugin. -->","yoast_head_json":{"title":"Kotihoito-ohje | Ennen rasvaimua- Cityklinikka, 0201 777 288","description":"BodyTite-rasvaimu Helsingiss\u00e4. Body-Jet-rasvaimu Helsingiss\u00e4 ja Turussa. Valmistaudu rasvaimuun n\u00e4in. Lis\u00e4tiedot: 0201 777 288.","robots":{"index":"index","follow":"follow","max-snippet":"max-snippet:-1","max-image-preview":"max-image-preview:large","max-video-preview":"max-video-preview:-1"},"canonical":"https:\/\/ckl.fi\/en\/before-body-jet-or-bodytite-liposuction\/","og_locale":"en_US","og_type":"article","og_title":"Kotihoito-ohje | Ennen rasvaimua- Cityklinikka, 0201 777 288","og_description":"BodyTite-rasvaimu Helsingiss\u00e4. Body-Jet-rasvaimu Helsingiss\u00e4 ja Turussa. Valmistaudu rasvaimuun n\u00e4in. Lis\u00e4tiedot: 0201 777 288.","og_url":"https:\/\/ckl.fi\/en\/before-body-jet-or-bodytite-liposuction\/","og_site_name":"Cityklinikka","article_publisher":"https:\/\/www.facebook.com\/Klinikka","og_image":[{"width":512,"height":512,"url":"https:\/\/ckl.fi\/wp-content\/uploads\/2017\/12\/cropped-CITYKLINIKKA-neli\u00f6.jpg","type":"image\/jpeg"}],"twitter_card":"summary_large_image","twitter_site":"@cityklinikka","twitter_misc":{"Est. reading time":"2 minutes"},"schema":{"@context":"https:\/\/schema.org","@graph":[{"@type":"WebPage","@id":"https:\/\/ckl.fi\/en\/before-body-jet-or-bodytite-liposuction\/","url":"https:\/\/ckl.fi\/en\/before-body-jet-or-bodytite-liposuction\/","name":"Kotihoito-ohje | Ennen rasvaimua- Cityklinikka, 0201 777 288","isPartOf":{"@id":"https:\/\/ckl.fi\/#website"},"datePublished":"2024-04-09T12:25:45+00:00","description":"BodyTite-rasvaimu Helsingiss\u00e4. Body-Jet-rasvaimu Helsingiss\u00e4 ja Turussa. Valmistaudu rasvaimuun n\u00e4in. Lis\u00e4tiedot: 0201 777 288.","breadcrumb":{"@id":"https:\/\/ckl.fi\/en\/before-body-jet-or-bodytite-liposuction\/#breadcrumb"},"inLanguage":"en-US","potentialAction":[{"@type":"ReadAction","target":["https:\/\/ckl.fi\/en\/before-body-jet-or-bodytite-liposuction\/"]}]},{"@type":"BreadcrumbList","@id":"https:\/\/ckl.fi\/en\/before-body-jet-or-bodytite-liposuction\/#breadcrumb","itemListElement":[{"@type":"ListItem","position":1,"name":"Home","item":"https:\/\/ckl.fi\/en\/"},{"@type":"ListItem","position":2,"name":"Before Body-Jet or BodyTite liposuction"}]},{"@type":"WebSite","@id":"https:\/\/ckl.fi\/#website","url":"https:\/\/ckl.fi\/","name":"Cityklinikka","description":"Esteettiset hoidot","potentialAction":[{"@type":"SearchAction","target":{"@type":"EntryPoint","urlTemplate":"https:\/\/ckl.fi\/?s={search_term_string}"},"query-input":{"@type":"PropertyValueSpecification","valueRequired":true,"valueName":"search_term_string"}}],"inLanguage":"en-US"}]}},"_links":{"self":[{"href":"https:\/\/ckl.fi\/en\/wp-json\/wp\/v2\/pages\/24304","targetHints":{"allow":["GET"]}}],"collection":[{"href":"https:\/\/ckl.fi\/en\/wp-json\/wp\/v2\/pages"}],"about":[{"href":"https:\/\/ckl.fi\/en\/wp-json\/wp\/v2\/types\/page"}],"author":[{"embeddable":true,"href":"https:\/\/ckl.fi\/en\/wp-json\/wp\/v2\/users\/1"}],"replies":[{"embeddable":true,"href":"https:\/\/ckl.fi\/en\/wp-json\/wp\/v2\/comments?post=24304"}],"version-history":[{"count":2,"href":"https:\/\/ckl.fi\/en\/wp-json\/wp\/v2\/pages\/24304\/revisions"}],"predecessor-version":[{"id":24308,"href":"https:\/\/ckl.fi\/en\/wp-json\/wp\/v2\/pages\/24304\/revisions\/24308"}],"wp:attachment":[{"href":"https:\/\/ckl.fi\/en\/wp-json\/wp\/v2\/media?parent=24304"}],"curies":[{"name":"wp","href":"https:\/\/api.w.org\/{rel}","templated":true}]}}