{"id":24297,"date":"2024-04-09T15:24:01","date_gmt":"2024-04-09T12:24:01","guid":{"rendered":"https:\/\/ckl.fi\/?page_id=24297"},"modified":"2024-04-09T15:24:01","modified_gmt":"2024-04-09T12:24:01","slug":"after-bodytite-or-body-jet-liposuction","status":"publish","type":"page","link":"https:\/\/ckl.fi\/en\/after-bodytite-or-body-jet-liposuction\/","title":{"rendered":"After BodyTite or Body-Jet liposuction"},"content":{"rendered":"<h1>After BodyTite or Body-Jet liposuction<\/h1>\n<ul>\n<li>After the procedure, dressings are applied to the suture sites. These dressings should be removed twenty-four hours after the procedure. Do not apply new patches to the suture sites if the wounds are not bleeding.<\/li>\n<li>You can shower twenty-four hours after the procedure. Fluid may leak from the suture sites for a couple of days, even to the extent of soaking clothes. This is entirely normal.<\/li>\n<li>The stitches will be removed one week after the procedure. Before coming in for stitch removal, the suture sites should be washed at home more thoroughly and for longer than usual. This makes removing the stitches easier.<\/li>\n<li>Redness at the suture site is normal and is caused by the suction performed in the area.<\/li>\n<li>Compression garments should be worn for six weeks. The first three weeks, wear them twenty-two hours a day, and the next three weeks, wear them twelve hours a day.<\/li>\n<li>Pain levels vary from person to person. If you experience pain, you can take pain medication as instructed.<\/li>\n<li>It is good to treat swelling with lymphatic therapy. We recommend lymphatic treatment before and after the procedure, according to the doctor&#8217;s instructions.<\/li>\n<li>For bruise treatment, we recommend Arnizen\u2122 Cream Gel bruise gel.<\/li>\n<li>Permitted pain relievers after the procedure include Panadol, Paraceon, Paratabs, and Panacod, among others.<\/li>\n<li>There may be slightly harder areas on the treated area, which disappear from the area in about eight weeks.<\/li>\n<li>The removal of hard spots can be facilitated by TiteFx treatment, which can be done as early as four weeks after the procedure. Treatment is recommended in a series of 3-5 sessions.<\/li>\n<li>Preliminary results are visible in just a few days. The final result is visible 1-3 months later.<\/li>\n<li>If you have any questions regarding aftercare or any other matter, call 0201 777 288.<\/li>\n<li>If the pain and swelling in the treated area increase, if the fever rises above 38 degrees Celsius, or if your general condition deteriorates, call the emergency number 0400 955 350.<\/li>\n<\/ul>\n","protected":false},"excerpt":{"rendered":"<p>After BodyTite or Body-Jet liposuction After the procedure, dressings are applied to the suture sites. These dressings should be removed twenty-four hours after the procedure. Do not apply new patches to the suture sites if the wounds are not bleeding. You can shower twenty-four hours after the procedure. Fluid may leak from the suture sites [&hellip;]<\/p>\n","protected":false},"author":1,"featured_media":0,"parent":0,"menu_order":0,"comment_status":"closed","ping_status":"closed","template":"","meta":{"_acf_changed":false,"inline_featured_image":false,"footnotes":""},"class_list":["post-24297","page","type-page","status-publish","hentry"],"acf":[],"yoast_head":"<!-- This site is optimized with the Yoast SEO plugin v25.6 - https:\/\/yoast.com\/wordpress\/plugins\/seo\/ -->\n<title>Kotihoito-ohje | Rasvaimun j\u00e4lkeen - Cityklinikka, 0201 777 288<\/title>\n<meta name=\"description\" content=\"Rasvaimu Helsingiss\u00e4 ja Turussa. Noudata n\u00e4it\u00e4 ohjeita rasvaimun j\u00e4lkeen, niin tulokset ovat halutunlaisia. Lis\u00e4tiedot: 0201 777 288.\" \/>\n<meta name=\"robots\" content=\"index, follow, max-snippet:-1, max-image-preview:large, max-video-preview:-1\" \/>\n<link rel=\"canonical\" href=\"https:\/\/ckl.fi\/en\/after-bodytite-or-body-jet-liposuction\/\" \/>\n<meta property=\"og:locale\" content=\"en_US\" \/>\n<meta property=\"og:type\" content=\"article\" \/>\n<meta property=\"og:title\" content=\"Kotihoito-ohje | Rasvaimun j\u00e4lkeen - Cityklinikka, 0201 777 288\" \/>\n<meta property=\"og:description\" content=\"Rasvaimu Helsingiss\u00e4 ja Turussa. Noudata n\u00e4it\u00e4 ohjeita rasvaimun j\u00e4lkeen, niin tulokset ovat halutunlaisia. Lis\u00e4tiedot: 0201 777 288.\" \/>\n<meta property=\"og:url\" content=\"https:\/\/ckl.fi\/en\/after-bodytite-or-body-jet-liposuction\/\" \/>\n<meta property=\"og:site_name\" content=\"Cityklinikka\" \/>\n<meta property=\"article:publisher\" content=\"https:\/\/www.facebook.com\/Klinikka\" \/>\n<meta property=\"og:image\" content=\"https:\/\/ckl.fi\/wp-content\/uploads\/2017\/12\/cropped-CITYKLINIKKA-neli\u00f6.jpg\" \/>\n\t<meta property=\"og:image:width\" content=\"512\" \/>\n\t<meta property=\"og:image:height\" content=\"512\" \/>\n\t<meta property=\"og:image:type\" content=\"image\/jpeg\" \/>\n<meta name=\"twitter:card\" content=\"summary_large_image\" \/>\n<meta name=\"twitter:site\" content=\"@cityklinikka\" \/>\n<meta name=\"twitter:label1\" content=\"Est. reading time\" \/>\n\t<meta name=\"twitter:data1\" content=\"3 minutes\" \/>\n<script type=\"application\/ld+json\" class=\"yoast-schema-graph\">{\"@context\":\"https:\/\/schema.org\",\"@graph\":[{\"@type\":\"WebPage\",\"@id\":\"https:\/\/ckl.fi\/en\/after-bodytite-or-body-jet-liposuction\/\",\"url\":\"https:\/\/ckl.fi\/en\/after-bodytite-or-body-jet-liposuction\/\",\"name\":\"Kotihoito-ohje | Rasvaimun j\u00e4lkeen - Cityklinikka, 0201 777 288\",\"isPartOf\":{\"@id\":\"https:\/\/ckl.fi\/#website\"},\"datePublished\":\"2024-04-09T12:24:01+00:00\",\"description\":\"Rasvaimu Helsingiss\u00e4 ja Turussa. Noudata n\u00e4it\u00e4 ohjeita rasvaimun j\u00e4lkeen, niin tulokset ovat halutunlaisia. Lis\u00e4tiedot: 0201 777 288.\",\"breadcrumb\":{\"@id\":\"https:\/\/ckl.fi\/en\/after-bodytite-or-body-jet-liposuction\/#breadcrumb\"},\"inLanguage\":\"en-US\",\"potentialAction\":[{\"@type\":\"ReadAction\",\"target\":[\"https:\/\/ckl.fi\/en\/after-bodytite-or-body-jet-liposuction\/\"]}]},{\"@type\":\"BreadcrumbList\",\"@id\":\"https:\/\/ckl.fi\/en\/after-bodytite-or-body-jet-liposuction\/#breadcrumb\",\"itemListElement\":[{\"@type\":\"ListItem\",\"position\":1,\"name\":\"Home\",\"item\":\"https:\/\/ckl.fi\/en\/\"},{\"@type\":\"ListItem\",\"position\":2,\"name\":\"After BodyTite or Body-Jet liposuction\"}]},{\"@type\":\"WebSite\",\"@id\":\"https:\/\/ckl.fi\/#website\",\"url\":\"https:\/\/ckl.fi\/\",\"name\":\"Cityklinikka\",\"description\":\"Esteettiset hoidot\",\"potentialAction\":[{\"@type\":\"SearchAction\",\"target\":{\"@type\":\"EntryPoint\",\"urlTemplate\":\"https:\/\/ckl.fi\/?s={search_term_string}\"},\"query-input\":{\"@type\":\"PropertyValueSpecification\",\"valueRequired\":true,\"valueName\":\"search_term_string\"}}],\"inLanguage\":\"en-US\"}]}<\/script>\n<!-- \/ Yoast SEO plugin. -->","yoast_head_json":{"title":"Kotihoito-ohje | Rasvaimun j\u00e4lkeen - Cityklinikka, 0201 777 288","description":"Rasvaimu Helsingiss\u00e4 ja Turussa. Noudata n\u00e4it\u00e4 ohjeita rasvaimun j\u00e4lkeen, niin tulokset ovat halutunlaisia. Lis\u00e4tiedot: 0201 777 288.","robots":{"index":"index","follow":"follow","max-snippet":"max-snippet:-1","max-image-preview":"max-image-preview:large","max-video-preview":"max-video-preview:-1"},"canonical":"https:\/\/ckl.fi\/en\/after-bodytite-or-body-jet-liposuction\/","og_locale":"en_US","og_type":"article","og_title":"Kotihoito-ohje | Rasvaimun j\u00e4lkeen - Cityklinikka, 0201 777 288","og_description":"Rasvaimu Helsingiss\u00e4 ja Turussa. Noudata n\u00e4it\u00e4 ohjeita rasvaimun j\u00e4lkeen, niin tulokset ovat halutunlaisia. Lis\u00e4tiedot: 0201 777 288.","og_url":"https:\/\/ckl.fi\/en\/after-bodytite-or-body-jet-liposuction\/","og_site_name":"Cityklinikka","article_publisher":"https:\/\/www.facebook.com\/Klinikka","og_image":[{"width":512,"height":512,"url":"https:\/\/ckl.fi\/wp-content\/uploads\/2017\/12\/cropped-CITYKLINIKKA-neli\u00f6.jpg","type":"image\/jpeg"}],"twitter_card":"summary_large_image","twitter_site":"@cityklinikka","twitter_misc":{"Est. reading time":"3 minutes"},"schema":{"@context":"https:\/\/schema.org","@graph":[{"@type":"WebPage","@id":"https:\/\/ckl.fi\/en\/after-bodytite-or-body-jet-liposuction\/","url":"https:\/\/ckl.fi\/en\/after-bodytite-or-body-jet-liposuction\/","name":"Kotihoito-ohje | Rasvaimun j\u00e4lkeen - Cityklinikka, 0201 777 288","isPartOf":{"@id":"https:\/\/ckl.fi\/#website"},"datePublished":"2024-04-09T12:24:01+00:00","description":"Rasvaimu Helsingiss\u00e4 ja Turussa. Noudata n\u00e4it\u00e4 ohjeita rasvaimun j\u00e4lkeen, niin tulokset ovat halutunlaisia. Lis\u00e4tiedot: 0201 777 288.","breadcrumb":{"@id":"https:\/\/ckl.fi\/en\/after-bodytite-or-body-jet-liposuction\/#breadcrumb"},"inLanguage":"en-US","potentialAction":[{"@type":"ReadAction","target":["https:\/\/ckl.fi\/en\/after-bodytite-or-body-jet-liposuction\/"]}]},{"@type":"BreadcrumbList","@id":"https:\/\/ckl.fi\/en\/after-bodytite-or-body-jet-liposuction\/#breadcrumb","itemListElement":[{"@type":"ListItem","position":1,"name":"Home","item":"https:\/\/ckl.fi\/en\/"},{"@type":"ListItem","position":2,"name":"After BodyTite or Body-Jet liposuction"}]},{"@type":"WebSite","@id":"https:\/\/ckl.fi\/#website","url":"https:\/\/ckl.fi\/","name":"Cityklinikka","description":"Esteettiset hoidot","potentialAction":[{"@type":"SearchAction","target":{"@type":"EntryPoint","urlTemplate":"https:\/\/ckl.fi\/?s={search_term_string}"},"query-input":{"@type":"PropertyValueSpecification","valueRequired":true,"valueName":"search_term_string"}}],"inLanguage":"en-US"}]}},"_links":{"self":[{"href":"https:\/\/ckl.fi\/en\/wp-json\/wp\/v2\/pages\/24297","targetHints":{"allow":["GET"]}}],"collection":[{"href":"https:\/\/ckl.fi\/en\/wp-json\/wp\/v2\/pages"}],"about":[{"href":"https:\/\/ckl.fi\/en\/wp-json\/wp\/v2\/types\/page"}],"author":[{"embeddable":true,"href":"https:\/\/ckl.fi\/en\/wp-json\/wp\/v2\/users\/1"}],"replies":[{"embeddable":true,"href":"https:\/\/ckl.fi\/en\/wp-json\/wp\/v2\/comments?post=24297"}],"version-history":[{"count":3,"href":"https:\/\/ckl.fi\/en\/wp-json\/wp\/v2\/pages\/24297\/revisions"}],"predecessor-version":[{"id":24300,"href":"https:\/\/ckl.fi\/en\/wp-json\/wp\/v2\/pages\/24297\/revisions\/24300"}],"wp:attachment":[{"href":"https:\/\/ckl.fi\/en\/wp-json\/wp\/v2\/media?parent=24297"}],"curies":[{"name":"wp","href":"https:\/\/api.w.org\/{rel}","templated":true}]}}