{"id":24289,"date":"2024-04-09T15:14:48","date_gmt":"2024-04-09T12:14:48","guid":{"rendered":"https:\/\/ckl.fi\/?page_id=24289"},"modified":"2024-04-09T15:14:48","modified_gmt":"2024-04-09T12:14:48","slug":"after-mesotherapy","status":"publish","type":"page","link":"https:\/\/ckl.fi\/en\/after-mesotherapy\/","title":{"rendered":"After mesotherapy"},"content":{"rendered":"<h2>After mesotherapy<\/h2>\n<p>After mesotherapy, the treated area may experience the following transient side effects:<\/p>\n<ul>\n<li>Mild redness<\/li>\n<li>Bruising<\/li>\n<li>Swelling<\/li>\n<li>Tenderness<\/li>\n<li>Itching<\/li>\n<li>Tingling<\/li>\n<\/ul>\n<p>All of these are common post-mesotherapy reactions. They are temporary and usually disappear within a few days. If symptoms persist or other symptoms occur, contact the practitioner. Avoid touching the treated area for the first six hours. After that, you can gently wash the area with water and cleansing products.<\/p>\n<p>Light makeup can be applied to the treatment area immediately after the procedure. Do not use organic cosmetics in the first few days. Avoid exposing the treated area to heat (solarium, sauna, direct sunlight) or excessive cold until swelling and redness have subsided.<\/p>\n<p>If you have had shingles (herpes zoster) in the past, mesotherapy treatment may cause it to recur.<\/p>\n<p>Medications containing acetylsalicylic acid (e.g., aspirin) and some herbal products may increase the appearance of bruising or bleeding. Meso-Arnizen gel is recommended for the treatment of bruising, swelling, and other symptoms.<\/p>\n<p>Mesotherapy treatment works best as a series of treatments. In this case, the treatment is done three times at intervals of 7-14 days. The results of the series treatment can be maintained by performing one treatment each time the seasons change.<\/p>\n","protected":false},"excerpt":{"rendered":"<p>After mesotherapy After mesotherapy, the treated area may experience the following transient side effects: Mild redness Bruising Swelling Tenderness Itching Tingling All of these are common post-mesotherapy reactions. They are temporary and usually disappear within a few days. If symptoms persist or other symptoms occur, contact the practitioner. Avoid touching the treated area for the [&hellip;]<\/p>\n","protected":false},"author":1,"featured_media":0,"parent":0,"menu_order":0,"comment_status":"closed","ping_status":"closed","template":"","meta":{"_acf_changed":false,"inline_featured_image":false,"footnotes":""},"class_list":["post-24289","page","type-page","status-publish","hentry"],"acf":[],"yoast_head":"<!-- This site is optimized with the Yoast SEO plugin v25.6 - https:\/\/yoast.com\/wordpress\/plugins\/seo\/ -->\n<title>Kotihoito-ohje | Mesoterapia - Cityklinikka, 0201 777 288<\/title>\n<meta name=\"description\" content=\"Mesoterapian j\u00e4lkeen noudatetaan kotihoito-ohjeita. Kysy lis\u00e4\u00e4 mesoterapiasta: info@cityklinikka.fi - 0201 777 288. Cityklinikka.\" \/>\n<meta name=\"robots\" content=\"index, follow, max-snippet:-1, max-image-preview:large, max-video-preview:-1\" \/>\n<link rel=\"canonical\" href=\"https:\/\/ckl.fi\/en\/after-mesotherapy\/\" \/>\n<meta property=\"og:locale\" content=\"en_US\" \/>\n<meta property=\"og:type\" content=\"article\" \/>\n<meta property=\"og:title\" content=\"Kotihoito-ohje | Mesoterapia - Cityklinikka, 0201 777 288\" \/>\n<meta property=\"og:description\" content=\"Mesoterapian j\u00e4lkeen noudatetaan kotihoito-ohjeita. Kysy lis\u00e4\u00e4 mesoterapiasta: info@cityklinikka.fi - 0201 777 288. Cityklinikka.\" \/>\n<meta property=\"og:url\" content=\"https:\/\/ckl.fi\/en\/after-mesotherapy\/\" \/>\n<meta property=\"og:site_name\" content=\"Cityklinikka\" \/>\n<meta property=\"article:publisher\" content=\"https:\/\/www.facebook.com\/Klinikka\" \/>\n<meta property=\"og:image\" content=\"https:\/\/ckl.fi\/wp-content\/uploads\/2017\/12\/cropped-CITYKLINIKKA-neli\u00f6.jpg\" \/>\n\t<meta property=\"og:image:width\" content=\"512\" \/>\n\t<meta property=\"og:image:height\" content=\"512\" \/>\n\t<meta property=\"og:image:type\" content=\"image\/jpeg\" \/>\n<meta name=\"twitter:card\" content=\"summary_large_image\" \/>\n<meta name=\"twitter:site\" content=\"@cityklinikka\" \/>\n<meta name=\"twitter:label1\" content=\"Est. reading time\" \/>\n\t<meta name=\"twitter:data1\" content=\"2 minutes\" \/>\n<script type=\"application\/ld+json\" class=\"yoast-schema-graph\">{\"@context\":\"https:\/\/schema.org\",\"@graph\":[{\"@type\":\"WebPage\",\"@id\":\"https:\/\/ckl.fi\/en\/after-mesotherapy\/\",\"url\":\"https:\/\/ckl.fi\/en\/after-mesotherapy\/\",\"name\":\"Kotihoito-ohje | Mesoterapia - Cityklinikka, 0201 777 288\",\"isPartOf\":{\"@id\":\"https:\/\/ckl.fi\/#website\"},\"datePublished\":\"2024-04-09T12:14:48+00:00\",\"description\":\"Mesoterapian j\u00e4lkeen noudatetaan kotihoito-ohjeita. Kysy lis\u00e4\u00e4 mesoterapiasta: info@cityklinikka.fi - 0201 777 288. Cityklinikka.\",\"breadcrumb\":{\"@id\":\"https:\/\/ckl.fi\/en\/after-mesotherapy\/#breadcrumb\"},\"inLanguage\":\"en-US\",\"potentialAction\":[{\"@type\":\"ReadAction\",\"target\":[\"https:\/\/ckl.fi\/en\/after-mesotherapy\/\"]}]},{\"@type\":\"BreadcrumbList\",\"@id\":\"https:\/\/ckl.fi\/en\/after-mesotherapy\/#breadcrumb\",\"itemListElement\":[{\"@type\":\"ListItem\",\"position\":1,\"name\":\"Home\",\"item\":\"https:\/\/ckl.fi\/en\/\"},{\"@type\":\"ListItem\",\"position\":2,\"name\":\"After mesotherapy\"}]},{\"@type\":\"WebSite\",\"@id\":\"https:\/\/ckl.fi\/#website\",\"url\":\"https:\/\/ckl.fi\/\",\"name\":\"Cityklinikka\",\"description\":\"Esteettiset hoidot\",\"potentialAction\":[{\"@type\":\"SearchAction\",\"target\":{\"@type\":\"EntryPoint\",\"urlTemplate\":\"https:\/\/ckl.fi\/?s={search_term_string}\"},\"query-input\":{\"@type\":\"PropertyValueSpecification\",\"valueRequired\":true,\"valueName\":\"search_term_string\"}}],\"inLanguage\":\"en-US\"}]}<\/script>\n<!-- \/ Yoast SEO plugin. -->","yoast_head_json":{"title":"Kotihoito-ohje | Mesoterapia - Cityklinikka, 0201 777 288","description":"Mesoterapian j\u00e4lkeen noudatetaan kotihoito-ohjeita. Kysy lis\u00e4\u00e4 mesoterapiasta: info@cityklinikka.fi - 0201 777 288. Cityklinikka.","robots":{"index":"index","follow":"follow","max-snippet":"max-snippet:-1","max-image-preview":"max-image-preview:large","max-video-preview":"max-video-preview:-1"},"canonical":"https:\/\/ckl.fi\/en\/after-mesotherapy\/","og_locale":"en_US","og_type":"article","og_title":"Kotihoito-ohje | Mesoterapia - Cityklinikka, 0201 777 288","og_description":"Mesoterapian j\u00e4lkeen noudatetaan kotihoito-ohjeita. Kysy lis\u00e4\u00e4 mesoterapiasta: info@cityklinikka.fi - 0201 777 288. Cityklinikka.","og_url":"https:\/\/ckl.fi\/en\/after-mesotherapy\/","og_site_name":"Cityklinikka","article_publisher":"https:\/\/www.facebook.com\/Klinikka","og_image":[{"width":512,"height":512,"url":"https:\/\/ckl.fi\/wp-content\/uploads\/2017\/12\/cropped-CITYKLINIKKA-neli\u00f6.jpg","type":"image\/jpeg"}],"twitter_card":"summary_large_image","twitter_site":"@cityklinikka","twitter_misc":{"Est. reading time":"2 minutes"},"schema":{"@context":"https:\/\/schema.org","@graph":[{"@type":"WebPage","@id":"https:\/\/ckl.fi\/en\/after-mesotherapy\/","url":"https:\/\/ckl.fi\/en\/after-mesotherapy\/","name":"Kotihoito-ohje | Mesoterapia - Cityklinikka, 0201 777 288","isPartOf":{"@id":"https:\/\/ckl.fi\/#website"},"datePublished":"2024-04-09T12:14:48+00:00","description":"Mesoterapian j\u00e4lkeen noudatetaan kotihoito-ohjeita. Kysy lis\u00e4\u00e4 mesoterapiasta: info@cityklinikka.fi - 0201 777 288. Cityklinikka.","breadcrumb":{"@id":"https:\/\/ckl.fi\/en\/after-mesotherapy\/#breadcrumb"},"inLanguage":"en-US","potentialAction":[{"@type":"ReadAction","target":["https:\/\/ckl.fi\/en\/after-mesotherapy\/"]}]},{"@type":"BreadcrumbList","@id":"https:\/\/ckl.fi\/en\/after-mesotherapy\/#breadcrumb","itemListElement":[{"@type":"ListItem","position":1,"name":"Home","item":"https:\/\/ckl.fi\/en\/"},{"@type":"ListItem","position":2,"name":"After mesotherapy"}]},{"@type":"WebSite","@id":"https:\/\/ckl.fi\/#website","url":"https:\/\/ckl.fi\/","name":"Cityklinikka","description":"Esteettiset hoidot","potentialAction":[{"@type":"SearchAction","target":{"@type":"EntryPoint","urlTemplate":"https:\/\/ckl.fi\/?s={search_term_string}"},"query-input":{"@type":"PropertyValueSpecification","valueRequired":true,"valueName":"search_term_string"}}],"inLanguage":"en-US"}]}},"_links":{"self":[{"href":"https:\/\/ckl.fi\/en\/wp-json\/wp\/v2\/pages\/24289","targetHints":{"allow":["GET"]}}],"collection":[{"href":"https:\/\/ckl.fi\/en\/wp-json\/wp\/v2\/pages"}],"about":[{"href":"https:\/\/ckl.fi\/en\/wp-json\/wp\/v2\/types\/page"}],"author":[{"embeddable":true,"href":"https:\/\/ckl.fi\/en\/wp-json\/wp\/v2\/users\/1"}],"replies":[{"embeddable":true,"href":"https:\/\/ckl.fi\/en\/wp-json\/wp\/v2\/comments?post=24289"}],"version-history":[{"count":3,"href":"https:\/\/ckl.fi\/en\/wp-json\/wp\/v2\/pages\/24289\/revisions"}],"predecessor-version":[{"id":24294,"href":"https:\/\/ckl.fi\/en\/wp-json\/wp\/v2\/pages\/24289\/revisions\/24294"}],"wp:attachment":[{"href":"https:\/\/ckl.fi\/en\/wp-json\/wp\/v2\/media?parent=24289"}],"curies":[{"name":"wp","href":"https:\/\/api.w.org\/{rel}","templated":true}]}}