{"id":24258,"date":"2024-04-08T13:21:39","date_gmt":"2024-04-08T10:21:39","guid":{"rendered":"https:\/\/ckl.fi\/?page_id=24258"},"modified":"2024-04-08T13:21:39","modified_gmt":"2024-04-08T10:21:39","slug":"after-skinbooster-treatment","status":"publish","type":"page","link":"https:\/\/ckl.fi\/en\/after-skinbooster-treatment\/","title":{"rendered":"After Skinbooster treatment"},"content":{"rendered":"<h1>After Skinbooster Treatment<\/h1>\n<p>After a skinbooster treatment, the treated area may experience the following temporary side effects:<\/p>\n<ul>\n<li>mild redness<\/li>\n<li>bruising<\/li>\n<li>swelling<\/li>\n<li>tenderness<\/li>\n<li>itchiness<\/li>\n<li>tightness<\/li>\n<\/ul>\n<p>All of these are common reactions after injections and are usually temporary, disappearing within a few days. If the symptoms persist or other symptoms arise, please contact the provider of the treatment. Avoid touching the treated area for the first six hours. Afterward, you can gently cleanse the area with water and cleansing products.<br \/>\nYou can apply light makeup to the treatment area immediately after the procedure. Avoid using organic cosmetics in the first few days. Do not expose the treated area to heat (tanning beds, sauna, direct sunlight) or excessive cold until the swelling and redness have subsided.<\/p>\n<p>If you have had a cold sore before, needle punctures may trigger a recurrence. Medications containing acetylsalicylic acid (e.g., aspirin) and some herbal products may increase bruising or bleeding at the injection site. Meso-Arnizen gel is recommended for the treatment of bruises, swelling, and other symptoms.<\/p>\n<p>Skinbooster treatment works best as a series of treatments. In this case, the treatment is performed three times every 7\u201314 days. Results can be maintained by undergoing one skinbooster treatment whenever the seasons change.<\/p>\n","protected":false},"excerpt":{"rendered":"<p>After Skinbooster Treatment After a skinbooster treatment, the treated area may experience the following temporary side effects: mild redness bruising swelling tenderness itchiness tightness All of these are common reactions after injections and are usually temporary, disappearing within a few days. If the symptoms persist or other symptoms arise, please contact the provider of the [&hellip;]<\/p>\n","protected":false},"author":1,"featured_media":0,"parent":0,"menu_order":0,"comment_status":"closed","ping_status":"closed","template":"","meta":{"_acf_changed":false,"inline_featured_image":false,"footnotes":""},"class_list":["post-24258","page","type-page","status-publish","hentry"],"acf":[],"yoast_head":"<!-- This site is optimized with the Yoast SEO plugin v25.6 - https:\/\/yoast.com\/wordpress\/plugins\/seo\/ -->\n<title>Kotihoito-ohje | Skinbooster-hoito - Cityklinikka, 0201 777 288<\/title>\n<meta name=\"description\" content=\"Hoida ihoasi oikein skinbooster-hoidon j\u00e4lkeen. Skinbooster-hoito kaikissa Cityklinikan toimipaikoissa. Kysy lis\u00e4\u00e4: 0201 777 288.\" \/>\n<meta name=\"robots\" content=\"index, follow, max-snippet:-1, max-image-preview:large, max-video-preview:-1\" \/>\n<link rel=\"canonical\" href=\"https:\/\/ckl.fi\/en\/after-skinbooster-treatment\/\" \/>\n<meta property=\"og:locale\" content=\"en_US\" \/>\n<meta property=\"og:type\" content=\"article\" \/>\n<meta property=\"og:title\" content=\"Kotihoito-ohje | Skinbooster-hoito - Cityklinikka, 0201 777 288\" \/>\n<meta property=\"og:description\" content=\"Hoida ihoasi oikein skinbooster-hoidon j\u00e4lkeen. Skinbooster-hoito kaikissa Cityklinikan toimipaikoissa. Kysy lis\u00e4\u00e4: 0201 777 288.\" \/>\n<meta property=\"og:url\" content=\"https:\/\/ckl.fi\/en\/after-skinbooster-treatment\/\" \/>\n<meta property=\"og:site_name\" content=\"Cityklinikka\" \/>\n<meta property=\"article:publisher\" content=\"https:\/\/www.facebook.com\/Klinikka\" \/>\n<meta property=\"og:image\" content=\"https:\/\/ckl.fi\/wp-content\/uploads\/2017\/12\/cropped-CITYKLINIKKA-neli\u00f6.jpg\" \/>\n\t<meta property=\"og:image:width\" content=\"512\" \/>\n\t<meta property=\"og:image:height\" content=\"512\" \/>\n\t<meta property=\"og:image:type\" content=\"image\/jpeg\" \/>\n<meta name=\"twitter:card\" content=\"summary_large_image\" \/>\n<meta name=\"twitter:site\" content=\"@cityklinikka\" \/>\n<meta name=\"twitter:label1\" content=\"Est. reading time\" \/>\n\t<meta name=\"twitter:data1\" content=\"1 minute\" \/>\n<script type=\"application\/ld+json\" class=\"yoast-schema-graph\">{\"@context\":\"https:\/\/schema.org\",\"@graph\":[{\"@type\":\"WebPage\",\"@id\":\"https:\/\/ckl.fi\/en\/after-skinbooster-treatment\/\",\"url\":\"https:\/\/ckl.fi\/en\/after-skinbooster-treatment\/\",\"name\":\"Kotihoito-ohje | Skinbooster-hoito - Cityklinikka, 0201 777 288\",\"isPartOf\":{\"@id\":\"https:\/\/ckl.fi\/#website\"},\"datePublished\":\"2024-04-08T10:21:39+00:00\",\"description\":\"Hoida ihoasi oikein skinbooster-hoidon j\u00e4lkeen. Skinbooster-hoito kaikissa Cityklinikan toimipaikoissa. Kysy lis\u00e4\u00e4: 0201 777 288.\",\"breadcrumb\":{\"@id\":\"https:\/\/ckl.fi\/en\/after-skinbooster-treatment\/#breadcrumb\"},\"inLanguage\":\"en-US\",\"potentialAction\":[{\"@type\":\"ReadAction\",\"target\":[\"https:\/\/ckl.fi\/en\/after-skinbooster-treatment\/\"]}]},{\"@type\":\"BreadcrumbList\",\"@id\":\"https:\/\/ckl.fi\/en\/after-skinbooster-treatment\/#breadcrumb\",\"itemListElement\":[{\"@type\":\"ListItem\",\"position\":1,\"name\":\"Home\",\"item\":\"https:\/\/ckl.fi\/en\/\"},{\"@type\":\"ListItem\",\"position\":2,\"name\":\"After Skinbooster treatment\"}]},{\"@type\":\"WebSite\",\"@id\":\"https:\/\/ckl.fi\/#website\",\"url\":\"https:\/\/ckl.fi\/\",\"name\":\"Cityklinikka\",\"description\":\"Esteettiset hoidot\",\"potentialAction\":[{\"@type\":\"SearchAction\",\"target\":{\"@type\":\"EntryPoint\",\"urlTemplate\":\"https:\/\/ckl.fi\/?s={search_term_string}\"},\"query-input\":{\"@type\":\"PropertyValueSpecification\",\"valueRequired\":true,\"valueName\":\"search_term_string\"}}],\"inLanguage\":\"en-US\"}]}<\/script>\n<!-- \/ Yoast SEO plugin. -->","yoast_head_json":{"title":"Kotihoito-ohje | Skinbooster-hoito - Cityklinikka, 0201 777 288","description":"Hoida ihoasi oikein skinbooster-hoidon j\u00e4lkeen. Skinbooster-hoito kaikissa Cityklinikan toimipaikoissa. Kysy lis\u00e4\u00e4: 0201 777 288.","robots":{"index":"index","follow":"follow","max-snippet":"max-snippet:-1","max-image-preview":"max-image-preview:large","max-video-preview":"max-video-preview:-1"},"canonical":"https:\/\/ckl.fi\/en\/after-skinbooster-treatment\/","og_locale":"en_US","og_type":"article","og_title":"Kotihoito-ohje | Skinbooster-hoito - Cityklinikka, 0201 777 288","og_description":"Hoida ihoasi oikein skinbooster-hoidon j\u00e4lkeen. Skinbooster-hoito kaikissa Cityklinikan toimipaikoissa. Kysy lis\u00e4\u00e4: 0201 777 288.","og_url":"https:\/\/ckl.fi\/en\/after-skinbooster-treatment\/","og_site_name":"Cityklinikka","article_publisher":"https:\/\/www.facebook.com\/Klinikka","og_image":[{"width":512,"height":512,"url":"https:\/\/ckl.fi\/wp-content\/uploads\/2017\/12\/cropped-CITYKLINIKKA-neli\u00f6.jpg","type":"image\/jpeg"}],"twitter_card":"summary_large_image","twitter_site":"@cityklinikka","twitter_misc":{"Est. reading time":"1 minute"},"schema":{"@context":"https:\/\/schema.org","@graph":[{"@type":"WebPage","@id":"https:\/\/ckl.fi\/en\/after-skinbooster-treatment\/","url":"https:\/\/ckl.fi\/en\/after-skinbooster-treatment\/","name":"Kotihoito-ohje | Skinbooster-hoito - Cityklinikka, 0201 777 288","isPartOf":{"@id":"https:\/\/ckl.fi\/#website"},"datePublished":"2024-04-08T10:21:39+00:00","description":"Hoida ihoasi oikein skinbooster-hoidon j\u00e4lkeen. Skinbooster-hoito kaikissa Cityklinikan toimipaikoissa. Kysy lis\u00e4\u00e4: 0201 777 288.","breadcrumb":{"@id":"https:\/\/ckl.fi\/en\/after-skinbooster-treatment\/#breadcrumb"},"inLanguage":"en-US","potentialAction":[{"@type":"ReadAction","target":["https:\/\/ckl.fi\/en\/after-skinbooster-treatment\/"]}]},{"@type":"BreadcrumbList","@id":"https:\/\/ckl.fi\/en\/after-skinbooster-treatment\/#breadcrumb","itemListElement":[{"@type":"ListItem","position":1,"name":"Home","item":"https:\/\/ckl.fi\/en\/"},{"@type":"ListItem","position":2,"name":"After Skinbooster treatment"}]},{"@type":"WebSite","@id":"https:\/\/ckl.fi\/#website","url":"https:\/\/ckl.fi\/","name":"Cityklinikka","description":"Esteettiset hoidot","potentialAction":[{"@type":"SearchAction","target":{"@type":"EntryPoint","urlTemplate":"https:\/\/ckl.fi\/?s={search_term_string}"},"query-input":{"@type":"PropertyValueSpecification","valueRequired":true,"valueName":"search_term_string"}}],"inLanguage":"en-US"}]}},"_links":{"self":[{"href":"https:\/\/ckl.fi\/en\/wp-json\/wp\/v2\/pages\/24258","targetHints":{"allow":["GET"]}}],"collection":[{"href":"https:\/\/ckl.fi\/en\/wp-json\/wp\/v2\/pages"}],"about":[{"href":"https:\/\/ckl.fi\/en\/wp-json\/wp\/v2\/types\/page"}],"author":[{"embeddable":true,"href":"https:\/\/ckl.fi\/en\/wp-json\/wp\/v2\/users\/1"}],"replies":[{"embeddable":true,"href":"https:\/\/ckl.fi\/en\/wp-json\/wp\/v2\/comments?post=24258"}],"version-history":[{"count":2,"href":"https:\/\/ckl.fi\/en\/wp-json\/wp\/v2\/pages\/24258\/revisions"}],"predecessor-version":[{"id":24262,"href":"https:\/\/ckl.fi\/en\/wp-json\/wp\/v2\/pages\/24258\/revisions\/24262"}],"wp:attachment":[{"href":"https:\/\/ckl.fi\/en\/wp-json\/wp\/v2\/media?parent=24258"}],"curies":[{"name":"wp","href":"https:\/\/api.w.org\/{rel}","templated":true}]}}