{"id":24248,"date":"2024-04-08T13:16:53","date_gmt":"2024-04-08T10:16:53","guid":{"rendered":"https:\/\/ckl.fi\/?page_id=24248"},"modified":"2024-04-08T13:16:53","modified_gmt":"2024-04-08T10:16:53","slug":"after-prp-treatment","status":"publish","type":"page","link":"https:\/\/ckl.fi\/en\/after-prp-treatment\/","title":{"rendered":"After PRP treatment"},"content":{"rendered":"<h1>After PRP Treatment<\/h1>\n<p>After PRP treatment, the treated area may experience the following temporary side effects:<\/p>\n<ul>\n<li>Mild redness<\/li>\n<li>Bruising<\/li>\n<li>Swelling<\/li>\n<li>Tenderness<\/li>\n<li>Itching<\/li>\n<li>Tingling sensation<\/li>\n<\/ul>\n<p>All of these are common post-injection reactions. They are temporary and typically subside within a few days. If symptoms persist or other symptoms arise, contact the provider of the treatment.<br \/>\nAvoid touching the treated area for the first six hours. Afterward, you can gently wash the area with water and cleansing products. Light makeup can be applied to the treatment area immediately after the procedure. However, it is recommended to avoid makeup in the hours following PRP treatment.<\/p>\n<p>Avoid using organic cosmetics in the first few days.<\/p>\n<p>Do not expose the treated area to heat (tanning beds, sauna, direct sunlight) or excessive cold until swelling and redness have subsided. If you have had shingles in the past, needle injections may cause them to reappear.<\/p>\n<p>Medications containing acetylsalicylic acid (such as aspirin) and some herbal supplements may increase bruising or bleeding at the injection site. For the treatment of bruises, swelling, and other symptoms, Meso-Arnizen gel is recommended.<\/p>\n<p>PRP treatments work best as a series of treatments. In this case, the treatment is performed 4\u20136 times at intervals of 7\u201314 days.<\/p>\n<p>Results can be maintained by repeating the series of treatments once or twice a year.<\/p>\n","protected":false},"excerpt":{"rendered":"<p>After PRP Treatment After PRP treatment, the treated area may experience the following temporary side effects: Mild redness Bruising Swelling Tenderness Itching Tingling sensation All of these are common post-injection reactions. They are temporary and typically subside within a few days. If symptoms persist or other symptoms arise, contact the provider of the treatment. Avoid [&hellip;]<\/p>\n","protected":false},"author":1,"featured_media":0,"parent":0,"menu_order":0,"comment_status":"closed","ping_status":"closed","template":"","meta":{"_acf_changed":false,"inline_featured_image":false,"footnotes":""},"class_list":["post-24248","page","type-page","status-publish","hentry"],"acf":[],"yoast_head":"<!-- This site is optimized with the Yoast SEO plugin v25.6 - https:\/\/yoast.com\/wordpress\/plugins\/seo\/ -->\n<title>Kotihoito-ohje | PRP-hoito - Cityklinikka, 0201 777 288<\/title>\n<meta name=\"description\" content=\"PRP-toimenpidett\u00e4 kutsutaan my\u00f6s nimell\u00e4 vampyyrihoito. Hoidon j\u00e4lkeen kannattaa noudattaa n\u00e4it\u00e4 hoito-ohjeita. Kysy lis\u00e4\u00e4 Cityklinikalta.\" \/>\n<meta name=\"robots\" content=\"index, follow, max-snippet:-1, max-image-preview:large, max-video-preview:-1\" \/>\n<link rel=\"canonical\" href=\"https:\/\/ckl.fi\/en\/after-prp-treatment\/\" \/>\n<meta property=\"og:locale\" content=\"en_US\" \/>\n<meta property=\"og:type\" content=\"article\" \/>\n<meta property=\"og:title\" content=\"Kotihoito-ohje | PRP-hoito - Cityklinikka, 0201 777 288\" \/>\n<meta property=\"og:description\" content=\"PRP-toimenpidett\u00e4 kutsutaan my\u00f6s nimell\u00e4 vampyyrihoito. Hoidon j\u00e4lkeen kannattaa noudattaa n\u00e4it\u00e4 hoito-ohjeita. Kysy lis\u00e4\u00e4 Cityklinikalta.\" \/>\n<meta property=\"og:url\" content=\"https:\/\/ckl.fi\/en\/after-prp-treatment\/\" \/>\n<meta property=\"og:site_name\" content=\"Cityklinikka\" \/>\n<meta property=\"article:publisher\" content=\"https:\/\/www.facebook.com\/Klinikka\" \/>\n<meta property=\"og:image\" content=\"https:\/\/ckl.fi\/wp-content\/uploads\/2017\/12\/cropped-CITYKLINIKKA-neli\u00f6.jpg\" \/>\n\t<meta property=\"og:image:width\" content=\"512\" \/>\n\t<meta property=\"og:image:height\" content=\"512\" \/>\n\t<meta property=\"og:image:type\" content=\"image\/jpeg\" \/>\n<meta name=\"twitter:card\" content=\"summary_large_image\" \/>\n<meta name=\"twitter:site\" content=\"@cityklinikka\" \/>\n<meta name=\"twitter:label1\" content=\"Est. reading time\" \/>\n\t<meta name=\"twitter:data1\" content=\"2 minutes\" \/>\n<script type=\"application\/ld+json\" class=\"yoast-schema-graph\">{\"@context\":\"https:\/\/schema.org\",\"@graph\":[{\"@type\":\"WebPage\",\"@id\":\"https:\/\/ckl.fi\/en\/after-prp-treatment\/\",\"url\":\"https:\/\/ckl.fi\/en\/after-prp-treatment\/\",\"name\":\"Kotihoito-ohje | PRP-hoito - Cityklinikka, 0201 777 288\",\"isPartOf\":{\"@id\":\"https:\/\/ckl.fi\/#website\"},\"datePublished\":\"2024-04-08T10:16:53+00:00\",\"description\":\"PRP-toimenpidett\u00e4 kutsutaan my\u00f6s nimell\u00e4 vampyyrihoito. Hoidon j\u00e4lkeen kannattaa noudattaa n\u00e4it\u00e4 hoito-ohjeita. Kysy lis\u00e4\u00e4 Cityklinikalta.\",\"breadcrumb\":{\"@id\":\"https:\/\/ckl.fi\/en\/after-prp-treatment\/#breadcrumb\"},\"inLanguage\":\"en-US\",\"potentialAction\":[{\"@type\":\"ReadAction\",\"target\":[\"https:\/\/ckl.fi\/en\/after-prp-treatment\/\"]}]},{\"@type\":\"BreadcrumbList\",\"@id\":\"https:\/\/ckl.fi\/en\/after-prp-treatment\/#breadcrumb\",\"itemListElement\":[{\"@type\":\"ListItem\",\"position\":1,\"name\":\"Home\",\"item\":\"https:\/\/ckl.fi\/en\/\"},{\"@type\":\"ListItem\",\"position\":2,\"name\":\"After PRP treatment\"}]},{\"@type\":\"WebSite\",\"@id\":\"https:\/\/ckl.fi\/#website\",\"url\":\"https:\/\/ckl.fi\/\",\"name\":\"Cityklinikka\",\"description\":\"Esteettiset hoidot\",\"potentialAction\":[{\"@type\":\"SearchAction\",\"target\":{\"@type\":\"EntryPoint\",\"urlTemplate\":\"https:\/\/ckl.fi\/?s={search_term_string}\"},\"query-input\":{\"@type\":\"PropertyValueSpecification\",\"valueRequired\":true,\"valueName\":\"search_term_string\"}}],\"inLanguage\":\"en-US\"}]}<\/script>\n<!-- \/ Yoast SEO plugin. -->","yoast_head_json":{"title":"Kotihoito-ohje | PRP-hoito - Cityklinikka, 0201 777 288","description":"PRP-toimenpidett\u00e4 kutsutaan my\u00f6s nimell\u00e4 vampyyrihoito. Hoidon j\u00e4lkeen kannattaa noudattaa n\u00e4it\u00e4 hoito-ohjeita. Kysy lis\u00e4\u00e4 Cityklinikalta.","robots":{"index":"index","follow":"follow","max-snippet":"max-snippet:-1","max-image-preview":"max-image-preview:large","max-video-preview":"max-video-preview:-1"},"canonical":"https:\/\/ckl.fi\/en\/after-prp-treatment\/","og_locale":"en_US","og_type":"article","og_title":"Kotihoito-ohje | PRP-hoito - Cityklinikka, 0201 777 288","og_description":"PRP-toimenpidett\u00e4 kutsutaan my\u00f6s nimell\u00e4 vampyyrihoito. Hoidon j\u00e4lkeen kannattaa noudattaa n\u00e4it\u00e4 hoito-ohjeita. Kysy lis\u00e4\u00e4 Cityklinikalta.","og_url":"https:\/\/ckl.fi\/en\/after-prp-treatment\/","og_site_name":"Cityklinikka","article_publisher":"https:\/\/www.facebook.com\/Klinikka","og_image":[{"width":512,"height":512,"url":"https:\/\/ckl.fi\/wp-content\/uploads\/2017\/12\/cropped-CITYKLINIKKA-neli\u00f6.jpg","type":"image\/jpeg"}],"twitter_card":"summary_large_image","twitter_site":"@cityklinikka","twitter_misc":{"Est. reading time":"2 minutes"},"schema":{"@context":"https:\/\/schema.org","@graph":[{"@type":"WebPage","@id":"https:\/\/ckl.fi\/en\/after-prp-treatment\/","url":"https:\/\/ckl.fi\/en\/after-prp-treatment\/","name":"Kotihoito-ohje | PRP-hoito - Cityklinikka, 0201 777 288","isPartOf":{"@id":"https:\/\/ckl.fi\/#website"},"datePublished":"2024-04-08T10:16:53+00:00","description":"PRP-toimenpidett\u00e4 kutsutaan my\u00f6s nimell\u00e4 vampyyrihoito. Hoidon j\u00e4lkeen kannattaa noudattaa n\u00e4it\u00e4 hoito-ohjeita. Kysy lis\u00e4\u00e4 Cityklinikalta.","breadcrumb":{"@id":"https:\/\/ckl.fi\/en\/after-prp-treatment\/#breadcrumb"},"inLanguage":"en-US","potentialAction":[{"@type":"ReadAction","target":["https:\/\/ckl.fi\/en\/after-prp-treatment\/"]}]},{"@type":"BreadcrumbList","@id":"https:\/\/ckl.fi\/en\/after-prp-treatment\/#breadcrumb","itemListElement":[{"@type":"ListItem","position":1,"name":"Home","item":"https:\/\/ckl.fi\/en\/"},{"@type":"ListItem","position":2,"name":"After PRP treatment"}]},{"@type":"WebSite","@id":"https:\/\/ckl.fi\/#website","url":"https:\/\/ckl.fi\/","name":"Cityklinikka","description":"Esteettiset hoidot","potentialAction":[{"@type":"SearchAction","target":{"@type":"EntryPoint","urlTemplate":"https:\/\/ckl.fi\/?s={search_term_string}"},"query-input":{"@type":"PropertyValueSpecification","valueRequired":true,"valueName":"search_term_string"}}],"inLanguage":"en-US"}]}},"_links":{"self":[{"href":"https:\/\/ckl.fi\/en\/wp-json\/wp\/v2\/pages\/24248","targetHints":{"allow":["GET"]}}],"collection":[{"href":"https:\/\/ckl.fi\/en\/wp-json\/wp\/v2\/pages"}],"about":[{"href":"https:\/\/ckl.fi\/en\/wp-json\/wp\/v2\/types\/page"}],"author":[{"embeddable":true,"href":"https:\/\/ckl.fi\/en\/wp-json\/wp\/v2\/users\/1"}],"replies":[{"embeddable":true,"href":"https:\/\/ckl.fi\/en\/wp-json\/wp\/v2\/comments?post=24248"}],"version-history":[{"count":2,"href":"https:\/\/ckl.fi\/en\/wp-json\/wp\/v2\/pages\/24248\/revisions"}],"predecessor-version":[{"id":24252,"href":"https:\/\/ckl.fi\/en\/wp-json\/wp\/v2\/pages\/24248\/revisions\/24252"}],"wp:attachment":[{"href":"https:\/\/ckl.fi\/en\/wp-json\/wp\/v2\/media?parent=24248"}],"curies":[{"name":"wp","href":"https:\/\/api.w.org\/{rel}","templated":true}]}}