{"id":24237,"date":"2024-04-08T13:07:51","date_gmt":"2024-04-08T10:07:51","guid":{"rendered":"https:\/\/ckl.fi\/?page_id=24237"},"modified":"2024-04-08T13:07:51","modified_gmt":"2024-04-08T10:07:51","slug":"after-laser-treatment","status":"publish","type":"page","link":"https:\/\/ckl.fi\/en\/after-laser-treatment\/","title":{"rendered":"After laser treatment"},"content":{"rendered":"<h1>Laser Treatment Aftercare<\/h1>\n<p>After laser treatment, the skin may feel warm and tingly for a while. Post-treatment effects are individual, and their healing depends on factors such as the extent of the procedure. Often, daily activities can be resumed immediately after treatment.<br \/>\nIn the days following the laser procedure, there may be swelling and redness in the treated area. Sometimes, blisters, scabs, or bruises may form on the skin. You can apply soothing cream or gel to the skin after treatment. A good post-treatment product is, for example, Pharmann&#8217;s Laserat\u2122 cream. If needed, you can also apply a cold pack wrapped in fabric to the treated area.<\/p>\n<p>Avoid sauna, hot water, sunbathing, and sweating until the skin has healed. Post-treatment redness can be covered with makeup if the skin is intact. It&#8217;s good to spray the treated area with water a few times a day and pat it dry with a clean towel.<\/p>\n<p>Chemical peeling is not recommended for two months after laser treatment. However, in some cases, a doctor may recommend combining chemical peeling with laser treatment.<\/p>\n<p>If the post-treatment effects are worrying or do not disappear, please contact us.<\/p>\n","protected":false},"excerpt":{"rendered":"<p>Laser Treatment Aftercare After laser treatment, the skin may feel warm and tingly for a while. Post-treatment effects are individual, and their healing depends on factors such as the extent of the procedure. Often, daily activities can be resumed immediately after treatment. In the days following the laser procedure, there may be swelling and redness [&hellip;]<\/p>\n","protected":false},"author":1,"featured_media":0,"parent":0,"menu_order":0,"comment_status":"closed","ping_status":"closed","template":"","meta":{"_acf_changed":false,"inline_featured_image":false,"footnotes":""},"class_list":["post-24237","page","type-page","status-publish","hentry"],"acf":[],"yoast_head":"<!-- This site is optimized with the Yoast SEO plugin v25.6 - https:\/\/yoast.com\/wordpress\/plugins\/seo\/ -->\n<title>Kotihoito-ohje | Laserhoito - Cityklinikka, 0201 777 288<\/title>\n<meta name=\"description\" content=\"Laserhoidon j\u00e4lkioireet ovat yksil\u00f6llisi\u00e4. Usein arkiaskareita voi tehd\u00e4 normaalisti heti hoidon j\u00e4lkeen. Cityklinikka Helsinki - Turku, p. 0201 777 288\" \/>\n<meta name=\"robots\" content=\"index, follow, max-snippet:-1, max-image-preview:large, max-video-preview:-1\" \/>\n<link rel=\"canonical\" href=\"https:\/\/ckl.fi\/en\/after-laser-treatment\/\" \/>\n<meta property=\"og:locale\" content=\"en_US\" \/>\n<meta property=\"og:type\" content=\"article\" \/>\n<meta property=\"og:title\" content=\"Kotihoito-ohje | Laserhoito - Cityklinikka, 0201 777 288\" \/>\n<meta property=\"og:description\" content=\"Laserhoidon j\u00e4lkioireet ovat yksil\u00f6llisi\u00e4. Usein arkiaskareita voi tehd\u00e4 normaalisti heti hoidon j\u00e4lkeen. Cityklinikka Helsinki - Turku, p. 0201 777 288\" \/>\n<meta property=\"og:url\" content=\"https:\/\/ckl.fi\/en\/after-laser-treatment\/\" \/>\n<meta property=\"og:site_name\" content=\"Cityklinikka\" \/>\n<meta property=\"article:publisher\" content=\"https:\/\/www.facebook.com\/Klinikka\" \/>\n<meta property=\"og:image\" content=\"https:\/\/ckl.fi\/wp-content\/uploads\/2017\/12\/cropped-CITYKLINIKKA-neli\u00f6.jpg\" \/>\n\t<meta property=\"og:image:width\" content=\"512\" \/>\n\t<meta property=\"og:image:height\" content=\"512\" \/>\n\t<meta property=\"og:image:type\" content=\"image\/jpeg\" \/>\n<meta name=\"twitter:card\" content=\"summary_large_image\" \/>\n<meta name=\"twitter:site\" content=\"@cityklinikka\" \/>\n<meta name=\"twitter:label1\" content=\"Est. reading time\" \/>\n\t<meta name=\"twitter:data1\" content=\"1 minute\" \/>\n<script type=\"application\/ld+json\" class=\"yoast-schema-graph\">{\"@context\":\"https:\/\/schema.org\",\"@graph\":[{\"@type\":\"WebPage\",\"@id\":\"https:\/\/ckl.fi\/en\/after-laser-treatment\/\",\"url\":\"https:\/\/ckl.fi\/en\/after-laser-treatment\/\",\"name\":\"Kotihoito-ohje | Laserhoito - Cityklinikka, 0201 777 288\",\"isPartOf\":{\"@id\":\"https:\/\/ckl.fi\/#website\"},\"datePublished\":\"2024-04-08T10:07:51+00:00\",\"description\":\"Laserhoidon j\u00e4lkioireet ovat yksil\u00f6llisi\u00e4. Usein arkiaskareita voi tehd\u00e4 normaalisti heti hoidon j\u00e4lkeen. Cityklinikka Helsinki - Turku, p. 0201 777 288\",\"breadcrumb\":{\"@id\":\"https:\/\/ckl.fi\/en\/after-laser-treatment\/#breadcrumb\"},\"inLanguage\":\"en-US\",\"potentialAction\":[{\"@type\":\"ReadAction\",\"target\":[\"https:\/\/ckl.fi\/en\/after-laser-treatment\/\"]}]},{\"@type\":\"BreadcrumbList\",\"@id\":\"https:\/\/ckl.fi\/en\/after-laser-treatment\/#breadcrumb\",\"itemListElement\":[{\"@type\":\"ListItem\",\"position\":1,\"name\":\"Home\",\"item\":\"https:\/\/ckl.fi\/en\/front-page\/\"},{\"@type\":\"ListItem\",\"position\":2,\"name\":\"After laser treatment\"}]},{\"@type\":\"WebSite\",\"@id\":\"https:\/\/ckl.fi\/#website\",\"url\":\"https:\/\/ckl.fi\/\",\"name\":\"Cityklinikka\",\"description\":\"Esteettiset hoidot\",\"potentialAction\":[{\"@type\":\"SearchAction\",\"target\":{\"@type\":\"EntryPoint\",\"urlTemplate\":\"https:\/\/ckl.fi\/?s={search_term_string}\"},\"query-input\":{\"@type\":\"PropertyValueSpecification\",\"valueRequired\":true,\"valueName\":\"search_term_string\"}}],\"inLanguage\":\"en-US\"}]}<\/script>\n<!-- \/ Yoast SEO plugin. -->","yoast_head_json":{"title":"Kotihoito-ohje | Laserhoito - Cityklinikka, 0201 777 288","description":"Laserhoidon j\u00e4lkioireet ovat yksil\u00f6llisi\u00e4. Usein arkiaskareita voi tehd\u00e4 normaalisti heti hoidon j\u00e4lkeen. Cityklinikka Helsinki - Turku, p. 0201 777 288","robots":{"index":"index","follow":"follow","max-snippet":"max-snippet:-1","max-image-preview":"max-image-preview:large","max-video-preview":"max-video-preview:-1"},"canonical":"https:\/\/ckl.fi\/en\/after-laser-treatment\/","og_locale":"en_US","og_type":"article","og_title":"Kotihoito-ohje | Laserhoito - Cityklinikka, 0201 777 288","og_description":"Laserhoidon j\u00e4lkioireet ovat yksil\u00f6llisi\u00e4. Usein arkiaskareita voi tehd\u00e4 normaalisti heti hoidon j\u00e4lkeen. Cityklinikka Helsinki - Turku, p. 0201 777 288","og_url":"https:\/\/ckl.fi\/en\/after-laser-treatment\/","og_site_name":"Cityklinikka","article_publisher":"https:\/\/www.facebook.com\/Klinikka","og_image":[{"width":512,"height":512,"url":"https:\/\/ckl.fi\/wp-content\/uploads\/2017\/12\/cropped-CITYKLINIKKA-neli\u00f6.jpg","type":"image\/jpeg"}],"twitter_card":"summary_large_image","twitter_site":"@cityklinikka","twitter_misc":{"Est. reading time":"1 minute"},"schema":{"@context":"https:\/\/schema.org","@graph":[{"@type":"WebPage","@id":"https:\/\/ckl.fi\/en\/after-laser-treatment\/","url":"https:\/\/ckl.fi\/en\/after-laser-treatment\/","name":"Kotihoito-ohje | Laserhoito - Cityklinikka, 0201 777 288","isPartOf":{"@id":"https:\/\/ckl.fi\/#website"},"datePublished":"2024-04-08T10:07:51+00:00","description":"Laserhoidon j\u00e4lkioireet ovat yksil\u00f6llisi\u00e4. Usein arkiaskareita voi tehd\u00e4 normaalisti heti hoidon j\u00e4lkeen. Cityklinikka Helsinki - Turku, p. 0201 777 288","breadcrumb":{"@id":"https:\/\/ckl.fi\/en\/after-laser-treatment\/#breadcrumb"},"inLanguage":"en-US","potentialAction":[{"@type":"ReadAction","target":["https:\/\/ckl.fi\/en\/after-laser-treatment\/"]}]},{"@type":"BreadcrumbList","@id":"https:\/\/ckl.fi\/en\/after-laser-treatment\/#breadcrumb","itemListElement":[{"@type":"ListItem","position":1,"name":"Home","item":"https:\/\/ckl.fi\/en\/front-page\/"},{"@type":"ListItem","position":2,"name":"After laser treatment"}]},{"@type":"WebSite","@id":"https:\/\/ckl.fi\/#website","url":"https:\/\/ckl.fi\/","name":"Cityklinikka","description":"Esteettiset hoidot","potentialAction":[{"@type":"SearchAction","target":{"@type":"EntryPoint","urlTemplate":"https:\/\/ckl.fi\/?s={search_term_string}"},"query-input":{"@type":"PropertyValueSpecification","valueRequired":true,"valueName":"search_term_string"}}],"inLanguage":"en-US"}]}},"_links":{"self":[{"href":"https:\/\/ckl.fi\/en\/wp-json\/wp\/v2\/pages\/24237","targetHints":{"allow":["GET"]}}],"collection":[{"href":"https:\/\/ckl.fi\/en\/wp-json\/wp\/v2\/pages"}],"about":[{"href":"https:\/\/ckl.fi\/en\/wp-json\/wp\/v2\/types\/page"}],"author":[{"embeddable":true,"href":"https:\/\/ckl.fi\/en\/wp-json\/wp\/v2\/users\/1"}],"replies":[{"embeddable":true,"href":"https:\/\/ckl.fi\/en\/wp-json\/wp\/v2\/comments?post=24237"}],"version-history":[{"count":3,"href":"https:\/\/ckl.fi\/en\/wp-json\/wp\/v2\/pages\/24237\/revisions"}],"predecessor-version":[{"id":24240,"href":"https:\/\/ckl.fi\/en\/wp-json\/wp\/v2\/pages\/24237\/revisions\/24240"}],"wp:attachment":[{"href":"https:\/\/ckl.fi\/en\/wp-json\/wp\/v2\/media?parent=24237"}],"curies":[{"name":"wp","href":"https:\/\/api.w.org\/{rel}","templated":true}]}}