{"id":24230,"date":"2024-04-08T12:59:25","date_gmt":"2024-04-08T09:59:25","guid":{"rendered":"https:\/\/ckl.fi\/?page_id=24230"},"modified":"2024-04-08T12:59:25","modified_gmt":"2024-04-08T09:59:25","slug":"after-radiesse-treatment","status":"publish","type":"page","link":"https:\/\/ckl.fi\/en\/after-radiesse-treatment\/","title":{"rendered":"After Radiesse treatment"},"content":{"rendered":"<h1>After Radiesse Filler Treatment<\/h1>\n<p>After Radiesse treatment, the treated area may experience the following temporary side effects:<\/p>\n<ul>\n<li>mild pain<\/li>\n<li>redness<\/li>\n<li>bruising<\/li>\n<li>swelling<\/li>\n<li>tenderness<\/li>\n<li>itchiness<\/li>\n<li>tingling sensation<\/li>\n<\/ul>\n<p>All of these are common post-injection reactions. They are temporary and usually disappear within a few days. If symptoms persist or other symptoms occur, contact the provider who performed the filler treatment.<br \/>\nAvoid touching the treated area for the first six hours. After that, you can gently wash the area with water and cleansing products. Light makeup can be applied to the treatment area immediately after the procedure. <em>Do not use organic cosmetics in the first few days.<\/em><\/p>\n<p>Do not expose the treated area to heat (sunbeds, sauna, direct sunlight) or excessive cold until the swelling and redness have disappeared.<\/p>\n<p>If you have had cold sores in the past, needle punctures may trigger a recurrence.<\/p>\n<p>Medications containing acetylsalicylic acid (e.g., aspirin) and some herbal products may increase the likelihood of bruising or bleeding at the injection site.<\/p>\n<p>Radiesse is a calcium hydroxylapatite-based filler. Its effects last for 12\u201324 months. Results can be maintained with follow-up treatments.<\/p>\n<p>Follow-up treatments are usually performed once a year or once every two years.<\/p>\n","protected":false},"excerpt":{"rendered":"<p>After Radiesse Filler Treatment After Radiesse treatment, the treated area may experience the following temporary side effects: mild pain redness bruising swelling tenderness itchiness tingling sensation All of these are common post-injection reactions. They are temporary and usually disappear within a few days. If symptoms persist or other symptoms occur, contact the provider who performed [&hellip;]<\/p>\n","protected":false},"author":1,"featured_media":0,"parent":0,"menu_order":0,"comment_status":"closed","ping_status":"closed","template":"","meta":{"_acf_changed":false,"inline_featured_image":false,"footnotes":""},"class_list":["post-24230","page","type-page","status-publish","hentry"],"acf":[],"yoast_head":"<!-- This site is optimized with the Yoast SEO plugin v25.6 - https:\/\/yoast.com\/wordpress\/plugins\/seo\/ -->\n<title>Kotihoito-ohje | Crystalys-hoidon j\u00e4lkeen - Cityklinikka, 0201 777 288<\/title>\n<meta name=\"description\" content=\"Crystalys-hoidon j\u00e4lkeen noudatetaan n\u00e4it\u00e4 ohjeita. T\u00e4yteainehoitoja teemme jo kahdeksalla paikkakunnalla! Kysy lis\u00e4\u00e4, 0201 777 288.\" \/>\n<meta name=\"robots\" content=\"index, follow, max-snippet:-1, max-image-preview:large, max-video-preview:-1\" \/>\n<link rel=\"canonical\" href=\"https:\/\/ckl.fi\/en\/after-radiesse-treatment\/\" \/>\n<meta property=\"og:locale\" content=\"en_US\" \/>\n<meta property=\"og:type\" content=\"article\" \/>\n<meta property=\"og:title\" content=\"Kotihoito-ohje | Crystalys-hoidon j\u00e4lkeen - Cityklinikka, 0201 777 288\" \/>\n<meta property=\"og:description\" content=\"Crystalys-hoidon j\u00e4lkeen noudatetaan n\u00e4it\u00e4 ohjeita. T\u00e4yteainehoitoja teemme jo kahdeksalla paikkakunnalla! Kysy lis\u00e4\u00e4, 0201 777 288.\" \/>\n<meta property=\"og:url\" content=\"https:\/\/ckl.fi\/en\/after-radiesse-treatment\/\" \/>\n<meta property=\"og:site_name\" content=\"Cityklinikka\" \/>\n<meta property=\"article:publisher\" content=\"https:\/\/www.facebook.com\/Klinikka\" \/>\n<meta property=\"og:image\" content=\"https:\/\/ckl.fi\/wp-content\/uploads\/2017\/12\/cropped-CITYKLINIKKA-neli\u00f6.jpg\" \/>\n\t<meta property=\"og:image:width\" content=\"512\" \/>\n\t<meta property=\"og:image:height\" content=\"512\" \/>\n\t<meta property=\"og:image:type\" content=\"image\/jpeg\" \/>\n<meta name=\"twitter:card\" content=\"summary_large_image\" \/>\n<meta name=\"twitter:site\" content=\"@cityklinikka\" \/>\n<meta name=\"twitter:label1\" content=\"Est. reading time\" \/>\n\t<meta name=\"twitter:data1\" content=\"2 minutes\" \/>\n<script type=\"application\/ld+json\" class=\"yoast-schema-graph\">{\"@context\":\"https:\/\/schema.org\",\"@graph\":[{\"@type\":\"WebPage\",\"@id\":\"https:\/\/ckl.fi\/en\/after-radiesse-treatment\/\",\"url\":\"https:\/\/ckl.fi\/en\/after-radiesse-treatment\/\",\"name\":\"Kotihoito-ohje | Crystalys-hoidon j\u00e4lkeen - Cityklinikka, 0201 777 288\",\"isPartOf\":{\"@id\":\"https:\/\/ckl.fi\/#website\"},\"datePublished\":\"2024-04-08T09:59:25+00:00\",\"description\":\"Crystalys-hoidon j\u00e4lkeen noudatetaan n\u00e4it\u00e4 ohjeita. T\u00e4yteainehoitoja teemme jo kahdeksalla paikkakunnalla! Kysy lis\u00e4\u00e4, 0201 777 288.\",\"breadcrumb\":{\"@id\":\"https:\/\/ckl.fi\/en\/after-radiesse-treatment\/#breadcrumb\"},\"inLanguage\":\"en-US\",\"potentialAction\":[{\"@type\":\"ReadAction\",\"target\":[\"https:\/\/ckl.fi\/en\/after-radiesse-treatment\/\"]}]},{\"@type\":\"BreadcrumbList\",\"@id\":\"https:\/\/ckl.fi\/en\/after-radiesse-treatment\/#breadcrumb\",\"itemListElement\":[{\"@type\":\"ListItem\",\"position\":1,\"name\":\"Home\",\"item\":\"https:\/\/ckl.fi\/en\/\"},{\"@type\":\"ListItem\",\"position\":2,\"name\":\"After Radiesse treatment\"}]},{\"@type\":\"WebSite\",\"@id\":\"https:\/\/ckl.fi\/#website\",\"url\":\"https:\/\/ckl.fi\/\",\"name\":\"Cityklinikka\",\"description\":\"Esteettiset hoidot\",\"potentialAction\":[{\"@type\":\"SearchAction\",\"target\":{\"@type\":\"EntryPoint\",\"urlTemplate\":\"https:\/\/ckl.fi\/?s={search_term_string}\"},\"query-input\":{\"@type\":\"PropertyValueSpecification\",\"valueRequired\":true,\"valueName\":\"search_term_string\"}}],\"inLanguage\":\"en-US\"}]}<\/script>\n<!-- \/ Yoast SEO plugin. -->","yoast_head_json":{"title":"Kotihoito-ohje | Crystalys-hoidon j\u00e4lkeen - Cityklinikka, 0201 777 288","description":"Crystalys-hoidon j\u00e4lkeen noudatetaan n\u00e4it\u00e4 ohjeita. T\u00e4yteainehoitoja teemme jo kahdeksalla paikkakunnalla! Kysy lis\u00e4\u00e4, 0201 777 288.","robots":{"index":"index","follow":"follow","max-snippet":"max-snippet:-1","max-image-preview":"max-image-preview:large","max-video-preview":"max-video-preview:-1"},"canonical":"https:\/\/ckl.fi\/en\/after-radiesse-treatment\/","og_locale":"en_US","og_type":"article","og_title":"Kotihoito-ohje | Crystalys-hoidon j\u00e4lkeen - Cityklinikka, 0201 777 288","og_description":"Crystalys-hoidon j\u00e4lkeen noudatetaan n\u00e4it\u00e4 ohjeita. T\u00e4yteainehoitoja teemme jo kahdeksalla paikkakunnalla! Kysy lis\u00e4\u00e4, 0201 777 288.","og_url":"https:\/\/ckl.fi\/en\/after-radiesse-treatment\/","og_site_name":"Cityklinikka","article_publisher":"https:\/\/www.facebook.com\/Klinikka","og_image":[{"width":512,"height":512,"url":"https:\/\/ckl.fi\/wp-content\/uploads\/2017\/12\/cropped-CITYKLINIKKA-neli\u00f6.jpg","type":"image\/jpeg"}],"twitter_card":"summary_large_image","twitter_site":"@cityklinikka","twitter_misc":{"Est. reading time":"2 minutes"},"schema":{"@context":"https:\/\/schema.org","@graph":[{"@type":"WebPage","@id":"https:\/\/ckl.fi\/en\/after-radiesse-treatment\/","url":"https:\/\/ckl.fi\/en\/after-radiesse-treatment\/","name":"Kotihoito-ohje | Crystalys-hoidon j\u00e4lkeen - Cityklinikka, 0201 777 288","isPartOf":{"@id":"https:\/\/ckl.fi\/#website"},"datePublished":"2024-04-08T09:59:25+00:00","description":"Crystalys-hoidon j\u00e4lkeen noudatetaan n\u00e4it\u00e4 ohjeita. T\u00e4yteainehoitoja teemme jo kahdeksalla paikkakunnalla! Kysy lis\u00e4\u00e4, 0201 777 288.","breadcrumb":{"@id":"https:\/\/ckl.fi\/en\/after-radiesse-treatment\/#breadcrumb"},"inLanguage":"en-US","potentialAction":[{"@type":"ReadAction","target":["https:\/\/ckl.fi\/en\/after-radiesse-treatment\/"]}]},{"@type":"BreadcrumbList","@id":"https:\/\/ckl.fi\/en\/after-radiesse-treatment\/#breadcrumb","itemListElement":[{"@type":"ListItem","position":1,"name":"Home","item":"https:\/\/ckl.fi\/en\/"},{"@type":"ListItem","position":2,"name":"After Radiesse treatment"}]},{"@type":"WebSite","@id":"https:\/\/ckl.fi\/#website","url":"https:\/\/ckl.fi\/","name":"Cityklinikka","description":"Esteettiset hoidot","potentialAction":[{"@type":"SearchAction","target":{"@type":"EntryPoint","urlTemplate":"https:\/\/ckl.fi\/?s={search_term_string}"},"query-input":{"@type":"PropertyValueSpecification","valueRequired":true,"valueName":"search_term_string"}}],"inLanguage":"en-US"}]}},"_links":{"self":[{"href":"https:\/\/ckl.fi\/en\/wp-json\/wp\/v2\/pages\/24230","targetHints":{"allow":["GET"]}}],"collection":[{"href":"https:\/\/ckl.fi\/en\/wp-json\/wp\/v2\/pages"}],"about":[{"href":"https:\/\/ckl.fi\/en\/wp-json\/wp\/v2\/types\/page"}],"author":[{"embeddable":true,"href":"https:\/\/ckl.fi\/en\/wp-json\/wp\/v2\/users\/1"}],"replies":[{"embeddable":true,"href":"https:\/\/ckl.fi\/en\/wp-json\/wp\/v2\/comments?post=24230"}],"version-history":[{"count":3,"href":"https:\/\/ckl.fi\/en\/wp-json\/wp\/v2\/pages\/24230\/revisions"}],"predecessor-version":[{"id":24235,"href":"https:\/\/ckl.fi\/en\/wp-json\/wp\/v2\/pages\/24230\/revisions\/24235"}],"wp:attachment":[{"href":"https:\/\/ckl.fi\/en\/wp-json\/wp\/v2\/media?parent=24230"}],"curies":[{"name":"wp","href":"https:\/\/api.w.org\/{rel}","templated":true}]}}