{"id":24222,"date":"2024-04-08T11:29:00","date_gmt":"2024-04-08T08:29:00","guid":{"rendered":"https:\/\/ckl.fi\/?page_id=24222"},"modified":"2024-04-08T11:29:00","modified_gmt":"2024-04-08T08:29:00","slug":"afterfiller","status":"publish","type":"page","link":"https:\/\/ckl.fi\/en\/afterfiller\/","title":{"rendered":"After the filler treatment"},"content":{"rendered":"<h1>After Filler Treatment<\/h1>\n<p><a href=\"https:\/\/ckl.fi\/kasvot\/hyaluronihappo-tayteaineet\/\">Filler treatments<\/a> are safe procedures when performed by a professional using proven and safe fillers. After the treatment, the treated area may experience the following temporary side effects:<\/p>\n<ul>\n<li>mild redness<\/li>\n<li>bruising<\/li>\n<li>swelling<\/li>\n<li>tenderness<\/li>\n<li>itchiness<\/li>\n<li>tingling sensation<\/li>\n<\/ul>\n<p>All of these are common post-injection reactions. They are temporary and usually disappear within a few days. If symptoms persist or other symptoms occur, contact the provider who performed the filler treatment.<br \/>\nInitial swelling of the lips may last longer than swelling in other areas. Sometimes, some degree of swelling may persist for up to a week. In this case, the lips may appear slightly asymmetrical. The result immediately after the treatment and in the days following is not final. The final result can be evaluated two weeks after the filler treatment.<\/p>\n<p>Avoid touching the treated area for the first six hours. After that, you can gently wash the area with water and cleansing products. Light makeup can be applied to the treatment area immediately after the procedure. <em>Do not use organic cosmetics in the first few days.<\/em><\/p>\n<p>Do not expose the treated area to heat (sunbeds, sauna, direct sunlight) or excessive cold until the swelling and redness have disappeared. It is also advisable to avoid heavy physical activities during the first few days. Physical activity slightly accelerates the breakdown of the filler.<\/p>\n<p>If you have had cold sores in the past, needle punctures may trigger a recurrence.<\/p>\n<p>Medications containing acetylsalicylic acid (e.g., aspirin) and some herbal products may increase the likelihood of bruising or bleeding at the injection site.<\/p>\n","protected":false},"excerpt":{"rendered":"<p>After Filler Treatment Filler treatments are safe procedures when performed by a professional using proven and safe fillers. After the treatment, the treated area may experience the following temporary side effects: mild redness bruising swelling tenderness itchiness tingling sensation All of these are common post-injection reactions. They are temporary and usually disappear within a few [&hellip;]<\/p>\n","protected":false},"author":1,"featured_media":0,"parent":0,"menu_order":0,"comment_status":"closed","ping_status":"closed","template":"","meta":{"_acf_changed":false,"inline_featured_image":false,"footnotes":""},"class_list":["post-24222","page","type-page","status-publish","hentry"],"acf":[],"yoast_head":"<!-- This site is optimized with the Yoast SEO plugin v25.6 - https:\/\/yoast.com\/wordpress\/plugins\/seo\/ -->\n<title>Kotihoito-ohje | T\u00e4yteainehoito - Cityklinikka, 0201 777 288<\/title>\n<meta name=\"description\" content=\"T\u00e4yteainehoito ja kotihoito-ohjeet. J\u00e4lkihoito-ohjeita noudattamalla tulokset s\u00e4ilyv\u00e4t pidemp\u00e4\u00e4n hyvin\u00e4. Cityklinikka, p. 0201 777 288.\" \/>\n<meta name=\"robots\" content=\"index, follow, max-snippet:-1, max-image-preview:large, max-video-preview:-1\" \/>\n<link rel=\"canonical\" href=\"https:\/\/ckl.fi\/en\/afterfiller\/\" \/>\n<meta property=\"og:locale\" content=\"en_US\" \/>\n<meta property=\"og:type\" content=\"article\" \/>\n<meta property=\"og:title\" content=\"Kotihoito-ohje | T\u00e4yteainehoito - Cityklinikka, 0201 777 288\" \/>\n<meta property=\"og:description\" content=\"T\u00e4yteainehoito ja kotihoito-ohjeet. J\u00e4lkihoito-ohjeita noudattamalla tulokset s\u00e4ilyv\u00e4t pidemp\u00e4\u00e4n hyvin\u00e4. Cityklinikka, p. 0201 777 288.\" \/>\n<meta property=\"og:url\" content=\"https:\/\/ckl.fi\/en\/afterfiller\/\" \/>\n<meta property=\"og:site_name\" content=\"Cityklinikka\" \/>\n<meta property=\"article:publisher\" content=\"https:\/\/www.facebook.com\/Klinikka\" \/>\n<meta property=\"og:image\" content=\"https:\/\/ckl.fi\/wp-content\/uploads\/2017\/12\/cropped-CITYKLINIKKA-neli\u00f6.jpg\" \/>\n\t<meta property=\"og:image:width\" content=\"512\" \/>\n\t<meta property=\"og:image:height\" content=\"512\" \/>\n\t<meta property=\"og:image:type\" content=\"image\/jpeg\" \/>\n<meta name=\"twitter:card\" content=\"summary_large_image\" \/>\n<meta name=\"twitter:site\" content=\"@cityklinikka\" \/>\n<meta name=\"twitter:label1\" content=\"Est. reading time\" \/>\n\t<meta name=\"twitter:data1\" content=\"2 minutes\" \/>\n<script type=\"application\/ld+json\" class=\"yoast-schema-graph\">{\"@context\":\"https:\/\/schema.org\",\"@graph\":[{\"@type\":\"WebPage\",\"@id\":\"https:\/\/ckl.fi\/en\/afterfiller\/\",\"url\":\"https:\/\/ckl.fi\/en\/afterfiller\/\",\"name\":\"Kotihoito-ohje | T\u00e4yteainehoito - Cityklinikka, 0201 777 288\",\"isPartOf\":{\"@id\":\"https:\/\/ckl.fi\/#website\"},\"datePublished\":\"2024-04-08T08:29:00+00:00\",\"description\":\"T\u00e4yteainehoito ja kotihoito-ohjeet. J\u00e4lkihoito-ohjeita noudattamalla tulokset s\u00e4ilyv\u00e4t pidemp\u00e4\u00e4n hyvin\u00e4. Cityklinikka, p. 0201 777 288.\",\"breadcrumb\":{\"@id\":\"https:\/\/ckl.fi\/en\/afterfiller\/#breadcrumb\"},\"inLanguage\":\"en-US\",\"potentialAction\":[{\"@type\":\"ReadAction\",\"target\":[\"https:\/\/ckl.fi\/en\/afterfiller\/\"]}]},{\"@type\":\"BreadcrumbList\",\"@id\":\"https:\/\/ckl.fi\/en\/afterfiller\/#breadcrumb\",\"itemListElement\":[{\"@type\":\"ListItem\",\"position\":1,\"name\":\"Home\",\"item\":\"https:\/\/ckl.fi\/en\/\"},{\"@type\":\"ListItem\",\"position\":2,\"name\":\"After the filler treatment\"}]},{\"@type\":\"WebSite\",\"@id\":\"https:\/\/ckl.fi\/#website\",\"url\":\"https:\/\/ckl.fi\/\",\"name\":\"Cityklinikka\",\"description\":\"Esteettiset hoidot\",\"potentialAction\":[{\"@type\":\"SearchAction\",\"target\":{\"@type\":\"EntryPoint\",\"urlTemplate\":\"https:\/\/ckl.fi\/?s={search_term_string}\"},\"query-input\":{\"@type\":\"PropertyValueSpecification\",\"valueRequired\":true,\"valueName\":\"search_term_string\"}}],\"inLanguage\":\"en-US\"}]}<\/script>\n<!-- \/ Yoast SEO plugin. -->","yoast_head_json":{"title":"Kotihoito-ohje | T\u00e4yteainehoito - Cityklinikka, 0201 777 288","description":"T\u00e4yteainehoito ja kotihoito-ohjeet. J\u00e4lkihoito-ohjeita noudattamalla tulokset s\u00e4ilyv\u00e4t pidemp\u00e4\u00e4n hyvin\u00e4. Cityklinikka, p. 0201 777 288.","robots":{"index":"index","follow":"follow","max-snippet":"max-snippet:-1","max-image-preview":"max-image-preview:large","max-video-preview":"max-video-preview:-1"},"canonical":"https:\/\/ckl.fi\/en\/afterfiller\/","og_locale":"en_US","og_type":"article","og_title":"Kotihoito-ohje | T\u00e4yteainehoito - Cityklinikka, 0201 777 288","og_description":"T\u00e4yteainehoito ja kotihoito-ohjeet. J\u00e4lkihoito-ohjeita noudattamalla tulokset s\u00e4ilyv\u00e4t pidemp\u00e4\u00e4n hyvin\u00e4. Cityklinikka, p. 0201 777 288.","og_url":"https:\/\/ckl.fi\/en\/afterfiller\/","og_site_name":"Cityklinikka","article_publisher":"https:\/\/www.facebook.com\/Klinikka","og_image":[{"width":512,"height":512,"url":"https:\/\/ckl.fi\/wp-content\/uploads\/2017\/12\/cropped-CITYKLINIKKA-neli\u00f6.jpg","type":"image\/jpeg"}],"twitter_card":"summary_large_image","twitter_site":"@cityklinikka","twitter_misc":{"Est. reading time":"2 minutes"},"schema":{"@context":"https:\/\/schema.org","@graph":[{"@type":"WebPage","@id":"https:\/\/ckl.fi\/en\/afterfiller\/","url":"https:\/\/ckl.fi\/en\/afterfiller\/","name":"Kotihoito-ohje | T\u00e4yteainehoito - Cityklinikka, 0201 777 288","isPartOf":{"@id":"https:\/\/ckl.fi\/#website"},"datePublished":"2024-04-08T08:29:00+00:00","description":"T\u00e4yteainehoito ja kotihoito-ohjeet. J\u00e4lkihoito-ohjeita noudattamalla tulokset s\u00e4ilyv\u00e4t pidemp\u00e4\u00e4n hyvin\u00e4. Cityklinikka, p. 0201 777 288.","breadcrumb":{"@id":"https:\/\/ckl.fi\/en\/afterfiller\/#breadcrumb"},"inLanguage":"en-US","potentialAction":[{"@type":"ReadAction","target":["https:\/\/ckl.fi\/en\/afterfiller\/"]}]},{"@type":"BreadcrumbList","@id":"https:\/\/ckl.fi\/en\/afterfiller\/#breadcrumb","itemListElement":[{"@type":"ListItem","position":1,"name":"Home","item":"https:\/\/ckl.fi\/en\/"},{"@type":"ListItem","position":2,"name":"After the filler treatment"}]},{"@type":"WebSite","@id":"https:\/\/ckl.fi\/#website","url":"https:\/\/ckl.fi\/","name":"Cityklinikka","description":"Esteettiset hoidot","potentialAction":[{"@type":"SearchAction","target":{"@type":"EntryPoint","urlTemplate":"https:\/\/ckl.fi\/?s={search_term_string}"},"query-input":{"@type":"PropertyValueSpecification","valueRequired":true,"valueName":"search_term_string"}}],"inLanguage":"en-US"}]}},"_links":{"self":[{"href":"https:\/\/ckl.fi\/en\/wp-json\/wp\/v2\/pages\/24222","targetHints":{"allow":["GET"]}}],"collection":[{"href":"https:\/\/ckl.fi\/en\/wp-json\/wp\/v2\/pages"}],"about":[{"href":"https:\/\/ckl.fi\/en\/wp-json\/wp\/v2\/types\/page"}],"author":[{"embeddable":true,"href":"https:\/\/ckl.fi\/en\/wp-json\/wp\/v2\/users\/1"}],"replies":[{"embeddable":true,"href":"https:\/\/ckl.fi\/en\/wp-json\/wp\/v2\/comments?post=24222"}],"version-history":[{"count":3,"href":"https:\/\/ckl.fi\/en\/wp-json\/wp\/v2\/pages\/24222\/revisions"}],"predecessor-version":[{"id":24225,"href":"https:\/\/ckl.fi\/en\/wp-json\/wp\/v2\/pages\/24222\/revisions\/24225"}],"wp:attachment":[{"href":"https:\/\/ckl.fi\/en\/wp-json\/wp\/v2\/media?parent=24222"}],"curies":[{"name":"wp","href":"https:\/\/api.w.org\/{rel}","templated":true}]}}