{"id":24207,"date":"2024-04-08T11:16:03","date_gmt":"2024-04-08T08:16:03","guid":{"rendered":"https:\/\/ckl.fi\/?page_id=24207"},"modified":"2024-04-08T11:16:03","modified_gmt":"2024-04-08T08:16:03","slug":"afterultralift","status":"publish","type":"page","link":"https:\/\/ckl.fi\/en\/afterultralift\/","title":{"rendered":"After UltraLift\u2122 HIFU treatment"},"content":{"rendered":"<h1>After UltraLift\u2122 HIFU Procedure<\/h1>\n<p>UltraLift\u2122 procedure utilizes microfocused, high-intensity ultrasound for lifting, firming, and rejuvenating the face. During the procedure, the SMAS tissue beneath the skin is tightened, and the skin&#8217;s fibroblasts are strongly stimulated to produce new collagen. The final results of the treatment are visible as early as 2\u20133 months after the procedure.<br \/>\nAfter the UltraLift\u2122 procedure, you can return to your daily routines. Any redness will typically subside within a few hours following the treatment.<\/p>\n<p><strong>After the UltraLift\u2122 Procedure<\/strong><\/p>\n<ul>\n<li>Do not wash the treated area with hot water during the first 24 hours.<\/li>\n<li>Avoid sauna for two weeks.<\/li>\n<li>Avoid massaging the face for two weeks.<\/li>\n<li>Avoid sun exposure for at least a week.<\/li>\n<li>Avoid laser or radiofrequency treatments on the treated area for 15 days.<\/li>\n<li>Ensure proper moisturization of the skin during the first week.<\/li>\n<\/ul>\n","protected":false},"excerpt":{"rendered":"<p>After UltraLift\u2122 HIFU Procedure UltraLift\u2122 procedure utilizes microfocused, high-intensity ultrasound for lifting, firming, and rejuvenating the face. During the procedure, the SMAS tissue beneath the skin is tightened, and the skin&#8217;s fibroblasts are strongly stimulated to produce new collagen. The final results of the treatment are visible as early as 2\u20133 months after the procedure. [&hellip;]<\/p>\n","protected":false},"author":1,"featured_media":0,"parent":0,"menu_order":0,"comment_status":"closed","ping_status":"closed","template":"","meta":{"_acf_changed":false,"inline_featured_image":false,"footnotes":""},"class_list":["post-24207","page","type-page","status-publish","hentry"],"acf":[],"yoast_head":"<!-- This site is optimized with the Yoast SEO plugin v25.6 - https:\/\/yoast.com\/wordpress\/plugins\/seo\/ -->\n<title>Kotihoito-ohje | UltraLift\u2122 - Cityklinikka, 0201 777 288<\/title>\n<meta name=\"description\" content=\"UltraLift\u2122 HIFU on veitset\u00f6n kasvojenkohotus. Noudata n\u00e4it\u00e4 kotihoito-ohjeita toimenpiteen j\u00e4lkeen. Lis\u00e4tiedot: HKI, TKU, Lahti, 0201 777 288.\" \/>\n<meta name=\"robots\" content=\"index, follow, max-snippet:-1, max-image-preview:large, max-video-preview:-1\" \/>\n<link rel=\"canonical\" href=\"https:\/\/ckl.fi\/en\/afterultralift\/\" \/>\n<meta property=\"og:locale\" content=\"en_US\" \/>\n<meta property=\"og:type\" content=\"article\" \/>\n<meta property=\"og:title\" content=\"Kotihoito-ohje | UltraLift\u2122 - Cityklinikka, 0201 777 288\" \/>\n<meta property=\"og:description\" content=\"UltraLift\u2122 HIFU on veitset\u00f6n kasvojenkohotus. Noudata n\u00e4it\u00e4 kotihoito-ohjeita toimenpiteen j\u00e4lkeen. Lis\u00e4tiedot: HKI, TKU, Lahti, 0201 777 288.\" \/>\n<meta property=\"og:url\" content=\"https:\/\/ckl.fi\/en\/afterultralift\/\" \/>\n<meta property=\"og:site_name\" content=\"Cityklinikka\" \/>\n<meta property=\"article:publisher\" content=\"https:\/\/www.facebook.com\/Klinikka\" \/>\n<meta property=\"og:image\" content=\"https:\/\/ckl.fi\/wp-content\/uploads\/2017\/12\/cropped-CITYKLINIKKA-neli\u00f6.jpg\" \/>\n\t<meta property=\"og:image:width\" content=\"512\" \/>\n\t<meta property=\"og:image:height\" content=\"512\" \/>\n\t<meta property=\"og:image:type\" content=\"image\/jpeg\" \/>\n<meta name=\"twitter:card\" content=\"summary_large_image\" \/>\n<meta name=\"twitter:site\" content=\"@cityklinikka\" \/>\n<meta name=\"twitter:label1\" content=\"Est. reading time\" \/>\n\t<meta name=\"twitter:data1\" content=\"1 minute\" \/>\n<script type=\"application\/ld+json\" class=\"yoast-schema-graph\">{\"@context\":\"https:\/\/schema.org\",\"@graph\":[{\"@type\":\"WebPage\",\"@id\":\"https:\/\/ckl.fi\/en\/afterultralift\/\",\"url\":\"https:\/\/ckl.fi\/en\/afterultralift\/\",\"name\":\"Kotihoito-ohje | UltraLift\u2122 - Cityklinikka, 0201 777 288\",\"isPartOf\":{\"@id\":\"https:\/\/ckl.fi\/#website\"},\"datePublished\":\"2024-04-08T08:16:03+00:00\",\"description\":\"UltraLift\u2122 HIFU on veitset\u00f6n kasvojenkohotus. Noudata n\u00e4it\u00e4 kotihoito-ohjeita toimenpiteen j\u00e4lkeen. Lis\u00e4tiedot: HKI, TKU, Lahti, 0201 777 288.\",\"breadcrumb\":{\"@id\":\"https:\/\/ckl.fi\/en\/afterultralift\/#breadcrumb\"},\"inLanguage\":\"en-US\",\"potentialAction\":[{\"@type\":\"ReadAction\",\"target\":[\"https:\/\/ckl.fi\/en\/afterultralift\/\"]}]},{\"@type\":\"BreadcrumbList\",\"@id\":\"https:\/\/ckl.fi\/en\/afterultralift\/#breadcrumb\",\"itemListElement\":[{\"@type\":\"ListItem\",\"position\":1,\"name\":\"Home\",\"item\":\"https:\/\/ckl.fi\/en\/\"},{\"@type\":\"ListItem\",\"position\":2,\"name\":\"After UltraLift\u2122 HIFU treatment\"}]},{\"@type\":\"WebSite\",\"@id\":\"https:\/\/ckl.fi\/#website\",\"url\":\"https:\/\/ckl.fi\/\",\"name\":\"Cityklinikka\",\"description\":\"Esteettiset hoidot\",\"potentialAction\":[{\"@type\":\"SearchAction\",\"target\":{\"@type\":\"EntryPoint\",\"urlTemplate\":\"https:\/\/ckl.fi\/?s={search_term_string}\"},\"query-input\":{\"@type\":\"PropertyValueSpecification\",\"valueRequired\":true,\"valueName\":\"search_term_string\"}}],\"inLanguage\":\"en-US\"}]}<\/script>\n<!-- \/ Yoast SEO plugin. -->","yoast_head_json":{"title":"Kotihoito-ohje | UltraLift\u2122 - Cityklinikka, 0201 777 288","description":"UltraLift\u2122 HIFU on veitset\u00f6n kasvojenkohotus. Noudata n\u00e4it\u00e4 kotihoito-ohjeita toimenpiteen j\u00e4lkeen. Lis\u00e4tiedot: HKI, TKU, Lahti, 0201 777 288.","robots":{"index":"index","follow":"follow","max-snippet":"max-snippet:-1","max-image-preview":"max-image-preview:large","max-video-preview":"max-video-preview:-1"},"canonical":"https:\/\/ckl.fi\/en\/afterultralift\/","og_locale":"en_US","og_type":"article","og_title":"Kotihoito-ohje | UltraLift\u2122 - Cityklinikka, 0201 777 288","og_description":"UltraLift\u2122 HIFU on veitset\u00f6n kasvojenkohotus. Noudata n\u00e4it\u00e4 kotihoito-ohjeita toimenpiteen j\u00e4lkeen. Lis\u00e4tiedot: HKI, TKU, Lahti, 0201 777 288.","og_url":"https:\/\/ckl.fi\/en\/afterultralift\/","og_site_name":"Cityklinikka","article_publisher":"https:\/\/www.facebook.com\/Klinikka","og_image":[{"width":512,"height":512,"url":"https:\/\/ckl.fi\/wp-content\/uploads\/2017\/12\/cropped-CITYKLINIKKA-neli\u00f6.jpg","type":"image\/jpeg"}],"twitter_card":"summary_large_image","twitter_site":"@cityklinikka","twitter_misc":{"Est. reading time":"1 minute"},"schema":{"@context":"https:\/\/schema.org","@graph":[{"@type":"WebPage","@id":"https:\/\/ckl.fi\/en\/afterultralift\/","url":"https:\/\/ckl.fi\/en\/afterultralift\/","name":"Kotihoito-ohje | UltraLift\u2122 - Cityklinikka, 0201 777 288","isPartOf":{"@id":"https:\/\/ckl.fi\/#website"},"datePublished":"2024-04-08T08:16:03+00:00","description":"UltraLift\u2122 HIFU on veitset\u00f6n kasvojenkohotus. Noudata n\u00e4it\u00e4 kotihoito-ohjeita toimenpiteen j\u00e4lkeen. Lis\u00e4tiedot: HKI, TKU, Lahti, 0201 777 288.","breadcrumb":{"@id":"https:\/\/ckl.fi\/en\/afterultralift\/#breadcrumb"},"inLanguage":"en-US","potentialAction":[{"@type":"ReadAction","target":["https:\/\/ckl.fi\/en\/afterultralift\/"]}]},{"@type":"BreadcrumbList","@id":"https:\/\/ckl.fi\/en\/afterultralift\/#breadcrumb","itemListElement":[{"@type":"ListItem","position":1,"name":"Home","item":"https:\/\/ckl.fi\/en\/"},{"@type":"ListItem","position":2,"name":"After UltraLift\u2122 HIFU treatment"}]},{"@type":"WebSite","@id":"https:\/\/ckl.fi\/#website","url":"https:\/\/ckl.fi\/","name":"Cityklinikka","description":"Esteettiset hoidot","potentialAction":[{"@type":"SearchAction","target":{"@type":"EntryPoint","urlTemplate":"https:\/\/ckl.fi\/?s={search_term_string}"},"query-input":{"@type":"PropertyValueSpecification","valueRequired":true,"valueName":"search_term_string"}}],"inLanguage":"en-US"}]}},"_links":{"self":[{"href":"https:\/\/ckl.fi\/en\/wp-json\/wp\/v2\/pages\/24207","targetHints":{"allow":["GET"]}}],"collection":[{"href":"https:\/\/ckl.fi\/en\/wp-json\/wp\/v2\/pages"}],"about":[{"href":"https:\/\/ckl.fi\/en\/wp-json\/wp\/v2\/types\/page"}],"author":[{"embeddable":true,"href":"https:\/\/ckl.fi\/en\/wp-json\/wp\/v2\/users\/1"}],"replies":[{"embeddable":true,"href":"https:\/\/ckl.fi\/en\/wp-json\/wp\/v2\/comments?post=24207"}],"version-history":[{"count":3,"href":"https:\/\/ckl.fi\/en\/wp-json\/wp\/v2\/pages\/24207\/revisions"}],"predecessor-version":[{"id":24210,"href":"https:\/\/ckl.fi\/en\/wp-json\/wp\/v2\/pages\/24207\/revisions\/24210"}],"wp:attachment":[{"href":"https:\/\/ckl.fi\/en\/wp-json\/wp\/v2\/media?parent=24207"}],"curies":[{"name":"wp","href":"https:\/\/api.w.org\/{rel}","templated":true}]}}