{"id":24198,"date":"2024-04-08T11:01:35","date_gmt":"2024-04-08T08:01:35","guid":{"rendered":"https:\/\/ckl.fi\/?page_id=24198"},"modified":"2024-04-08T11:01:35","modified_gmt":"2024-04-08T08:01:35","slug":"after-botulinum-treatment","status":"publish","type":"page","link":"https:\/\/ckl.fi\/en\/after-botulinum-treatment\/","title":{"rendered":"After botulinum treatment"},"content":{"rendered":"<h1>Treatment Instructions &#8211; After Botulinum Treatment<\/h1>\n<p>After <a href=\"https:\/\/ckl.fi\/kasvot\/botox-rypyt-pois\/\">botulinum<\/a> treatment, the treated area may experience the following temporary side effects:<\/p>\n<ul>\n<li>mild redness<\/li>\n<li>bruising<\/li>\n<li>swelling<\/li>\n<li>sensitivity<\/li>\n<\/ul>\n<p>All of these are common post-injection reactions. They are temporary and usually resolve within a few days. If symptoms persist or if other symptoms occur, contact the provider who administered the botulinum treatment.<br \/>\nAvoid touching the treated area for the first six hours. Afterward, you can gently wash the area with water and cleansing products. Light makeup can be applied to the treated area immediately after the procedure. Avoid using organic cosmetics in the first few days. Avoid heat (tanning beds, sauna, direct sunlight) or excessive cold in the first three days. It is also advisable to avoid physical exertion in the first few days. Physical activity before and after botulinum treatment often affects the permanence of the treatment results.<\/p>\n<p>If you have had cold sores in the past, needle punctures may cause them to recur. Medications containing acetylsalicylic acid (such as aspirin) and some herbal remedies may increase the appearance of bruising or bleeding at the injection site.<\/p>\n<p>The results of botulinum treatment are not immediately visible after treatment. Results typically appear about three days after the treatment and continue to improve over the following two weeks. The final result can be evaluated two weeks after the treatment.<\/p>\n<p>The results of botulinum treatment typically last for 3\u20136 months. Metabolism varies individually, which explains the differences in the duration of treatment results. Follow-up treatments are usually performed once or twice a year.<\/p>\n","protected":false},"excerpt":{"rendered":"<p>Treatment Instructions &#8211; After Botulinum Treatment After botulinum treatment, the treated area may experience the following temporary side effects: mild redness bruising swelling sensitivity All of these are common post-injection reactions. They are temporary and usually resolve within a few days. If symptoms persist or if other symptoms occur, contact the provider who administered the [&hellip;]<\/p>\n","protected":false},"author":1,"featured_media":0,"parent":0,"menu_order":0,"comment_status":"closed","ping_status":"closed","template":"","meta":{"_acf_changed":false,"inline_featured_image":false,"footnotes":""},"class_list":["post-24198","page","type-page","status-publish","hentry"],"acf":[],"yoast_head":"<!-- This site is optimized with the Yoast SEO plugin v25.6 - https:\/\/yoast.com\/wordpress\/plugins\/seo\/ -->\n<title>Kotihoito-ohje | Botuliinihoito - Cityklinikka, 0201 777 288<\/title>\n<meta name=\"description\" content=\"Botuliinihoidon lopputulos tulee esille vasta muutaman p\u00e4iv\u00e4n kuluttua hoidosta. Tulosta voi arvioida kahden viikon p\u00e4\u00e4st\u00e4 hoidosta.\" \/>\n<meta name=\"robots\" content=\"index, follow, max-snippet:-1, max-image-preview:large, max-video-preview:-1\" \/>\n<link rel=\"canonical\" href=\"https:\/\/ckl.fi\/en\/after-botulinum-treatment\/\" \/>\n<meta property=\"og:locale\" content=\"en_US\" \/>\n<meta property=\"og:type\" content=\"article\" \/>\n<meta property=\"og:title\" content=\"Kotihoito-ohje | Botuliinihoito - Cityklinikka, 0201 777 288\" \/>\n<meta property=\"og:description\" content=\"Botuliinihoidon lopputulos tulee esille vasta muutaman p\u00e4iv\u00e4n kuluttua hoidosta. Tulosta voi arvioida kahden viikon p\u00e4\u00e4st\u00e4 hoidosta.\" \/>\n<meta property=\"og:url\" content=\"https:\/\/ckl.fi\/en\/after-botulinum-treatment\/\" \/>\n<meta property=\"og:site_name\" content=\"Cityklinikka\" \/>\n<meta property=\"article:publisher\" content=\"https:\/\/www.facebook.com\/Klinikka\" \/>\n<meta property=\"og:image\" content=\"https:\/\/ckl.fi\/wp-content\/uploads\/2017\/12\/cropped-CITYKLINIKKA-neli\u00f6.jpg\" \/>\n\t<meta property=\"og:image:width\" content=\"512\" \/>\n\t<meta property=\"og:image:height\" content=\"512\" \/>\n\t<meta property=\"og:image:type\" content=\"image\/jpeg\" \/>\n<meta name=\"twitter:card\" content=\"summary_large_image\" \/>\n<meta name=\"twitter:site\" content=\"@cityklinikka\" \/>\n<meta name=\"twitter:label1\" content=\"Est. reading time\" \/>\n\t<meta name=\"twitter:data1\" content=\"2 minutes\" \/>\n<script type=\"application\/ld+json\" class=\"yoast-schema-graph\">{\"@context\":\"https:\/\/schema.org\",\"@graph\":[{\"@type\":\"WebPage\",\"@id\":\"https:\/\/ckl.fi\/en\/after-botulinum-treatment\/\",\"url\":\"https:\/\/ckl.fi\/en\/after-botulinum-treatment\/\",\"name\":\"Kotihoito-ohje | Botuliinihoito - Cityklinikka, 0201 777 288\",\"isPartOf\":{\"@id\":\"https:\/\/ckl.fi\/#website\"},\"datePublished\":\"2024-04-08T08:01:35+00:00\",\"description\":\"Botuliinihoidon lopputulos tulee esille vasta muutaman p\u00e4iv\u00e4n kuluttua hoidosta. Tulosta voi arvioida kahden viikon p\u00e4\u00e4st\u00e4 hoidosta.\",\"breadcrumb\":{\"@id\":\"https:\/\/ckl.fi\/en\/after-botulinum-treatment\/#breadcrumb\"},\"inLanguage\":\"en-US\",\"potentialAction\":[{\"@type\":\"ReadAction\",\"target\":[\"https:\/\/ckl.fi\/en\/after-botulinum-treatment\/\"]}]},{\"@type\":\"BreadcrumbList\",\"@id\":\"https:\/\/ckl.fi\/en\/after-botulinum-treatment\/#breadcrumb\",\"itemListElement\":[{\"@type\":\"ListItem\",\"position\":1,\"name\":\"Home\",\"item\":\"https:\/\/ckl.fi\/en\/\"},{\"@type\":\"ListItem\",\"position\":2,\"name\":\"After botulinum treatment\"}]},{\"@type\":\"WebSite\",\"@id\":\"https:\/\/ckl.fi\/#website\",\"url\":\"https:\/\/ckl.fi\/\",\"name\":\"Cityklinikka\",\"description\":\"Esteettiset hoidot\",\"potentialAction\":[{\"@type\":\"SearchAction\",\"target\":{\"@type\":\"EntryPoint\",\"urlTemplate\":\"https:\/\/ckl.fi\/?s={search_term_string}\"},\"query-input\":{\"@type\":\"PropertyValueSpecification\",\"valueRequired\":true,\"valueName\":\"search_term_string\"}}],\"inLanguage\":\"en-US\"}]}<\/script>\n<!-- \/ Yoast SEO plugin. -->","yoast_head_json":{"title":"Kotihoito-ohje | Botuliinihoito - Cityklinikka, 0201 777 288","description":"Botuliinihoidon lopputulos tulee esille vasta muutaman p\u00e4iv\u00e4n kuluttua hoidosta. Tulosta voi arvioida kahden viikon p\u00e4\u00e4st\u00e4 hoidosta.","robots":{"index":"index","follow":"follow","max-snippet":"max-snippet:-1","max-image-preview":"max-image-preview:large","max-video-preview":"max-video-preview:-1"},"canonical":"https:\/\/ckl.fi\/en\/after-botulinum-treatment\/","og_locale":"en_US","og_type":"article","og_title":"Kotihoito-ohje | Botuliinihoito - Cityklinikka, 0201 777 288","og_description":"Botuliinihoidon lopputulos tulee esille vasta muutaman p\u00e4iv\u00e4n kuluttua hoidosta. Tulosta voi arvioida kahden viikon p\u00e4\u00e4st\u00e4 hoidosta.","og_url":"https:\/\/ckl.fi\/en\/after-botulinum-treatment\/","og_site_name":"Cityklinikka","article_publisher":"https:\/\/www.facebook.com\/Klinikka","og_image":[{"width":512,"height":512,"url":"https:\/\/ckl.fi\/wp-content\/uploads\/2017\/12\/cropped-CITYKLINIKKA-neli\u00f6.jpg","type":"image\/jpeg"}],"twitter_card":"summary_large_image","twitter_site":"@cityklinikka","twitter_misc":{"Est. reading time":"2 minutes"},"schema":{"@context":"https:\/\/schema.org","@graph":[{"@type":"WebPage","@id":"https:\/\/ckl.fi\/en\/after-botulinum-treatment\/","url":"https:\/\/ckl.fi\/en\/after-botulinum-treatment\/","name":"Kotihoito-ohje | Botuliinihoito - Cityklinikka, 0201 777 288","isPartOf":{"@id":"https:\/\/ckl.fi\/#website"},"datePublished":"2024-04-08T08:01:35+00:00","description":"Botuliinihoidon lopputulos tulee esille vasta muutaman p\u00e4iv\u00e4n kuluttua hoidosta. Tulosta voi arvioida kahden viikon p\u00e4\u00e4st\u00e4 hoidosta.","breadcrumb":{"@id":"https:\/\/ckl.fi\/en\/after-botulinum-treatment\/#breadcrumb"},"inLanguage":"en-US","potentialAction":[{"@type":"ReadAction","target":["https:\/\/ckl.fi\/en\/after-botulinum-treatment\/"]}]},{"@type":"BreadcrumbList","@id":"https:\/\/ckl.fi\/en\/after-botulinum-treatment\/#breadcrumb","itemListElement":[{"@type":"ListItem","position":1,"name":"Home","item":"https:\/\/ckl.fi\/en\/"},{"@type":"ListItem","position":2,"name":"After botulinum treatment"}]},{"@type":"WebSite","@id":"https:\/\/ckl.fi\/#website","url":"https:\/\/ckl.fi\/","name":"Cityklinikka","description":"Esteettiset hoidot","potentialAction":[{"@type":"SearchAction","target":{"@type":"EntryPoint","urlTemplate":"https:\/\/ckl.fi\/?s={search_term_string}"},"query-input":{"@type":"PropertyValueSpecification","valueRequired":true,"valueName":"search_term_string"}}],"inLanguage":"en-US"}]}},"_links":{"self":[{"href":"https:\/\/ckl.fi\/en\/wp-json\/wp\/v2\/pages\/24198","targetHints":{"allow":["GET"]}}],"collection":[{"href":"https:\/\/ckl.fi\/en\/wp-json\/wp\/v2\/pages"}],"about":[{"href":"https:\/\/ckl.fi\/en\/wp-json\/wp\/v2\/types\/page"}],"author":[{"embeddable":true,"href":"https:\/\/ckl.fi\/en\/wp-json\/wp\/v2\/users\/1"}],"replies":[{"embeddable":true,"href":"https:\/\/ckl.fi\/en\/wp-json\/wp\/v2\/comments?post=24198"}],"version-history":[{"count":3,"href":"https:\/\/ckl.fi\/en\/wp-json\/wp\/v2\/pages\/24198\/revisions"}],"predecessor-version":[{"id":24201,"href":"https:\/\/ckl.fi\/en\/wp-json\/wp\/v2\/pages\/24198\/revisions\/24201"}],"wp:attachment":[{"href":"https:\/\/ckl.fi\/en\/wp-json\/wp\/v2\/media?parent=24198"}],"curies":[{"name":"wp","href":"https:\/\/api.w.org\/{rel}","templated":true}]}}