{"id":24160,"date":"2024-04-03T14:11:30","date_gmt":"2024-04-03T11:11:30","guid":{"rendered":"https:\/\/ckl.fi\/?page_id=24160"},"modified":"2024-04-03T14:11:30","modified_gmt":"2024-04-03T11:11:30","slug":"after-abdominoplasty","status":"publish","type":"page","link":"https:\/\/ckl.fi\/en\/after-abdominoplasty\/","title":{"rendered":"After abdominoplasty"},"content":{"rendered":"<h1>After abdominoplasty<\/h1>\n<p>From the day after surgery, you should shower daily. After showering, the wound should be carefully dried without rubbing. The tapes can withstand showering. The tapes are kept as protection for the wound until the stitches are removed (usually 7-14 days). Before coming in for stitch removal, the suture lines should be showered at home more generously and longer than usual to facilitate stitch removal.<\/p>\n<p>After stitch removal, the tapes are changed weekly, and taping continues for three months until the follow-up appointment. You can go to the sauna no earlier than three weeks after abdominoplasty. The condition is that there are no bruises or swelling left. Arnizen\u2122 Cream Gel can be used for bruise care, and Scarsilc gel can be used for scars.<\/p>\n<p>Sudden straightening of the body should be avoided for a couple of weeks. A support garment should be worn day and night for three weeks, and then as prescribed by the doctor. Physical exertion should be avoided for a week, but normal, gentle movement daily is important. Heavy lifting and lifting should be avoided for six weeks. We recommend lymphatic therapy before and after the procedure.<\/p>\n<p>Follow-up appointments are scheduled three months and one year after.<\/p>\n<p><strong>Please contact Cityklinikka if:<\/strong><\/p>\n<ul>\n<li>there is unexpected pain in the wound<\/li>\n<li>the wound is still bleeding<\/li>\n<li>the wound becomes infected<\/li>\n<li>fever rises above 38 degrees<\/li>\n<li>the wound swells or fluid accumulates in the surgical area<\/li>\n<\/ul>\n<p>For all matters related to the procedure, you can contact the clinic at +358 201 777 288.<br \/>\nIn urgent cases, you can call the plastic surgeon&#8217;s emergency number at +467 02761 333.<\/p>\n","protected":false},"excerpt":{"rendered":"<p>After abdominoplasty From the day after surgery, you should shower daily. After showering, the wound should be carefully dried without rubbing. The tapes can withstand showering. The tapes are kept as protection for the wound until the stitches are removed (usually 7-14 days). Before coming in for stitch removal, the suture lines should be showered [&hellip;]<\/p>\n","protected":false},"author":1,"featured_media":0,"parent":0,"menu_order":0,"comment_status":"closed","ping_status":"closed","template":"","meta":{"_acf_changed":false,"inline_featured_image":false,"footnotes":""},"class_list":["post-24160","page","type-page","status-publish","hentry"],"acf":[],"yoast_head":"<!-- This site is optimized with the Yoast SEO plugin v25.6 - https:\/\/yoast.com\/wordpress\/plugins\/seo\/ -->\n<title>Kotihoito-ohje | Abdominoplastia - Cityklinikka, 0201 777 288<\/title>\n<meta name=\"description\" content=\"Abdominoplastian j\u00e4lkeen noudatetaan n\u00e4it\u00e4 kotihoito-ohjeita. Vatsanmuotoiluleikkaus eli abdominoplastia Helsingin Cityklinikalla, 0201 777 288.\" \/>\n<meta name=\"robots\" content=\"index, follow, max-snippet:-1, max-image-preview:large, max-video-preview:-1\" \/>\n<link rel=\"canonical\" href=\"https:\/\/ckl.fi\/en\/after-abdominoplasty\/\" \/>\n<meta property=\"og:locale\" content=\"en_US\" \/>\n<meta property=\"og:type\" content=\"article\" \/>\n<meta property=\"og:title\" content=\"Kotihoito-ohje | Abdominoplastia - Cityklinikka, 0201 777 288\" \/>\n<meta property=\"og:description\" content=\"Abdominoplastian j\u00e4lkeen noudatetaan n\u00e4it\u00e4 kotihoito-ohjeita. Vatsanmuotoiluleikkaus eli abdominoplastia Helsingin Cityklinikalla, 0201 777 288.\" \/>\n<meta property=\"og:url\" content=\"https:\/\/ckl.fi\/en\/after-abdominoplasty\/\" \/>\n<meta property=\"og:site_name\" content=\"Cityklinikka\" \/>\n<meta property=\"article:publisher\" content=\"https:\/\/www.facebook.com\/Klinikka\" \/>\n<meta property=\"og:image\" content=\"https:\/\/ckl.fi\/wp-content\/uploads\/2017\/12\/cropped-CITYKLINIKKA-neli\u00f6.jpg\" \/>\n\t<meta property=\"og:image:width\" content=\"512\" \/>\n\t<meta property=\"og:image:height\" content=\"512\" \/>\n\t<meta property=\"og:image:type\" content=\"image\/jpeg\" \/>\n<meta name=\"twitter:card\" content=\"summary_large_image\" \/>\n<meta name=\"twitter:site\" content=\"@cityklinikka\" \/>\n<meta name=\"twitter:label1\" content=\"Est. reading time\" \/>\n\t<meta name=\"twitter:data1\" content=\"2 minutes\" \/>\n<script type=\"application\/ld+json\" class=\"yoast-schema-graph\">{\"@context\":\"https:\/\/schema.org\",\"@graph\":[{\"@type\":\"WebPage\",\"@id\":\"https:\/\/ckl.fi\/en\/after-abdominoplasty\/\",\"url\":\"https:\/\/ckl.fi\/en\/after-abdominoplasty\/\",\"name\":\"Kotihoito-ohje | Abdominoplastia - Cityklinikka, 0201 777 288\",\"isPartOf\":{\"@id\":\"https:\/\/ckl.fi\/#website\"},\"datePublished\":\"2024-04-03T11:11:30+00:00\",\"description\":\"Abdominoplastian j\u00e4lkeen noudatetaan n\u00e4it\u00e4 kotihoito-ohjeita. Vatsanmuotoiluleikkaus eli abdominoplastia Helsingin Cityklinikalla, 0201 777 288.\",\"breadcrumb\":{\"@id\":\"https:\/\/ckl.fi\/en\/after-abdominoplasty\/#breadcrumb\"},\"inLanguage\":\"en-US\",\"potentialAction\":[{\"@type\":\"ReadAction\",\"target\":[\"https:\/\/ckl.fi\/en\/after-abdominoplasty\/\"]}]},{\"@type\":\"BreadcrumbList\",\"@id\":\"https:\/\/ckl.fi\/en\/after-abdominoplasty\/#breadcrumb\",\"itemListElement\":[{\"@type\":\"ListItem\",\"position\":1,\"name\":\"Home\",\"item\":\"https:\/\/ckl.fi\/en\/\"},{\"@type\":\"ListItem\",\"position\":2,\"name\":\"After abdominoplasty\"}]},{\"@type\":\"WebSite\",\"@id\":\"https:\/\/ckl.fi\/#website\",\"url\":\"https:\/\/ckl.fi\/\",\"name\":\"Cityklinikka\",\"description\":\"Esteettiset hoidot\",\"potentialAction\":[{\"@type\":\"SearchAction\",\"target\":{\"@type\":\"EntryPoint\",\"urlTemplate\":\"https:\/\/ckl.fi\/?s={search_term_string}\"},\"query-input\":{\"@type\":\"PropertyValueSpecification\",\"valueRequired\":true,\"valueName\":\"search_term_string\"}}],\"inLanguage\":\"en-US\"}]}<\/script>\n<!-- \/ Yoast SEO plugin. -->","yoast_head_json":{"title":"Kotihoito-ohje | Abdominoplastia - Cityklinikka, 0201 777 288","description":"Abdominoplastian j\u00e4lkeen noudatetaan n\u00e4it\u00e4 kotihoito-ohjeita. Vatsanmuotoiluleikkaus eli abdominoplastia Helsingin Cityklinikalla, 0201 777 288.","robots":{"index":"index","follow":"follow","max-snippet":"max-snippet:-1","max-image-preview":"max-image-preview:large","max-video-preview":"max-video-preview:-1"},"canonical":"https:\/\/ckl.fi\/en\/after-abdominoplasty\/","og_locale":"en_US","og_type":"article","og_title":"Kotihoito-ohje | Abdominoplastia - Cityklinikka, 0201 777 288","og_description":"Abdominoplastian j\u00e4lkeen noudatetaan n\u00e4it\u00e4 kotihoito-ohjeita. Vatsanmuotoiluleikkaus eli abdominoplastia Helsingin Cityklinikalla, 0201 777 288.","og_url":"https:\/\/ckl.fi\/en\/after-abdominoplasty\/","og_site_name":"Cityklinikka","article_publisher":"https:\/\/www.facebook.com\/Klinikka","og_image":[{"width":512,"height":512,"url":"https:\/\/ckl.fi\/wp-content\/uploads\/2017\/12\/cropped-CITYKLINIKKA-neli\u00f6.jpg","type":"image\/jpeg"}],"twitter_card":"summary_large_image","twitter_site":"@cityklinikka","twitter_misc":{"Est. reading time":"2 minutes"},"schema":{"@context":"https:\/\/schema.org","@graph":[{"@type":"WebPage","@id":"https:\/\/ckl.fi\/en\/after-abdominoplasty\/","url":"https:\/\/ckl.fi\/en\/after-abdominoplasty\/","name":"Kotihoito-ohje | Abdominoplastia - Cityklinikka, 0201 777 288","isPartOf":{"@id":"https:\/\/ckl.fi\/#website"},"datePublished":"2024-04-03T11:11:30+00:00","description":"Abdominoplastian j\u00e4lkeen noudatetaan n\u00e4it\u00e4 kotihoito-ohjeita. Vatsanmuotoiluleikkaus eli abdominoplastia Helsingin Cityklinikalla, 0201 777 288.","breadcrumb":{"@id":"https:\/\/ckl.fi\/en\/after-abdominoplasty\/#breadcrumb"},"inLanguage":"en-US","potentialAction":[{"@type":"ReadAction","target":["https:\/\/ckl.fi\/en\/after-abdominoplasty\/"]}]},{"@type":"BreadcrumbList","@id":"https:\/\/ckl.fi\/en\/after-abdominoplasty\/#breadcrumb","itemListElement":[{"@type":"ListItem","position":1,"name":"Home","item":"https:\/\/ckl.fi\/en\/"},{"@type":"ListItem","position":2,"name":"After abdominoplasty"}]},{"@type":"WebSite","@id":"https:\/\/ckl.fi\/#website","url":"https:\/\/ckl.fi\/","name":"Cityklinikka","description":"Esteettiset hoidot","potentialAction":[{"@type":"SearchAction","target":{"@type":"EntryPoint","urlTemplate":"https:\/\/ckl.fi\/?s={search_term_string}"},"query-input":{"@type":"PropertyValueSpecification","valueRequired":true,"valueName":"search_term_string"}}],"inLanguage":"en-US"}]}},"_links":{"self":[{"href":"https:\/\/ckl.fi\/en\/wp-json\/wp\/v2\/pages\/24160","targetHints":{"allow":["GET"]}}],"collection":[{"href":"https:\/\/ckl.fi\/en\/wp-json\/wp\/v2\/pages"}],"about":[{"href":"https:\/\/ckl.fi\/en\/wp-json\/wp\/v2\/types\/page"}],"author":[{"embeddable":true,"href":"https:\/\/ckl.fi\/en\/wp-json\/wp\/v2\/users\/1"}],"replies":[{"embeddable":true,"href":"https:\/\/ckl.fi\/en\/wp-json\/wp\/v2\/comments?post=24160"}],"version-history":[{"count":3,"href":"https:\/\/ckl.fi\/en\/wp-json\/wp\/v2\/pages\/24160\/revisions"}],"predecessor-version":[{"id":24163,"href":"https:\/\/ckl.fi\/en\/wp-json\/wp\/v2\/pages\/24160\/revisions\/24163"}],"wp:attachment":[{"href":"https:\/\/ckl.fi\/en\/wp-json\/wp\/v2\/media?parent=24160"}],"curies":[{"name":"wp","href":"https:\/\/api.w.org\/{rel}","templated":true}]}}