{"id":24134,"date":"2024-04-02T16:26:00","date_gmt":"2024-04-02T13:26:00","guid":{"rendered":"https:\/\/ckl.fi\/?page_id=24134"},"modified":"2024-04-02T16:26:00","modified_gmt":"2024-04-02T13:26:00","slug":"kasvojen-rasvansiirto-2","status":"publish","type":"page","link":"https:\/\/ckl.fi\/en\/kasvojen-rasvansiirto-2\/","title":{"rendered":"After fat transfer"},"content":{"rendered":"<h1>After fat transfer<\/h1>\n<ul>\n<li>You can shower the day after the procedure. Getting the wounds wet is not a problem. Pat the tapes very gently dry with a clean towel.<\/li>\n<li>Areas where fat has been taken may ooze bloody tissue fluid for a few days. You can gently press out the fluid very cautiously.<\/li>\n<li>After the procedure, the skin tapes placed on the treated area can be removed at home 2\u20134 days later, gently during showering or washing the face. The area should be rinsed with lukewarm water. Arnizen cream should be applied to the treated area several times a day during the first few weeks.<\/li>\n<li>Felt-tip marks on the face can be lightened by gently patting the skin with Arnizen cream. However, avoid getting the cream onto the tapes.<\/li>\n<li>Avoid all facial movements \u2014 including laughing, smiling, and chewing \u2014 during the first week. Do not rub or move the skin. Movement can cause destruction of the transferred fat.<\/li>\n<li>Arnizen\u2122 Cream Gel can be used for bruise treatment.<\/li>\n<li>We recommend lymphatic therapy to be started before the surgery due to swelling and continued according to the doctor&#8217;s instructions afterward.<\/li>\n<li>Do not expose the fat transfer area to pressure or cold. Pressure and cold can cause destruction of the transferred fat.<\/li>\n<li>Sleep on your back for the first month to avoid pressure on the facial area. Protect your face from cold when outdoors during the first month.<\/li>\n<li>Eat well during the first month. Carbohydrate-rich nutrition helps the transferred fat to adhere.<\/li>\n<li>There may be a feeling of tightness on the face initially. Swelling and bruising disappear in 2\u20136 weeks. Sauna visits are recommended only after swelling and bruising have disappeared, usually 3\u20134 weeks later.<\/li>\n<li>Cold packs and regular painkillers available from the pharmacy can be used for relief.<\/li>\n<li>Using sunscreen is important for at least two months.<\/li>\n<li>You can start using concealer the day after the procedure.<\/li>\n<\/ul>\n<p>Follow-up appointment is scheduled for 3\u20136 months later.<\/p>\n<p>&nbsp;<\/p>\n<p><strong>Contact the clinic if:<\/strong><\/p>\n<ul>\n<li>there is unexpected pain in the fat transfer area<\/li>\n<li>the wounds continue to bleed<\/li>\n<li>the fat transfer area or the extraction site swells or becomes infected<\/li>\n<li>fever above 38 degrees Celsius lasts for more than a day<\/li>\n<\/ul>\n<p>&nbsp;<\/p>\n","protected":false},"excerpt":{"rendered":"<p>After fat transfer You can shower the day after the procedure. Getting the wounds wet is not a problem. Pat the tapes very gently dry with a clean towel. Areas where fat has been taken may ooze bloody tissue fluid for a few days. You can gently press out the fluid very cautiously. After the [&hellip;]<\/p>\n","protected":false},"author":1,"featured_media":0,"parent":0,"menu_order":0,"comment_status":"closed","ping_status":"closed","template":"","meta":{"_acf_changed":false,"inline_featured_image":false,"footnotes":""},"class_list":["post-24134","page","type-page","status-publish","hentry"],"acf":[],"yoast_head":"<!-- This site is optimized with the Yoast SEO plugin v25.6 - https:\/\/yoast.com\/wordpress\/plugins\/seo\/ -->\n<title>Kotihoito-ohje | Kasvojen rasvansiirto - Cityklinikka, 0201 777 288<\/title>\n<meta name=\"description\" content=\"Kasvojen rasvansiirto voidaan tehd\u00e4 paikallispuudutuksessa Helsingin tai Turun Cityklinikalla. Lue kotihoito-ohjeet t\u00e4\u00e4lt\u00e4.\" \/>\n<meta name=\"robots\" content=\"index, follow, max-snippet:-1, max-image-preview:large, max-video-preview:-1\" \/>\n<link rel=\"canonical\" href=\"https:\/\/ckl.fi\/en\/kasvojen-rasvansiirto-2\/\" \/>\n<meta property=\"og:locale\" content=\"en_US\" \/>\n<meta property=\"og:type\" content=\"article\" \/>\n<meta property=\"og:title\" content=\"Kotihoito-ohje | Kasvojen rasvansiirto - Cityklinikka, 0201 777 288\" \/>\n<meta property=\"og:description\" content=\"Kasvojen rasvansiirto voidaan tehd\u00e4 paikallispuudutuksessa Helsingin tai Turun Cityklinikalla. Lue kotihoito-ohjeet t\u00e4\u00e4lt\u00e4.\" \/>\n<meta property=\"og:url\" content=\"https:\/\/ckl.fi\/en\/kasvojen-rasvansiirto-2\/\" \/>\n<meta property=\"og:site_name\" content=\"Cityklinikka\" \/>\n<meta property=\"article:publisher\" content=\"https:\/\/www.facebook.com\/Klinikka\" \/>\n<meta property=\"og:image\" content=\"https:\/\/ckl.fi\/wp-content\/uploads\/2017\/12\/cropped-CITYKLINIKKA-neli\u00f6.jpg\" \/>\n\t<meta property=\"og:image:width\" content=\"512\" \/>\n\t<meta property=\"og:image:height\" content=\"512\" \/>\n\t<meta property=\"og:image:type\" content=\"image\/jpeg\" \/>\n<meta name=\"twitter:card\" content=\"summary_large_image\" \/>\n<meta name=\"twitter:site\" content=\"@cityklinikka\" \/>\n<meta name=\"twitter:label1\" content=\"Est. reading time\" \/>\n\t<meta name=\"twitter:data1\" content=\"3 minutes\" \/>\n<script type=\"application\/ld+json\" class=\"yoast-schema-graph\">{\"@context\":\"https:\/\/schema.org\",\"@graph\":[{\"@type\":\"WebPage\",\"@id\":\"https:\/\/ckl.fi\/en\/kasvojen-rasvansiirto-2\/\",\"url\":\"https:\/\/ckl.fi\/en\/kasvojen-rasvansiirto-2\/\",\"name\":\"Kotihoito-ohje | Kasvojen rasvansiirto - Cityklinikka, 0201 777 288\",\"isPartOf\":{\"@id\":\"https:\/\/ckl.fi\/#website\"},\"datePublished\":\"2024-04-02T13:26:00+00:00\",\"description\":\"Kasvojen rasvansiirto voidaan tehd\u00e4 paikallispuudutuksessa Helsingin tai Turun Cityklinikalla. Lue kotihoito-ohjeet t\u00e4\u00e4lt\u00e4.\",\"breadcrumb\":{\"@id\":\"https:\/\/ckl.fi\/en\/kasvojen-rasvansiirto-2\/#breadcrumb\"},\"inLanguage\":\"en-US\",\"potentialAction\":[{\"@type\":\"ReadAction\",\"target\":[\"https:\/\/ckl.fi\/en\/kasvojen-rasvansiirto-2\/\"]}]},{\"@type\":\"BreadcrumbList\",\"@id\":\"https:\/\/ckl.fi\/en\/kasvojen-rasvansiirto-2\/#breadcrumb\",\"itemListElement\":[{\"@type\":\"ListItem\",\"position\":1,\"name\":\"Home\",\"item\":\"https:\/\/ckl.fi\/en\/\"},{\"@type\":\"ListItem\",\"position\":2,\"name\":\"After fat transfer\"}]},{\"@type\":\"WebSite\",\"@id\":\"https:\/\/ckl.fi\/#website\",\"url\":\"https:\/\/ckl.fi\/\",\"name\":\"Cityklinikka\",\"description\":\"Esteettiset hoidot\",\"potentialAction\":[{\"@type\":\"SearchAction\",\"target\":{\"@type\":\"EntryPoint\",\"urlTemplate\":\"https:\/\/ckl.fi\/?s={search_term_string}\"},\"query-input\":{\"@type\":\"PropertyValueSpecification\",\"valueRequired\":true,\"valueName\":\"search_term_string\"}}],\"inLanguage\":\"en-US\"}]}<\/script>\n<!-- \/ Yoast SEO plugin. -->","yoast_head_json":{"title":"Kotihoito-ohje | Kasvojen rasvansiirto - Cityklinikka, 0201 777 288","description":"Kasvojen rasvansiirto voidaan tehd\u00e4 paikallispuudutuksessa Helsingin tai Turun Cityklinikalla. Lue kotihoito-ohjeet t\u00e4\u00e4lt\u00e4.","robots":{"index":"index","follow":"follow","max-snippet":"max-snippet:-1","max-image-preview":"max-image-preview:large","max-video-preview":"max-video-preview:-1"},"canonical":"https:\/\/ckl.fi\/en\/kasvojen-rasvansiirto-2\/","og_locale":"en_US","og_type":"article","og_title":"Kotihoito-ohje | Kasvojen rasvansiirto - Cityklinikka, 0201 777 288","og_description":"Kasvojen rasvansiirto voidaan tehd\u00e4 paikallispuudutuksessa Helsingin tai Turun Cityklinikalla. Lue kotihoito-ohjeet t\u00e4\u00e4lt\u00e4.","og_url":"https:\/\/ckl.fi\/en\/kasvojen-rasvansiirto-2\/","og_site_name":"Cityklinikka","article_publisher":"https:\/\/www.facebook.com\/Klinikka","og_image":[{"width":512,"height":512,"url":"https:\/\/ckl.fi\/wp-content\/uploads\/2017\/12\/cropped-CITYKLINIKKA-neli\u00f6.jpg","type":"image\/jpeg"}],"twitter_card":"summary_large_image","twitter_site":"@cityklinikka","twitter_misc":{"Est. reading time":"3 minutes"},"schema":{"@context":"https:\/\/schema.org","@graph":[{"@type":"WebPage","@id":"https:\/\/ckl.fi\/en\/kasvojen-rasvansiirto-2\/","url":"https:\/\/ckl.fi\/en\/kasvojen-rasvansiirto-2\/","name":"Kotihoito-ohje | Kasvojen rasvansiirto - Cityklinikka, 0201 777 288","isPartOf":{"@id":"https:\/\/ckl.fi\/#website"},"datePublished":"2024-04-02T13:26:00+00:00","description":"Kasvojen rasvansiirto voidaan tehd\u00e4 paikallispuudutuksessa Helsingin tai Turun Cityklinikalla. Lue kotihoito-ohjeet t\u00e4\u00e4lt\u00e4.","breadcrumb":{"@id":"https:\/\/ckl.fi\/en\/kasvojen-rasvansiirto-2\/#breadcrumb"},"inLanguage":"en-US","potentialAction":[{"@type":"ReadAction","target":["https:\/\/ckl.fi\/en\/kasvojen-rasvansiirto-2\/"]}]},{"@type":"BreadcrumbList","@id":"https:\/\/ckl.fi\/en\/kasvojen-rasvansiirto-2\/#breadcrumb","itemListElement":[{"@type":"ListItem","position":1,"name":"Home","item":"https:\/\/ckl.fi\/en\/"},{"@type":"ListItem","position":2,"name":"After fat transfer"}]},{"@type":"WebSite","@id":"https:\/\/ckl.fi\/#website","url":"https:\/\/ckl.fi\/","name":"Cityklinikka","description":"Esteettiset hoidot","potentialAction":[{"@type":"SearchAction","target":{"@type":"EntryPoint","urlTemplate":"https:\/\/ckl.fi\/?s={search_term_string}"},"query-input":{"@type":"PropertyValueSpecification","valueRequired":true,"valueName":"search_term_string"}}],"inLanguage":"en-US"}]}},"_links":{"self":[{"href":"https:\/\/ckl.fi\/en\/wp-json\/wp\/v2\/pages\/24134","targetHints":{"allow":["GET"]}}],"collection":[{"href":"https:\/\/ckl.fi\/en\/wp-json\/wp\/v2\/pages"}],"about":[{"href":"https:\/\/ckl.fi\/en\/wp-json\/wp\/v2\/types\/page"}],"author":[{"embeddable":true,"href":"https:\/\/ckl.fi\/en\/wp-json\/wp\/v2\/users\/1"}],"replies":[{"embeddable":true,"href":"https:\/\/ckl.fi\/en\/wp-json\/wp\/v2\/comments?post=24134"}],"version-history":[{"count":3,"href":"https:\/\/ckl.fi\/en\/wp-json\/wp\/v2\/pages\/24134\/revisions"}],"predecessor-version":[{"id":24137,"href":"https:\/\/ckl.fi\/en\/wp-json\/wp\/v2\/pages\/24134\/revisions\/24137"}],"wp:attachment":[{"href":"https:\/\/ckl.fi\/en\/wp-json\/wp\/v2\/media?parent=24134"}],"curies":[{"name":"wp","href":"https:\/\/api.w.org\/{rel}","templated":true}]}}