{"id":24128,"date":"2024-04-02T16:23:44","date_gmt":"2024-04-02T13:23:44","guid":{"rendered":"https:\/\/ckl.fi\/?page_id=24128"},"modified":"2024-04-02T16:23:44","modified_gmt":"2024-04-02T13:23:44","slug":"rasvansiirto-kasvoihin-ennen","status":"publish","type":"page","link":"https:\/\/ckl.fi\/en\/rasvansiirto-kasvoihin-ennen\/","title":{"rendered":"Before fat transfer"},"content":{"rendered":"<h1>Before fat transfer<\/h1>\n<ul>\n<li>Synthetic fillers (hyaluronic acid, calcium hydroxyapatite) make it difficult for fat to adhere. Allow the fillers to break down from the procedure area before fat transfer.<\/li>\n<li>There is no need to take a break with Botulinum toxin (Botox).<\/li>\n<li>Smoking also prevents the transferred fat from adhering. It is advisable to quit smoking at least two months before fat transfer.<\/li>\n<li>Take a 2\u20138 week break from omega supplements, fish oil supplements, and nonsteroidal anti-inflammatory drugs.<\/li>\n<li>Start using Arnizen cream according to the instructions two weeks before the procedure day.<\/li>\n<li>Eat as many green vegetables as possible for two weeks before fat transfer.<\/li>\n<li>Prepare for the recovery period. Bruising and swelling last for a couple of weeks. Avoid excessive talking, facial expressions, laughing, and eating hard foods for at least a week after fat transfer. Take all of these factors into account when planning your social life.<\/li>\n<li>Prepare pureed foods or soups for the week following fat transfer.<\/li>\n<\/ul>\n","protected":false},"excerpt":{"rendered":"<p>Before fat transfer Synthetic fillers (hyaluronic acid, calcium hydroxyapatite) make it difficult for fat to adhere. Allow the fillers to break down from the procedure area before fat transfer. There is no need to take a break with Botulinum toxin (Botox). Smoking also prevents the transferred fat from adhering. It is advisable to quit smoking [&hellip;]<\/p>\n","protected":false},"author":1,"featured_media":0,"parent":0,"menu_order":0,"comment_status":"closed","ping_status":"closed","template":"","meta":{"_acf_changed":false,"inline_featured_image":false,"footnotes":""},"class_list":["post-24128","page","type-page","status-publish","hentry"],"acf":[],"yoast_head":"<!-- This site is optimized with the Yoast SEO plugin v25.6 - https:\/\/yoast.com\/wordpress\/plugins\/seo\/ -->\n<title>Kotihoito-ohje | Ennen kasvojen rasvansiirtoa, Cityklinikka<\/title>\n<meta name=\"description\" content=\"Kasvojen rasvansiirto voidaan tehd\u00e4 paikallispuudutuksessa Helsingin tai Turun Cityklinikalla. Lue valmistautumisohjeet t\u00e4\u00e4ll\u00e4.\" \/>\n<meta name=\"robots\" content=\"index, follow, max-snippet:-1, max-image-preview:large, max-video-preview:-1\" \/>\n<link rel=\"canonical\" href=\"https:\/\/ckl.fi\/en\/rasvansiirto-kasvoihin-ennen\/\" \/>\n<meta property=\"og:locale\" content=\"en_US\" \/>\n<meta property=\"og:type\" content=\"article\" \/>\n<meta property=\"og:title\" content=\"Kotihoito-ohje | Ennen kasvojen rasvansiirtoa, Cityklinikka\" \/>\n<meta property=\"og:description\" content=\"Kasvojen rasvansiirto voidaan tehd\u00e4 paikallispuudutuksessa Helsingin tai Turun Cityklinikalla. Lue valmistautumisohjeet t\u00e4\u00e4ll\u00e4.\" \/>\n<meta property=\"og:url\" content=\"https:\/\/ckl.fi\/en\/rasvansiirto-kasvoihin-ennen\/\" \/>\n<meta property=\"og:site_name\" content=\"Cityklinikka\" \/>\n<meta property=\"article:publisher\" content=\"https:\/\/www.facebook.com\/Klinikka\" \/>\n<meta property=\"og:image\" content=\"https:\/\/ckl.fi\/wp-content\/uploads\/2017\/12\/cropped-CITYKLINIKKA-neli\u00f6.jpg\" \/>\n\t<meta property=\"og:image:width\" content=\"512\" \/>\n\t<meta property=\"og:image:height\" content=\"512\" \/>\n\t<meta property=\"og:image:type\" content=\"image\/jpeg\" \/>\n<meta name=\"twitter:card\" content=\"summary_large_image\" \/>\n<meta name=\"twitter:site\" content=\"@cityklinikka\" \/>\n<meta name=\"twitter:label1\" content=\"Est. reading time\" \/>\n\t<meta name=\"twitter:data1\" content=\"1 minute\" \/>\n<script type=\"application\/ld+json\" class=\"yoast-schema-graph\">{\"@context\":\"https:\/\/schema.org\",\"@graph\":[{\"@type\":\"WebPage\",\"@id\":\"https:\/\/ckl.fi\/en\/rasvansiirto-kasvoihin-ennen\/\",\"url\":\"https:\/\/ckl.fi\/en\/rasvansiirto-kasvoihin-ennen\/\",\"name\":\"Kotihoito-ohje | Ennen kasvojen rasvansiirtoa, Cityklinikka\",\"isPartOf\":{\"@id\":\"https:\/\/ckl.fi\/#website\"},\"datePublished\":\"2024-04-02T13:23:44+00:00\",\"description\":\"Kasvojen rasvansiirto voidaan tehd\u00e4 paikallispuudutuksessa Helsingin tai Turun Cityklinikalla. Lue valmistautumisohjeet t\u00e4\u00e4ll\u00e4.\",\"breadcrumb\":{\"@id\":\"https:\/\/ckl.fi\/en\/rasvansiirto-kasvoihin-ennen\/#breadcrumb\"},\"inLanguage\":\"en-US\",\"potentialAction\":[{\"@type\":\"ReadAction\",\"target\":[\"https:\/\/ckl.fi\/en\/rasvansiirto-kasvoihin-ennen\/\"]}]},{\"@type\":\"BreadcrumbList\",\"@id\":\"https:\/\/ckl.fi\/en\/rasvansiirto-kasvoihin-ennen\/#breadcrumb\",\"itemListElement\":[{\"@type\":\"ListItem\",\"position\":1,\"name\":\"Home\",\"item\":\"https:\/\/ckl.fi\/en\/\"},{\"@type\":\"ListItem\",\"position\":2,\"name\":\"Before fat transfer\"}]},{\"@type\":\"WebSite\",\"@id\":\"https:\/\/ckl.fi\/#website\",\"url\":\"https:\/\/ckl.fi\/\",\"name\":\"Cityklinikka\",\"description\":\"Esteettiset hoidot\",\"potentialAction\":[{\"@type\":\"SearchAction\",\"target\":{\"@type\":\"EntryPoint\",\"urlTemplate\":\"https:\/\/ckl.fi\/?s={search_term_string}\"},\"query-input\":{\"@type\":\"PropertyValueSpecification\",\"valueRequired\":true,\"valueName\":\"search_term_string\"}}],\"inLanguage\":\"en-US\"}]}<\/script>\n<!-- \/ Yoast SEO plugin. -->","yoast_head_json":{"title":"Kotihoito-ohje | Ennen kasvojen rasvansiirtoa, Cityklinikka","description":"Kasvojen rasvansiirto voidaan tehd\u00e4 paikallispuudutuksessa Helsingin tai Turun Cityklinikalla. Lue valmistautumisohjeet t\u00e4\u00e4ll\u00e4.","robots":{"index":"index","follow":"follow","max-snippet":"max-snippet:-1","max-image-preview":"max-image-preview:large","max-video-preview":"max-video-preview:-1"},"canonical":"https:\/\/ckl.fi\/en\/rasvansiirto-kasvoihin-ennen\/","og_locale":"en_US","og_type":"article","og_title":"Kotihoito-ohje | Ennen kasvojen rasvansiirtoa, Cityklinikka","og_description":"Kasvojen rasvansiirto voidaan tehd\u00e4 paikallispuudutuksessa Helsingin tai Turun Cityklinikalla. Lue valmistautumisohjeet t\u00e4\u00e4ll\u00e4.","og_url":"https:\/\/ckl.fi\/en\/rasvansiirto-kasvoihin-ennen\/","og_site_name":"Cityklinikka","article_publisher":"https:\/\/www.facebook.com\/Klinikka","og_image":[{"width":512,"height":512,"url":"https:\/\/ckl.fi\/wp-content\/uploads\/2017\/12\/cropped-CITYKLINIKKA-neli\u00f6.jpg","type":"image\/jpeg"}],"twitter_card":"summary_large_image","twitter_site":"@cityklinikka","twitter_misc":{"Est. reading time":"1 minute"},"schema":{"@context":"https:\/\/schema.org","@graph":[{"@type":"WebPage","@id":"https:\/\/ckl.fi\/en\/rasvansiirto-kasvoihin-ennen\/","url":"https:\/\/ckl.fi\/en\/rasvansiirto-kasvoihin-ennen\/","name":"Kotihoito-ohje | Ennen kasvojen rasvansiirtoa, Cityklinikka","isPartOf":{"@id":"https:\/\/ckl.fi\/#website"},"datePublished":"2024-04-02T13:23:44+00:00","description":"Kasvojen rasvansiirto voidaan tehd\u00e4 paikallispuudutuksessa Helsingin tai Turun Cityklinikalla. Lue valmistautumisohjeet t\u00e4\u00e4ll\u00e4.","breadcrumb":{"@id":"https:\/\/ckl.fi\/en\/rasvansiirto-kasvoihin-ennen\/#breadcrumb"},"inLanguage":"en-US","potentialAction":[{"@type":"ReadAction","target":["https:\/\/ckl.fi\/en\/rasvansiirto-kasvoihin-ennen\/"]}]},{"@type":"BreadcrumbList","@id":"https:\/\/ckl.fi\/en\/rasvansiirto-kasvoihin-ennen\/#breadcrumb","itemListElement":[{"@type":"ListItem","position":1,"name":"Home","item":"https:\/\/ckl.fi\/en\/"},{"@type":"ListItem","position":2,"name":"Before fat transfer"}]},{"@type":"WebSite","@id":"https:\/\/ckl.fi\/#website","url":"https:\/\/ckl.fi\/","name":"Cityklinikka","description":"Esteettiset hoidot","potentialAction":[{"@type":"SearchAction","target":{"@type":"EntryPoint","urlTemplate":"https:\/\/ckl.fi\/?s={search_term_string}"},"query-input":{"@type":"PropertyValueSpecification","valueRequired":true,"valueName":"search_term_string"}}],"inLanguage":"en-US"}]}},"_links":{"self":[{"href":"https:\/\/ckl.fi\/en\/wp-json\/wp\/v2\/pages\/24128","targetHints":{"allow":["GET"]}}],"collection":[{"href":"https:\/\/ckl.fi\/en\/wp-json\/wp\/v2\/pages"}],"about":[{"href":"https:\/\/ckl.fi\/en\/wp-json\/wp\/v2\/types\/page"}],"author":[{"embeddable":true,"href":"https:\/\/ckl.fi\/en\/wp-json\/wp\/v2\/users\/1"}],"replies":[{"embeddable":true,"href":"https:\/\/ckl.fi\/en\/wp-json\/wp\/v2\/comments?post=24128"}],"version-history":[{"count":2,"href":"https:\/\/ckl.fi\/en\/wp-json\/wp\/v2\/pages\/24128\/revisions"}],"predecessor-version":[{"id":24132,"href":"https:\/\/ckl.fi\/en\/wp-json\/wp\/v2\/pages\/24128\/revisions\/24132"}],"wp:attachment":[{"href":"https:\/\/ckl.fi\/en\/wp-json\/wp\/v2\/media?parent=24128"}],"curies":[{"name":"wp","href":"https:\/\/api.w.org\/{rel}","templated":true}]}}