{"id":21684,"date":"2023-07-03T10:53:07","date_gmt":"2023-07-03T07:53:07","guid":{"rendered":"https:\/\/ckl.fi\/?page_id=21684"},"modified":"2023-07-03T10:54:29","modified_gmt":"2023-07-03T07:54:29","slug":"tietosuojaseloste","status":"publish","type":"page","link":"https:\/\/ckl.fi\/en\/tietosuojaseloste\/","title":{"rendered":"Tietosuojaseloste"},"content":{"rendered":"<div id='av_section_1'  class='avia-section main_color avia-section-default avia-no-border-styling  avia-bg-style-scroll  avia-builder-el-0  el_before_av_section  avia-builder-el-first  privacy-styl  container_wrap fullsize' style='background-color: #e3ddd0;  '  ><div class='container' ><main  role=\"main\" itemprop=\"mainContentOfPage\"  class='template-page content  av-content-full alpha units'><div class='post-entry post-entry-type-page post-entry-21684'><div class='entry-content-wrapper clearfix'>\n<div class=\"flex_column  av_one_full  flex_column_div av-zero-column-padding first  avia-builder-el-1  avia-builder-el-no-sibling  \" style='border-radius:0px; '><div class=\"innerFlexColumn\"><section class=\"av_textblock_section \"  itemscope=\"itemscope\" itemtype=\"https:\/\/schema.org\/CreativeWork\" ><div class='avia_textblock  '   itemprop=\"text\" ><h2 style=\"text-align: center;\">TIETOTILINP\u00c4\u00c4T\u00d6S, TIETOSUOJASELOSTEET,<br \/>\nEV\u00c4STEET<\/h2>\n<\/div><\/section><\/div><\/div>\n\n<\/div><\/div><\/main><!-- close content main element --><\/div><\/div><div id='av_section_2'  class='avia-section main_color avia-section-default avia-no-shadow  avia-bg-style-scroll  avia-builder-el-3  el_after_av_section  el_before_av_section  privacy-styl privacy-bg  container_wrap fullsize' style='background-color: #e3ddd0;  '  ><div class='container' ><div class='template-page content  av-content-full alpha units'><div class='post-entry post-entry-type-page post-entry-21684'><div class='entry-content-wrapper clearfix'>\n<div class=\"flex_column  av_one_fourth  flex_column_div av-zero-column-padding first  avia-builder-el-4  el_before_av_one_fourth  avia-builder-el-first  privacy-margin col-lg invalid-custom-class-found col-md-6 col-sm-6 \" style='border-radius:0px; '><div class=\"innerFlexColumn\"><p><div  class='avia-image-container  av-styling-    avia-builder-el-5  el_before_av_textblock  avia-builder-el-first  avia-align-center '  itemprop=\"image\" itemscope=\"itemscope\" itemtype=\"https:\/\/schema.org\/ImageObject\"  ><div class='avia-image-container-inner'><div class='avia-image-overlay-wrap'><img class='avia_image' src='https:\/\/ckl.fi\/wp-content\/uploads\/2021\/05\/1.png' alt='' title='1' height=\"402\" width=\"259\"  itemprop=\"thumbnailUrl\"  \/><\/div><\/div><\/div><br \/>\n<section class=\"av_textblock_section \"  itemscope=\"itemscope\" itemtype=\"https:\/\/schema.org\/CreativeWork\" ><div class='avia_textblock  '   itemprop=\"text\" ><h3 style=\"text-align: center;\"><a href=\"https:\/\/ckl.fi\/wp-content\/uploads\/2023\/07\/DATA-PRIVACY-STATEMENT-engl.-.pdf\">DATA PRIVACY STATEMENT<\/a><\/h3>\n<\/div><\/section><\/p><\/div><\/div><div class=\"flex_column  av_one_fourth  flex_column_div av-zero-column-padding   avia-builder-el-7  el_after_av_one_fourth  el_before_av_one_fourth  invalid-custom-class-found privacy-margin col-lg invalid-custom-class-found col-md-6 col-sm-6 \" style='border-radius:0px; '><div class=\"innerFlexColumn\"><p><div  class='avia-image-container  av-styling-    avia-builder-el-8  el_before_av_textblock  avia-builder-el-first  avia-align-center '  itemprop=\"image\" itemscope=\"itemscope\" itemtype=\"https:\/\/schema.org\/ImageObject\"  ><div class='avia-image-container-inner'><div class='avia-image-overlay-wrap'><img class='avia_image' src='https:\/\/ckl.fi\/wp-content\/uploads\/2021\/05\/2.png' alt='' title='2' height=\"402\" width=\"259\"  itemprop=\"thumbnailUrl\"  \/><\/div><\/div><\/div><br \/>\n<section class=\"av_textblock_section \"  itemscope=\"itemscope\" itemtype=\"https:\/\/schema.org\/CreativeWork\" ><div class='avia_textblock  '   itemprop=\"text\" ><h3 style=\"text-align: center;\"><a href=\"https:\/\/ckl.fi\/wp-content\/uploads\/2023\/07\/PRIVACY-POLICY-engl..pdf\">PRIVACY POLICY<\/a><\/h3>\n<\/div><\/section><\/p><\/div><\/div><div class=\"flex_column  av_one_fourth  flex_column_div av-zero-column-padding   avia-builder-el-10  el_after_av_one_fourth  el_before_av_one_fourth  invalid-custom-class-found privacy-margin col-lg invalid-custom-class-found col-md-6 col-sm-6 \" style='border-radius:0px; '><div class=\"innerFlexColumn\"><p><div  class='avia-image-container  av-styling-    avia-builder-el-11  el_before_av_textblock  avia-builder-el-first  avia-align-center '  itemprop=\"image\" itemscope=\"itemscope\" itemtype=\"https:\/\/schema.org\/ImageObject\"  ><div class='avia-image-container-inner'><div class='avia-image-overlay-wrap'><img class='avia_image' src='https:\/\/ckl.fi\/wp-content\/uploads\/2021\/05\/3.png' alt='' title='3' height=\"402\" width=\"259\"  itemprop=\"thumbnailUrl\"  \/><\/div><\/div><\/div><br \/>\n<section class=\"av_textblock_section \"  itemscope=\"itemscope\" itemtype=\"https:\/\/schema.org\/CreativeWork\" ><div class='avia_textblock  '   itemprop=\"text\" ><h3 style=\"text-align: center;\"><a href=\"https:\/\/ckl.fi\/wp-content\/uploads\/2023\/07\/PRIVACY-POLICY-FOR-DIGITAL-COMMUNICATION-engl..pdf\">PRIVACY POLICY FOR DIGITAL COMMUNICATION<\/a><\/h3>\n<\/div><\/section><\/p><\/div><\/div><div class=\"flex_column  av_one_fourth  flex_column_div av-zero-column-padding   avia-builder-el-13  el_after_av_one_fourth  avia-builder-el-last  invalid-custom-class-found privacy-margin col-lg invalid-custom-class-found col-md-6 col-sm-6 \" style='border-radius:0px; '><div class=\"innerFlexColumn\"><p><div  class='avia-image-container  av-styling-    avia-builder-el-14  el_before_av_textblock  avia-builder-el-first  avia-align-center '  itemprop=\"image\" itemscope=\"itemscope\" itemtype=\"https:\/\/schema.org\/ImageObject\"  ><div class='avia-image-container-inner'><div class='avia-image-overlay-wrap'><img class='avia_image' src='https:\/\/ckl.fi\/wp-content\/uploads\/2021\/05\/4.png' alt='' title='4' height=\"402\" width=\"259\"  itemprop=\"thumbnailUrl\"  \/><\/div><\/div><\/div><br \/>\n<section class=\"av_textblock_section \"  itemscope=\"itemscope\" itemtype=\"https:\/\/schema.org\/CreativeWork\" ><div class='avia_textblock  '   itemprop=\"text\" ><h3 style=\"text-align: center;\"><a href=\"https:\/\/www.fonecta.fi\/ehdot-ja-tietosuoja\/evasteet\">FONECTA<\/a><br \/>\n<a href=\"https:\/\/www.fonecta.fi\/ehdot-ja-tietosuoja\/evasteet\">COOKIE POLICY<\/a><\/h3>\n<\/div><\/section><\/p><\/div><\/div><\/div><\/div><\/div><!-- close content main div --><\/div><\/div><div id='av_section_3'  class='avia-section main_color avia-section-default avia-no-border-styling  avia-bg-style-scroll  avia-builder-el-16  el_after_av_section  avia-builder-el-last  privacy-styl  container_wrap fullsize' style='background-color: #121212;  '  ><div class='container' ><div class='template-page content  av-content-full alpha units'><div class='post-entry post-entry-type-page post-entry-21684'><div class='entry-content-wrapper clearfix'>\n<div class=\"flex_column  av_one_full  flex_column_div av-zero-column-padding first  avia-builder-el-17  avia-builder-el-no-sibling  privacy-styl1 col-md-8 offset-md-2 \" style='border-radius:0px; '><div class=\"innerFlexColumn\"><form action=\"https:\/\/ckl.fi\/en\/tietosuojaseloste\/\" method=\"post\"  class=\"avia_ajax_form av-form-labels-hidden   avia-builder-el-18  avia-builder-el-no-sibling   \" data-avia-form-id=\"1\" data-avia-redirect='' ><h3 class=''>Digiviestinn\u00e4n tietosuojaa koskevat yhteydenotot<\/h3><fieldset><p class='  first_form  form_element form_fullwidth' id='element_avia_1_1'><label for=\"avia_1_1\">Nimi <abbr class=\"required\" title=\"required\">*<\/abbr><\/label> <input name=\"avia_1_1\" class=\"text_input is_empty\" type=\"text\" id=\"avia_1_1\" value=\"\"  placeholder='Nimi*'\/><\/p><p class='  first_form  form_element form_fullwidth' id='element_avia_2_1'><label for=\"avia_2_1\">S\u00e4hk\u00f6postiosoite <abbr class=\"required\" title=\"required\">*<\/abbr><\/label> <input name=\"avia_2_1\" class=\"text_input is_email\" type=\"text\" id=\"avia_2_1\" value=\"\"  placeholder='S\u00e4hk\u00f6postiosoite*'\/><\/p><p class='  first_form  form_element form_fullwidth' id='element_avia_3_1'><label for=\"avia_3_1\">Aihe <abbr class=\"required\" title=\"required\">*<\/abbr><\/label> <input name=\"avia_3_1\" class=\"text_input is_empty\" type=\"text\" id=\"avia_3_1\" value=\"\"  placeholder='Aihe*'\/><\/p><p class='  first_form  form_element form_fullwidth av-last-visible-form-element' id='element_avia_4_1'><label for=\"avia_4_1\" class=\"textare_label hidden textare_label_avia_4_1\">Viesti <abbr class=\"required\" title=\"required\">*<\/abbr><\/label><textarea  placeholder='Viesti*' name=\"avia_4_1\" class=\"text_area is_empty\" cols=\"40\" rows=\"7\" id=\"avia_4_1\" ><\/textarea><\/p><p class=\"hidden\"><input type=\"text\" name=\"avia_5_1\" class=\"hidden \" id=\"avia_5_1\" value=\"\" \/><\/p><p class=\"form_element \"><input type=\"hidden\" value=\"1\" name=\"avia_generated_form1\" \/><input type=\"submit\" value=\"L\u00e4het\u00e4\" class=\"button\"  data-sending-label=\"Sending\"\/><\/p><\/fieldset><\/form><div id=\"ajaxresponse_1\" class=\"ajaxresponse ajaxresponse_1 hidden\"><\/div><\/div><\/div>\n<\/p>\n","protected":false},"excerpt":{"rendered":"","protected":false},"author":11,"featured_media":0,"parent":0,"menu_order":0,"comment_status":"closed","ping_status":"closed","template":"","meta":{"_acf_changed":false,"inline_featured_image":false,"footnotes":""},"class_list":["post-21684","page","type-page","status-publish","hentry"],"acf":[],"yoast_head":"<!-- This site is optimized with the Yoast SEO plugin v25.6 - https:\/\/yoast.com\/wordpress\/plugins\/seo\/ -->\n<title>Tietosuojaseloste | Cityklinikka<\/title>\n<meta name=\"robots\" content=\"index, follow, max-snippet:-1, max-image-preview:large, max-video-preview:-1\" \/>\n<link rel=\"canonical\" href=\"https:\/\/ckl.fi\/en\/tietosuojaseloste\/\" \/>\n<meta property=\"og:locale\" content=\"en_US\" \/>\n<meta property=\"og:type\" content=\"article\" \/>\n<meta property=\"og:title\" content=\"Tietosuojaseloste | Cityklinikka\" \/>\n<meta property=\"og:url\" content=\"https:\/\/ckl.fi\/en\/tietosuojaseloste\/\" \/>\n<meta property=\"og:site_name\" content=\"Cityklinikka\" \/>\n<meta property=\"article:publisher\" content=\"https:\/\/www.facebook.com\/Klinikka\" \/>\n<meta property=\"article:modified_time\" content=\"2023-07-03T07:54:29+00:00\" \/>\n<meta property=\"og:image\" content=\"https:\/\/ckl.fi\/wp-content\/uploads\/2017\/12\/cropped-CITYKLINIKKA-neli\u00f6.jpg\" \/>\n\t<meta property=\"og:image:width\" content=\"512\" \/>\n\t<meta property=\"og:image:height\" content=\"512\" \/>\n\t<meta property=\"og:image:type\" content=\"image\/jpeg\" \/>\n<meta name=\"twitter:card\" content=\"summary_large_image\" \/>\n<meta name=\"twitter:site\" content=\"@cityklinikka\" \/>\n<meta name=\"twitter:label1\" content=\"Est. reading time\" \/>\n\t<meta name=\"twitter:data1\" content=\"4 minutes\" \/>\n<script type=\"application\/ld+json\" class=\"yoast-schema-graph\">{\"@context\":\"https:\/\/schema.org\",\"@graph\":[{\"@type\":\"WebPage\",\"@id\":\"https:\/\/ckl.fi\/en\/tietosuojaseloste\/\",\"url\":\"https:\/\/ckl.fi\/en\/tietosuojaseloste\/\",\"name\":\"Tietosuojaseloste | Cityklinikka\",\"isPartOf\":{\"@id\":\"https:\/\/ckl.fi\/#website\"},\"datePublished\":\"2023-07-03T07:53:07+00:00\",\"dateModified\":\"2023-07-03T07:54:29+00:00\",\"breadcrumb\":{\"@id\":\"https:\/\/ckl.fi\/en\/tietosuojaseloste\/#breadcrumb\"},\"inLanguage\":\"en-US\",\"potentialAction\":[{\"@type\":\"ReadAction\",\"target\":[\"https:\/\/ckl.fi\/en\/tietosuojaseloste\/\"]}]},{\"@type\":\"BreadcrumbList\",\"@id\":\"https:\/\/ckl.fi\/en\/tietosuojaseloste\/#breadcrumb\",\"itemListElement\":[{\"@type\":\"ListItem\",\"position\":1,\"name\":\"Home\",\"item\":\"https:\/\/ckl.fi\/en\/front-page\/\"},{\"@type\":\"ListItem\",\"position\":2,\"name\":\"Tietosuojaseloste\"}]},{\"@type\":\"WebSite\",\"@id\":\"https:\/\/ckl.fi\/#website\",\"url\":\"https:\/\/ckl.fi\/\",\"name\":\"Cityklinikka\",\"description\":\"Esteettiset hoidot\",\"potentialAction\":[{\"@type\":\"SearchAction\",\"target\":{\"@type\":\"EntryPoint\",\"urlTemplate\":\"https:\/\/ckl.fi\/?s={search_term_string}\"},\"query-input\":{\"@type\":\"PropertyValueSpecification\",\"valueRequired\":true,\"valueName\":\"search_term_string\"}}],\"inLanguage\":\"en-US\"}]}<\/script>\n<!-- \/ Yoast SEO plugin. -->","yoast_head_json":{"title":"Tietosuojaseloste | Cityklinikka","robots":{"index":"index","follow":"follow","max-snippet":"max-snippet:-1","max-image-preview":"max-image-preview:large","max-video-preview":"max-video-preview:-1"},"canonical":"https:\/\/ckl.fi\/en\/tietosuojaseloste\/","og_locale":"en_US","og_type":"article","og_title":"Tietosuojaseloste | Cityklinikka","og_url":"https:\/\/ckl.fi\/en\/tietosuojaseloste\/","og_site_name":"Cityklinikka","article_publisher":"https:\/\/www.facebook.com\/Klinikka","article_modified_time":"2023-07-03T07:54:29+00:00","og_image":[{"width":512,"height":512,"url":"https:\/\/ckl.fi\/wp-content\/uploads\/2017\/12\/cropped-CITYKLINIKKA-neli\u00f6.jpg","type":"image\/jpeg"}],"twitter_card":"summary_large_image","twitter_site":"@cityklinikka","twitter_misc":{"Est. reading time":"4 minutes"},"schema":{"@context":"https:\/\/schema.org","@graph":[{"@type":"WebPage","@id":"https:\/\/ckl.fi\/en\/tietosuojaseloste\/","url":"https:\/\/ckl.fi\/en\/tietosuojaseloste\/","name":"Tietosuojaseloste | Cityklinikka","isPartOf":{"@id":"https:\/\/ckl.fi\/#website"},"datePublished":"2023-07-03T07:53:07+00:00","dateModified":"2023-07-03T07:54:29+00:00","breadcrumb":{"@id":"https:\/\/ckl.fi\/en\/tietosuojaseloste\/#breadcrumb"},"inLanguage":"en-US","potentialAction":[{"@type":"ReadAction","target":["https:\/\/ckl.fi\/en\/tietosuojaseloste\/"]}]},{"@type":"BreadcrumbList","@id":"https:\/\/ckl.fi\/en\/tietosuojaseloste\/#breadcrumb","itemListElement":[{"@type":"ListItem","position":1,"name":"Home","item":"https:\/\/ckl.fi\/en\/front-page\/"},{"@type":"ListItem","position":2,"name":"Tietosuojaseloste"}]},{"@type":"WebSite","@id":"https:\/\/ckl.fi\/#website","url":"https:\/\/ckl.fi\/","name":"Cityklinikka","description":"Esteettiset hoidot","potentialAction":[{"@type":"SearchAction","target":{"@type":"EntryPoint","urlTemplate":"https:\/\/ckl.fi\/?s={search_term_string}"},"query-input":{"@type":"PropertyValueSpecification","valueRequired":true,"valueName":"search_term_string"}}],"inLanguage":"en-US"}]}},"_links":{"self":[{"href":"https:\/\/ckl.fi\/en\/wp-json\/wp\/v2\/pages\/21684","targetHints":{"allow":["GET"]}}],"collection":[{"href":"https:\/\/ckl.fi\/en\/wp-json\/wp\/v2\/pages"}],"about":[{"href":"https:\/\/ckl.fi\/en\/wp-json\/wp\/v2\/types\/page"}],"author":[{"embeddable":true,"href":"https:\/\/ckl.fi\/en\/wp-json\/wp\/v2\/users\/11"}],"replies":[{"embeddable":true,"href":"https:\/\/ckl.fi\/en\/wp-json\/wp\/v2\/comments?post=21684"}],"version-history":[{"count":5,"href":"https:\/\/ckl.fi\/en\/wp-json\/wp\/v2\/pages\/21684\/revisions"}],"predecessor-version":[{"id":21706,"href":"https:\/\/ckl.fi\/en\/wp-json\/wp\/v2\/pages\/21684\/revisions\/21706"}],"wp:attachment":[{"href":"https:\/\/ckl.fi\/en\/wp-json\/wp\/v2\/media?parent=21684"}],"curies":[{"name":"wp","href":"https:\/\/api.w.org\/{rel}","templated":true}]}}