{"id":19133,"date":"2022-05-20T15:01:07","date_gmt":"2022-05-20T12:01:07","guid":{"rendered":"https:\/\/ckl.fi\/?page_id=19133"},"modified":"2022-09-20T13:53:05","modified_gmt":"2022-09-20T10:53:05","slug":"before-and-after","status":"publish","type":"page","link":"https:\/\/ckl.fi\/en\/before-and-after\/","title":{"rendered":"Before and After"},"content":{"rendered":"<div id='av_section_1'  class='avia-section main_color avia-section-default avia-no-border-styling  avia-bg-style-scroll  avia-builder-el-0  el_before_av_section  avia-builder-el-first  before-after-bg  container_wrap fullsize' style=' '  ><div class='container' ><main  role=\"main\" itemprop=\"mainContentOfPage\"  class='template-page content  av-content-full alpha units'><div class='post-entry post-entry-type-page post-entry-19133'><div class='entry-content-wrapper clearfix'>\n<div class=\"flex_column  av_one_full  flex_column_div av-zero-column-padding first  avia-builder-el-1  avia-builder-el-no-sibling  before-after-sec1 \" style='border-radius:0px; '><div class=\"innerFlexColumn\"><p><div  style='padding-bottom:10px; ' class='av-special-heading av-special-heading-h1  blockquote modern-quote modern-centered  avia-builder-el-2  el_before_av_textblock  avia-builder-el-first  before-h1 '><h1 class='av-special-heading-tag '  itemprop=\"headline\"  >Before and after<\/h1><div class='special-heading-border'><div class='special-heading-inner-border' ><\/div><\/div><\/div><br \/>\n<section class=\"av_textblock_section \"  itemscope=\"itemscope\" itemtype=\"https:\/\/schema.org\/CreativeWork\" ><div class='avia_textblock before-after-p '   itemprop=\"text\" ><p style=\"text-align: center;\">Get a closer look on our work portfolio!<\/p>\n<p style=\"text-align: center;\">Selaa ennen ja j\u00e4lkeen -kuvia n\u00e4hd\u00e4ksesi toimenpiteittemme tuloksia.<\/p>\n<p style=\"text-align: center;\">You can find more before and after photos on our <a href=\"https:\/\/www.instagram.com\/cityklinikka\/\">Instagram!<\/a><\/p>\n<\/div><\/section><\/p><\/div><\/div><\/div><\/div><\/main><!-- close content main element --><\/div><\/div><div id='av_section_2'  class='avia-section main_color avia-section-default avia-no-border-styling  avia-bg-style-scroll  avia-builder-el-4  el_after_av_section  avia-builder-el-last  before-after-style  container_wrap fullsize' style='background-color: #121212;  '  ><div class='container' ><div class='template-page content  av-content-full alpha units'><div class='post-entry post-entry-type-page post-entry-19133'><div class='entry-content-wrapper clearfix'>\n<div class=\"flex_column  av_one_full  flex_column_div av-zero-column-padding first  avia-builder-el-5  el_before_av_one_full  avia-builder-el-first  \" style='border-radius:0px; '><div class=\"innerFlexColumn\"><section class=\"av_textblock_section \"  itemscope=\"itemscope\" itemtype=\"https:\/\/schema.org\/CreativeWork\" ><div class='avia_textblock  '   itemprop=\"text\" ><h1 style=\"text-align: center;\">Select a procedure<\/h1>\n<\/div><\/section><br \/>\n<section class=\"av_textblock_section \"  itemscope=\"itemscope\" itemtype=\"https:\/\/schema.org\/CreativeWork\" ><div class='avia_textblock photo-desc av_inherit_color '  style='color:#ffffff; '  itemprop=\"text\" ><p style=\"text-align: center;\">Select the desired procedure category from the drop-down menu. Use the arrows at the side of the page or swipe right or left to scroll through more images.<\/p>\n<\/div><\/section><\/p><\/div><\/div><div class=\"flex_column  av_one_full  flex_column_div av-zero-column-padding first  avia-builder-el-8  el_after_av_one_full  avia-builder-el-last  before-after-carusel-styl column-top-margin\" style='border-radius:0px; '><div class=\"innerFlexColumn\"><section class=\"av_textblock_section \"  itemscope=\"itemscope\" itemtype=\"https:\/\/schema.org\/CreativeWork\" ><div class='avia_textblock  '   itemprop=\"text\" ><form class=\"form-inline2\" id=\"beforeandafterform\">\n         <div class=\"row\">\n         <div class=\"col-md-6 offset-md-3\">\n              <div class=\"form-group\">\n                        <select class=\"form-control\" id=\"selectBeforeCategory\"><option value=\"kaikkiennenjajalkeen-en\" >OPEN THE WORK SAMPLE GALLERY<\/option><option value=\"kasvot-en\" >Face<\/option><option value=\"botuliinihoidot-en\" >&nbsp;&nbsp;- Botulinum treatments<\/option><option value=\"huultenmuotoilu-en\" >&nbsp;&nbsp;- Lip shaping and filling<\/option><option value=\"kasvojenlaitehoidot-en\" >&nbsp;&nbsp;- Facial device treatments<\/option><option value=\"tayteainehoidot-en\" >&nbsp;&nbsp;- Fillers<\/option><option value=\"vartalo-en\" >Body<\/option><option value=\"laserhoidotennenjajalkeen-en\" >&nbsp;&nbsp;- Laser treatments<\/option><option value=\"fractat-tatuoinninpoisto-en\" >&nbsp;&nbsp;- FracTat\u2122 tattoo removal<\/option><option value=\"csennenjajalkeen-en\" >&nbsp;&nbsp;- CoolSculpting<\/option><option value=\"plastiikkakirurgia-en\" >Plastic surgery<\/option><option value=\"neck-platysmaplasty\" >&nbsp;&nbsp;- Neck platysmaplasty<\/option><option value=\"rintaleikkausennenjajalkeenanatominen-en\" >&nbsp;&nbsp;- Breast surgery \u2014 anatomic implant<\/option><option value=\"rintaleikkausennenjajalkeenpyorea-en\" >&nbsp;&nbsp;- Breast surgery \u2014 round implant<\/option><option value=\"silmaluomileikkausennenjajalkeen-en\" >&nbsp;&nbsp;- Eyelid surgeries<\/option><option value=\"kasvojenkohotus-en\" >&nbsp;&nbsp;- Facelift<\/option><option value=\"rasvansiirtokasvoihin-en\" >&nbsp;&nbsp;- Fat transfer to the face &amp; facial area implants<\/option><option value=\"necktite-kaulankohotus-en\" >&nbsp;&nbsp;- NeckTite neck lift<\/option><option value=\"kasien-nuorennushoidot-en\" >&nbsp;&nbsp;- Hand rejuvenation treatments<\/option><option value=\"selkaplastiaennenjajalkeen-en\" >&nbsp;&nbsp;- Backplasty<\/option><option value=\"kasivarsiplastiaennenjajalkeen-en\" >&nbsp;&nbsp;- Upper armplasty<\/option><option value=\"rinnatkohotusennenjajalkeen-en\" >&nbsp;&nbsp;- Breast lift surgery<\/option><option value=\"abdominoplastiaennenjajalkeen-en\" >&nbsp;&nbsp;- Abdominoplasty<\/option><option value=\"rasvaimuennenjajalkeen-en\" >&nbsp;&nbsp;- Liposuction<\/option><option value=\"leukaimplantti-en\" >&nbsp;&nbsp;- Jaw implant<\/option><option value=\"sisareisiplastiaennenjajalkeen-en\" >&nbsp;&nbsp;- Inner thighplasty<\/option><option value=\"hiustensiirrotbjaa-en\" >&nbsp;&nbsp;- Hair transplantation<\/option><\/select>\n                    <\/div>\n        <\/div>\n        <\/div>\n        <\/form>\n        <div class=\"container-fluid \">\n        <div class=\"row\">\n            <div class=\"col-md-12 text-center\" id=\"beforeafterCarusel\" style=\"color:#fff;\">\n            Kuvia ladataan..Mik\u00e4li kuvat ei lataudu, kokeile p\u00e4ivitt\u00e4\u00e4 sivu.\n            <\/div>\n        <\/div>\n        <\/div>\n<\/div><\/section><\/div><\/div><\/p>\n","protected":false},"excerpt":{"rendered":"","protected":false},"author":1,"featured_media":0,"parent":0,"menu_order":0,"comment_status":"closed","ping_status":"closed","template":"","meta":{"_acf_changed":false,"inline_featured_image":false,"footnotes":""},"class_list":["post-19133","page","type-page","status-publish","hentry"],"acf":[],"yoast_head":"<!-- This site is optimized with the Yoast SEO plugin v25.6 - https:\/\/yoast.com\/wordpress\/plugins\/seo\/ -->\n<title>Before and after | Cityklinikka, +358 (0)201 777 288<\/title>\n<meta name=\"description\" content=\"Before and after: face, skin, breasts, body. Book an appointment for a free consultation! helsinki@cityklinikka.fi \u2014 0201 777 288\" \/>\n<meta name=\"robots\" content=\"index, follow, max-snippet:-1, max-image-preview:large, max-video-preview:-1\" \/>\n<link rel=\"canonical\" href=\"https:\/\/ckl.fi\/ennen-ja-jalkeen\/\" \/>\n<meta property=\"og:locale\" content=\"en_US\" \/>\n<meta property=\"og:type\" content=\"article\" \/>\n<meta property=\"og:title\" content=\"Before and after | Cityklinikka, +358 (0)201 777 288\" \/>\n<meta property=\"og:description\" content=\"Before and after: face, skin, breasts, body. Book an appointment for a free consultation! helsinki@cityklinikka.fi \u2014 0201 777 288\" \/>\n<meta property=\"og:url\" content=\"https:\/\/ckl.fi\/ennen-ja-jalkeen\/\" \/>\n<meta property=\"og:site_name\" content=\"Cityklinikka\" \/>\n<meta property=\"article:publisher\" content=\"https:\/\/www.facebook.com\/Klinikka\" \/>\n<meta property=\"article:modified_time\" content=\"2022-09-20T10:53:05+00:00\" \/>\n<meta property=\"og:image\" content=\"https:\/\/ckl.fi\/wp-content\/uploads\/2017\/12\/cropped-CITYKLINIKKA-neli\u00f6.jpg\" \/>\n\t<meta property=\"og:image:width\" content=\"512\" \/>\n\t<meta property=\"og:image:height\" content=\"512\" \/>\n\t<meta property=\"og:image:type\" content=\"image\/jpeg\" \/>\n<meta name=\"twitter:card\" content=\"summary_large_image\" \/>\n<meta name=\"twitter:site\" content=\"@cityklinikka\" \/>\n<meta name=\"twitter:label1\" content=\"Est. reading time\" \/>\n\t<meta name=\"twitter:data1\" content=\"2 minutes\" \/>\n<script type=\"application\/ld+json\" class=\"yoast-schema-graph\">{\"@context\":\"https:\/\/schema.org\",\"@graph\":[{\"@type\":\"WebPage\",\"@id\":\"https:\/\/ckl.fi\/ennen-ja-jalkeen\/\",\"url\":\"https:\/\/ckl.fi\/ennen-ja-jalkeen\/\",\"name\":\"Before and after | Cityklinikka, +358 (0)201 777 288\",\"isPartOf\":{\"@id\":\"https:\/\/ckl.fi\/#website\"},\"datePublished\":\"2022-05-20T12:01:07+00:00\",\"dateModified\":\"2022-09-20T10:53:05+00:00\",\"description\":\"Before and after: face, skin, breasts, body. Book an appointment for a free consultation! helsinki@cityklinikka.fi \u2014 0201 777 288\",\"breadcrumb\":{\"@id\":\"https:\/\/ckl.fi\/ennen-ja-jalkeen\/#breadcrumb\"},\"inLanguage\":\"en-US\",\"potentialAction\":[{\"@type\":\"ReadAction\",\"target\":[\"https:\/\/ckl.fi\/ennen-ja-jalkeen\/\"]}]},{\"@type\":\"BreadcrumbList\",\"@id\":\"https:\/\/ckl.fi\/ennen-ja-jalkeen\/#breadcrumb\",\"itemListElement\":[{\"@type\":\"ListItem\",\"position\":1,\"name\":\"Home\",\"item\":\"https:\/\/ckl.fi\/en\/\"},{\"@type\":\"ListItem\",\"position\":2,\"name\":\"Before and After\"}]},{\"@type\":\"WebSite\",\"@id\":\"https:\/\/ckl.fi\/#website\",\"url\":\"https:\/\/ckl.fi\/\",\"name\":\"Cityklinikka\",\"description\":\"Esteettiset hoidot\",\"potentialAction\":[{\"@type\":\"SearchAction\",\"target\":{\"@type\":\"EntryPoint\",\"urlTemplate\":\"https:\/\/ckl.fi\/?s={search_term_string}\"},\"query-input\":{\"@type\":\"PropertyValueSpecification\",\"valueRequired\":true,\"valueName\":\"search_term_string\"}}],\"inLanguage\":\"en-US\"}]}<\/script>\n<!-- \/ Yoast SEO plugin. -->","yoast_head_json":{"title":"Before and after | Cityklinikka, +358 (0)201 777 288","description":"Before and after: face, skin, breasts, body. Book an appointment for a free consultation! helsinki@cityklinikka.fi \u2014 0201 777 288","robots":{"index":"index","follow":"follow","max-snippet":"max-snippet:-1","max-image-preview":"max-image-preview:large","max-video-preview":"max-video-preview:-1"},"canonical":"https:\/\/ckl.fi\/ennen-ja-jalkeen\/","og_locale":"en_US","og_type":"article","og_title":"Before and after | Cityklinikka, +358 (0)201 777 288","og_description":"Before and after: face, skin, breasts, body. Book an appointment for a free consultation! helsinki@cityklinikka.fi \u2014 0201 777 288","og_url":"https:\/\/ckl.fi\/ennen-ja-jalkeen\/","og_site_name":"Cityklinikka","article_publisher":"https:\/\/www.facebook.com\/Klinikka","article_modified_time":"2022-09-20T10:53:05+00:00","og_image":[{"width":512,"height":512,"url":"https:\/\/ckl.fi\/wp-content\/uploads\/2017\/12\/cropped-CITYKLINIKKA-neli\u00f6.jpg","type":"image\/jpeg"}],"twitter_card":"summary_large_image","twitter_site":"@cityklinikka","twitter_misc":{"Est. reading time":"2 minutes"},"schema":{"@context":"https:\/\/schema.org","@graph":[{"@type":"WebPage","@id":"https:\/\/ckl.fi\/ennen-ja-jalkeen\/","url":"https:\/\/ckl.fi\/ennen-ja-jalkeen\/","name":"Before and after | Cityklinikka, +358 (0)201 777 288","isPartOf":{"@id":"https:\/\/ckl.fi\/#website"},"datePublished":"2022-05-20T12:01:07+00:00","dateModified":"2022-09-20T10:53:05+00:00","description":"Before and after: face, skin, breasts, body. Book an appointment for a free consultation! helsinki@cityklinikka.fi \u2014 0201 777 288","breadcrumb":{"@id":"https:\/\/ckl.fi\/ennen-ja-jalkeen\/#breadcrumb"},"inLanguage":"en-US","potentialAction":[{"@type":"ReadAction","target":["https:\/\/ckl.fi\/ennen-ja-jalkeen\/"]}]},{"@type":"BreadcrumbList","@id":"https:\/\/ckl.fi\/ennen-ja-jalkeen\/#breadcrumb","itemListElement":[{"@type":"ListItem","position":1,"name":"Home","item":"https:\/\/ckl.fi\/en\/"},{"@type":"ListItem","position":2,"name":"Before and After"}]},{"@type":"WebSite","@id":"https:\/\/ckl.fi\/#website","url":"https:\/\/ckl.fi\/","name":"Cityklinikka","description":"Esteettiset hoidot","potentialAction":[{"@type":"SearchAction","target":{"@type":"EntryPoint","urlTemplate":"https:\/\/ckl.fi\/?s={search_term_string}"},"query-input":{"@type":"PropertyValueSpecification","valueRequired":true,"valueName":"search_term_string"}}],"inLanguage":"en-US"}]}},"_links":{"self":[{"href":"https:\/\/ckl.fi\/en\/wp-json\/wp\/v2\/pages\/19133","targetHints":{"allow":["GET"]}}],"collection":[{"href":"https:\/\/ckl.fi\/en\/wp-json\/wp\/v2\/pages"}],"about":[{"href":"https:\/\/ckl.fi\/en\/wp-json\/wp\/v2\/types\/page"}],"author":[{"embeddable":true,"href":"https:\/\/ckl.fi\/en\/wp-json\/wp\/v2\/users\/1"}],"replies":[{"embeddable":true,"href":"https:\/\/ckl.fi\/en\/wp-json\/wp\/v2\/comments?post=19133"}],"version-history":[{"count":3,"href":"https:\/\/ckl.fi\/en\/wp-json\/wp\/v2\/pages\/19133\/revisions"}],"predecessor-version":[{"id":19135,"href":"https:\/\/ckl.fi\/en\/wp-json\/wp\/v2\/pages\/19133\/revisions\/19135"}],"wp:attachment":[{"href":"https:\/\/ckl.fi\/en\/wp-json\/wp\/v2\/media?parent=19133"}],"curies":[{"name":"wp","href":"https:\/\/api.w.org\/{rel}","templated":true}]}}